{"id":87,"date":"2019-12-08T21:04:27","date_gmt":"2019-12-09T00:04:27","guid":{"rendered":"https:\/\/uenf.br\/graduacao\/agronomia\/?page_id=87"},"modified":"2024-09-17T18:45:25","modified_gmt":"2024-09-17T21:45:25","slug":"estagios","status":"publish","type":"page","link":"https:\/\/uenf.br\/graduacao\/agronomia\/informacoes\/estagios\/","title":{"rendered":"Est\u00e1gio curricular"},"content":{"rendered":"<p>O est\u00e1gio curricular \u00e9 uma atividade de car\u00e1ter pedag\u00f3gico planejada, acompanhada e avaliada, que dever\u00e1 ser desenvolvida em ambiente de trabalho, visando \u00e0 prepara\u00e7\u00e3o do discente para o exerc\u00edcio profissional, em conson\u00e2ncia com a Lei n\u00ba 11.788 de 25 de setembro de 2008.<\/p>\n<p>O est\u00e1gio pode ser do tipo<strong> Est\u00e1gio Curricular Obrigat\u00f3rio<\/strong> (ECO), cujo cumprimento da carga hor\u00e1ria com a respectiva aprova\u00e7\u00e3o ser\u00e1 exig\u00eancia para obten\u00e7\u00e3o do diploma de Bacharel; ou <strong>Est\u00e1gio N\u00e3o Obrigat\u00f3rio<\/strong> (ENO), a ser desenvolvido como atividade opcional e complementar \u00e0 forma\u00e7\u00e3o do discente, acrescida \u00e0 carga hor\u00e1ria regular e obrigat\u00f3ria.<\/p>\n<p>Seguem informa\u00e7\u00f5es sobre est\u00e1gios curriculares:<\/p>\n<ul>\n<li>N\u00facleo de Est\u00e1gio da UENF\u00a0 &#8211; <a href=\"https:\/\/uenf.br\/reitoria\/nucest\/\" target=\"_blank\" rel=\"noopener\">clique aqui<\/a><\/li>\n<li>Orienta\u00e7\u00f5es gerais para a realiza\u00e7\u00e3o do est\u00e1gio obrigat\u00f3rio &#8211;\u00a0<a href=\"https:\/\/uenf.br\/reitoria\/nucest\/como-fazer-o-estagio\/\" target=\"_blank\" rel=\"noopener\">clique aqui<\/a><\/li>\n<li>Informa\u00e7\u00f5es de empresas conveniadas &#8211; <a href=\"https:\/\/uenf.br\/graduacao\/agronomia\/wp-content\/uploads\/sites\/5\/2022\/02\/Tabela-de-Convenios-em-Vigor.pdf\" target=\"_blank\" rel=\"noopener\">clique aqui<\/a><\/li>\n<\/ul>\n<p>Documentos para abertura do est\u00e1gio:<\/p>\n<ul>\n<li>Termo de compromisso de est\u00e1gio obrigat\u00f3rio &#8211; <a href=\"https:\/\/uenf.br\/graduacao\/agronomia\/wp-content\/uploads\/sites\/5\/2022\/02\/PRESENCIAL_Termo-de-Compromisso_OBRIGATORIO.pdf\" target=\"_blank\" rel=\"noopener\">clique aqui<\/a><\/li>\n<li>Termo de compromisso de est\u00e1gio n\u00e3o obrigat\u00f3rio &#8211; <a href=\"https:\/\/uenf.br\/graduacao\/agronomia\/wp-content\/uploads\/sites\/5\/2022\/02\/PRESENCIAL_Termo-de-Compromisso_NAO-OBRIGATORIO.pdf\" target=\"_blank\" rel=\"noopener\">clique aqui<\/a><\/li>\n<li>Termo de responsabilidade do concedente &#8211; <a href=\"https:\/\/uenf.br\/graduacao\/agronomia\/wp-content\/uploads\/sites\/5\/2022\/02\/Termo-responsabilidade-CONCEDENTE.pdf\" target=\"_blank\" rel=\"noopener\">clique aqui<\/a><\/li>\n<\/ul>\n<p>Documentos para finaliza\u00e7\u00e3o do est\u00e1gio:<\/p>\n<ul>\n<li>Normas para elabora\u00e7\u00e3o de relat\u00f3rio de est\u00e1gio &#8211; <a href=\"https:\/\/uenf.br\/graduacao\/agronomia\/wp-content\/uploads\/sites\/5\/2022\/02\/NORMAS-ELABORACAO-RELATORIO-DE-ESTAGIO-2019.pdf\" target=\"_blank\" rel=\"noopener\">clique aqui<\/a><\/li>\n<li>Modelo de relat\u00f3rio de est\u00e1gio &#8211; <a href=\"https:\/\/uenf.br\/graduacao\/agronomia\/wp-content\/uploads\/sites\/5\/2022\/02\/Modelo-relatorio-Bruna-2019.pdf\" target=\"_blank\" rel=\"noopener\">clique aqui<\/a><\/li>\n<\/ul>\n<p>Coordenadora: Profa. Luciana Aparecida Rodrigues &#8211; lua@uenf.br<\/p>\n<p>&nbsp;<\/p>\n","protected":false},"excerpt":{"rendered":"<p>O est\u00e1gio curricular \u00e9 uma atividade de car\u00e1ter pedag\u00f3gico planejada, acompanhada e avaliada, que dever\u00e1 ser desenvolvida em ambiente de&#8230;<\/p>\n","protected":false},"author":10,"featured_media":0,"parent":23,"menu_order":3,"comment_status":"closed","ping_status":"closed","template":"","meta":{"footnotes":""},"class_list":["post-87","page","type-page","status-publish","hentry"],"_links":{"self":[{"href":"https:\/\/uenf.br\/graduacao\/agronomia\/wp-json\/wp\/v2\/pages\/87","targetHints":{"allow":["GET"]}}],"collection":[{"href":"https:\/\/uenf.br\/graduacao\/agronomia\/wp-json\/wp\/v2\/pages"}],"about":[{"href":"https:\/\/uenf.br\/graduacao\/agronomia\/wp-json\/wp\/v2\/types\/page"}],"author":[{"embeddable":true,"href":"https:\/\/uenf.br\/graduacao\/agronomia\/wp-json\/wp\/v2\/users\/10"}],"replies":[{"embeddable":true,"href":"https:\/\/uenf.br\/graduacao\/agronomia\/wp-json\/wp\/v2\/comments?post=87"}],"version-history":[{"count":0,"href":"https:\/\/uenf.br\/graduacao\/agronomia\/wp-json\/wp\/v2\/pages\/87\/revisions"}],"up":[{"embeddable":true,"href":"https:\/\/uenf.br\/graduacao\/agronomia\/wp-json\/wp\/v2\/pages\/23"}],"wp:attachment":[{"href":"https:\/\/uenf.br\/graduacao\/agronomia\/wp-json\/wp\/v2\/media?parent=87"}],"curies":[{"name":"wp","href":"https:\/\/api.w.org\/{rel}","templated":true}]}}