{"id":97,"date":"2019-12-08T21:35:21","date_gmt":"2019-12-09T00:35:21","guid":{"rendered":"https:\/\/uenf.br\/graduacao\/agronomia\/?page_id=97"},"modified":"2025-08-26T17:49:04","modified_gmt":"2025-08-26T20:49:04","slug":"comissao-coordenadora","status":"publish","type":"page","link":"https:\/\/uenf.br\/graduacao\/agronomia\/comissao-coordenadora\/","title":{"rendered":"Comiss\u00e3o coordenadora"},"content":{"rendered":"<p>Informa\u00e7\u00f5es do Colegiado de Curso e N\u00facleo Docente Estruturante<\/p>\n<p><strong>Colegiado do Curso de Agronomia<\/strong><\/p>\n<p>O Colegiado de Curso \u00e9 o \u00f3rg\u00e3o executivo e deliberativo respons\u00e1vel pela supervis\u00e3o das atividades did\u00e1ticas do curso, incluindo a orienta\u00e7\u00e3o aos discentes para o cumprimento de suas obriga\u00e7\u00f5es e melhor aproveitamento dos estudos.<\/p>\n<p>O Colegiado do Curso de Agronomia \u00e9 composto por:<\/p>\n<ul>\n<li>Profa. Virginia Silva Carvalho (Coordenadora)<\/li>\n<li>Profa. Cl\u00e1udia Lopes Prins<\/li>\n<li>Prof. Daniel Gon\u00e7alves<\/li>\n<li>Prof. Gerson Adriano Silva<\/li>\n<li>Profa. Telma Nair Santana Pereira<\/li>\n<li>Kaio dos Santos Ribeiro Silva &#8211; (representante discente)<\/li>\n<\/ul>\n<p>Constituem atribui\u00e7\u00f5es do Colegiado de Curso:<br \/>\na) fazer cumprir os procedimentos administrativos para que se ajustem \u00e0s Normas da Gradua\u00e7\u00e3o da UENF;<br \/>\nb) gerir e supervisionar o funcionamento do curso conforme diretrizes estabelecidas no Projeto Pedag\u00f3gico do curso;<br \/>\nc) assessorar, quando for o caso, a C\u00e2mara de Gradua\u00e7\u00e3o no cumprimento de suas atribui\u00e7\u00f5es previstas nas Normas de Gradua\u00e7\u00e3o;<br \/>\nd) assessorar, quando for o caso, os Laborat\u00f3rios da UENF no planejamento, execu\u00e7\u00e3o, avalia\u00e7\u00e3o, modifica\u00e7\u00f5es e atualiza\u00e7\u00f5es de suas atividades de Gradua\u00e7\u00e3o;<br \/>\ne) propor, ao Conselho de Centro, o n\u00famero de vagas anual do Curso, estabelecido em fun\u00e7\u00e3o da disponibilidade de docentes e de recursos materiais;<br \/>\nf) apreciar os processos de transfer\u00eancia de discentes procedentes de outros Cursos de Gradua\u00e7\u00e3o da UENF e de outras Institui\u00e7\u00f5es do Pa\u00eds e do Exterior, a serem homologados pela C\u00e2mara de Gradua\u00e7\u00e3o;<br \/>\ng) apreciar os processos de convalida\u00e7\u00f5es, de aproveitamentos e de dispensas de conte\u00fado e carga hor\u00e1ria de disciplinas;<br \/>\nh) analisar os processos de revalida\u00e7\u00e3o de diplomas estrangeiros de Gradua\u00e7\u00e3o, conforme legisla\u00e7\u00e3o em vigor;<br \/>\ni) supervisionar a divulga\u00e7\u00e3o do Curso junto \u00e0 Comunidade externa, especialmente no que concerne aos discentes e estabelecimentos do ensino m\u00e9dio;<br \/>\nj) apreciar quaisquer solicita\u00e7\u00f5es de discentes, que estejam fora do prazo, explicitando sua opini\u00e3o em parecer circunstanciado a ser submetido \u00e0 C\u00e2mara de Gradua\u00e7\u00e3o.<\/p>\n<p><strong>N\u00facleo Docente Estruturante do Curso de Agronomia<\/strong><\/p>\n<p>O N\u00facleo Docente Estruturante (NDE) possui car\u00e1ter consultivo para acompanhamento do curso de gradua\u00e7\u00e3o, atuante no processo de concep\u00e7\u00e3o, consolida\u00e7\u00e3o e cont\u00ednua atualiza\u00e7\u00e3o do projeto pedag\u00f3gico do curso (PPC) visando a cont\u00ednua promo\u00e7\u00e3o de sua qualidade.<\/p>\n<p>O N\u00facleo Docente Estruturante do Curso de Agronomia \u00e9 composto por:<\/p>\n<ul>\n<li>Profa. Virginia Silva Carvalho (Presidente)<\/li>\n<li>Prof. Cl\u00e1udio Roberto Marciano<\/li>\n<li>Prof. Gerson Adriano Souza<\/li>\n<li>Prof. Manuel Vasquez Vidal Junior<\/li>\n<li>Prof. Paulo Marcelo de Souza<\/li>\n<\/ul>\n<p>Constituem atribui\u00e7\u00f5es do N\u00facleo Docente Estruturante do Curso:<\/p>\n<p>a) Elaborar, acompanhar e proceder a cont\u00ednua atualiza\u00e7\u00e3o do projeto pedag\u00f3gico do curso, observando as Normas da Gradua\u00e7\u00e3o da UENF;<br \/>\nb) zelar pelo cumprimento das Diretrizes Curriculares Nacionais para os cursos de gradua\u00e7\u00e3o;<br \/>\nc) zelar pela integra\u00e7\u00e3o curricular interdisciplinar entre as diferentes atividades de ensino constantes no curr\u00edculo;<br \/>\nd) indicar formas de articula\u00e7\u00e3o entre o ensino de gradua\u00e7\u00e3o, a extens\u00e3o, a pesquisa e a p\u00f3s-gradua\u00e7\u00e3o;<br \/>\ne) promover avalia\u00e7\u00f5es internas do curso e sugerir formas de melhoria para a forma\u00e7\u00e3o do discente;<br \/>\nf) zelar pela observ\u00e2ncia de perfil profissional estabelecido para o discente graduado pela UENF, de acordo com a legisla\u00e7\u00e3o vigente;<br \/>\ng) apreciar propostas de organiza\u00e7\u00e3o, funcionamento, conte\u00fados ministrados e tempo m\u00e1ximo de integraliza\u00e7\u00e3o da matriz curricular, explicitando sua opini\u00e3o em parecer a ser submetido ao colegiado do curso;<br \/>\nh) definir a sequ\u00eancia ordenada de disciplinas do curso, cuja integraliza\u00e7\u00e3o dar\u00e1 direito ao correspondente diploma espec\u00edfico;<br \/>\ni) estabelecer as disciplinas obrigat\u00f3rias e optativas do curso de gradua\u00e7\u00e3o, bem como definir e regulamentar as atividades suplementares.<\/p>\n<p>&nbsp;<\/p>\n","protected":false},"excerpt":{"rendered":"<p>Informa\u00e7\u00f5es do Colegiado de Curso e N\u00facleo Docente Estruturante Colegiado do Curso de Agronomia O Colegiado de Curso \u00e9 o&#8230;<\/p>\n","protected":false},"author":10,"featured_media":0,"parent":0,"menu_order":6,"comment_status":"closed","ping_status":"closed","template":"","meta":{"footnotes":""},"class_list":["post-97","page","type-page","status-publish","hentry"],"_links":{"self":[{"href":"https:\/\/uenf.br\/graduacao\/agronomia\/wp-json\/wp\/v2\/pages\/97","targetHints":{"allow":["GET"]}}],"collection":[{"href":"https:\/\/uenf.br\/graduacao\/agronomia\/wp-json\/wp\/v2\/pages"}],"about":[{"href":"https:\/\/uenf.br\/graduacao\/agronomia\/wp-json\/wp\/v2\/types\/page"}],"author":[{"embeddable":true,"href":"https:\/\/uenf.br\/graduacao\/agronomia\/wp-json\/wp\/v2\/users\/10"}],"replies":[{"embeddable":true,"href":"https:\/\/uenf.br\/graduacao\/agronomia\/wp-json\/wp\/v2\/comments?post=97"}],"version-history":[{"count":0,"href":"https:\/\/uenf.br\/graduacao\/agronomia\/wp-json\/wp\/v2\/pages\/97\/revisions"}],"wp:attachment":[{"href":"https:\/\/uenf.br\/graduacao\/agronomia\/wp-json\/wp\/v2\/media?parent=97"}],"curies":[{"name":"wp","href":"https:\/\/api.w.org\/{rel}","templated":true}]}}