{"id":14,"date":"2012-08-28T20:47:13","date_gmt":"2012-08-28T20:47:13","guid":{"rendered":"https:\/\/uenf.br\/graduacao\/?page_id=8"},"modified":"2026-03-26T08:58:50","modified_gmt":"2026-03-26T11:58:50","slug":"contato-2","status":"publish","type":"page","link":"https:\/\/uenf.br\/graduacao\/biologia\/contato-2\/","title":{"rendered":"Contato"},"content":{"rendered":"<p><strong style=\"color: #000000;\">Coordena\u00e7\u00e3o do Curso de Bacharelado em Ci\u00eancias Biol\u00f3gicas<\/strong><\/p>\n<p style=\"color: #000000;\">Endere\u00e7o: Av. Alberto Lamego, 2000 &#8211; Parque Calif\u00f3rnia &#8211; Campos dos Goytacazes\/RJ &#8211;<\/p>\n<p style=\"color: #000000;\">CEP: 28013-602 &#8211; CBB\/Anexo &#8211; Sala 01 -TeleFax: 27397257 &#8211; E-mail:\u00a0<a style=\"color: #000000;\" href=\"mailto:cgcbb@uenf.br\">cgcbb@uenf.br<\/a><\/p>\n<p>Tel.: (22) 2739-7257<\/p>\n<p>Fax: (22)\u00a02739-7257<\/p>\n<p><strong style=\"color: #000000;\">Estrutura administrativa<\/strong><\/p>\n<ul>\n<li>\u00a0Profa. Ana Beatriz Garcia (COORDENADORA) \u00a0&#8211; \u00a0 \u00a0E-MAIL: abgarcia@uenf.br<\/li>\n<li>\u00a0Magda Barreto de Campos (SECRET\u00c1RIA) &#8211;\u00a0<span style=\"color: #000000;\">E-MAIL:\u00a0<\/span><a style=\"color: #000000;\" href=\"mailto:cgcbb@uenf.br\">cgcbb@uenf.br<\/a><span style=\"color: #000000;\">; cgcbbuenf@gmail.com<\/span><\/li>\n<li>Maria Celi Alves de Carvalho\u00a0(SECRET\u00c1RIA) &#8211;\u00a0<span style=\"color: #000000;\">E-MAIL:\u00a0<\/span><a style=\"color: #000000;\" href=\"mailto:cgcbb@uenf.br\">cgcbb@uenf.br<\/a><span style=\"color: #000000;\">; cgcbbuenf@gmail.com<\/span><\/li>\n<\/ul>\n<p>&nbsp;<\/p>\n<p><strong>\u00a0<\/strong><strong>Membros do colegiado do curso<\/strong><\/p>\n<ul>\n<li>\u00a0Dra. Ana Beatriz Garcia (Coordenadora do Curso de Bacharelado em Ci\u00eancias Biol\u00f3gicas)\u00a0 E-MAIL: abgarcia@uenf.br<\/li>\n<li>\u00a0Dr. Carlos Eduardo Veiga de Carvalho (Representante da \u00c1rea de Concentra\u00e7\u00e3o em Ci\u00eancias Ambientais)\u00a0 E-MAIL: carvalho@uenf.br<\/li>\n<li>\u00a0Dra. Mar\u00edlia Berbert de Molina (Representante da \u00c1rea de concentra\u00e7\u00e3o em Biotecnologia) \u00a0 \u00a0E-MAIL: abgarcia@uenf.br<\/li>\n<li>Dra. \u00c9rica de Oliveira Mello\u00a0 <span style=\"color: #000000;\">(Representante Laborat\u00f3rio de Fisiologia e Bioqu\u00edmica de Microorganismos)<\/span> E-MAIL: erica@uenf.br<\/li>\n<li><span style=\"color: #000000;\">Dra. Thatiana Lopes Bi\u00e1 Ventura Sim\u00e3o (Representante da \u00c1rea de Concentra\u00e7\u00e3o em Biologia Celular e Sa\u00fade) \u00a0 E-MAIL: thativentura@uenf.br<\/span><\/li>\n<li><span style=\"color: #000000;\">Dr. Ed\u00e9sio Jos\u00e9 Ten\u00f3rio de Melo (Representante do Laborat\u00f3rio de Biologia Celular e Tecidual)\u00a0 \u00a0E-MAIL:\u00a0ejtm1202@gmail.com<\/span><\/li>\n<li><span style=\"color: #000000;\">Dra. Ant\u00f4nia Elenir Am\u00e2ncio Oliveira (Representante do N\u00facleo Comum\/Laborat\u00f3rio de Qu\u00edmica e Fun\u00e7\u00f5es de Prote\u00ednas e Pept\u00eddeos) \u00a0 \u00a0 \u00a0E-MAIL: elenir@uenf.br<\/span><\/li>\n<li><span style=\"color: #000000;\">? (Representante Discente) E-MAIL\u00a0 \u00a0 \u00a0\u00a0<\/span><br \/>\n<span style=\"color: #000000;\"><br \/>\n\n<div class=\"wpcf7 no-js\" id=\"wpcf7-f1065-o1\" lang=\"pt-BR\" dir=\"ltr\" data-wpcf7-id=\"1065\">\n<div class=\"screen-reader-response\"><p role=\"status\" aria-live=\"polite\" aria-atomic=\"true\"><\/p> <ul><\/ul><\/div>\n<form action=\"\/graduacao\/biologia\/wp-json\/wp\/v2\/pages\/14#wpcf7-f1065-o1\" method=\"post\" class=\"wpcf7-form init\" aria-label=\"Formul\u00e1rios de contato\" novalidate=\"novalidate\" data-status=\"init\">\n<fieldset class=\"hidden-fields-container\"><input type=\"hidden\" name=\"_wpcf7\" value=\"1065\" \/><input type=\"hidden\" name=\"_wpcf7_version\" value=\"6.1.5\" \/><input type=\"hidden\" name=\"_wpcf7_locale\" value=\"pt_BR\" \/><input type=\"hidden\" name=\"_wpcf7_unit_tag\" value=\"wpcf7-f1065-o1\" \/><input type=\"hidden\" name=\"_wpcf7_container_post\" value=\"0\" \/><input type=\"hidden\" name=\"_wpcf7_posted_data_hash\" value=\"\" \/>\n<\/fieldset>\n<p>Seu nome (obrigat\u00f3rio)\n<\/p>\n<p><span class=\"wpcf7-form-control-wrap\" data-name=\"your-name\"><input size=\"40\" maxlength=\"400\" class=\"wpcf7-form-control wpcf7-text wpcf7-validates-as-required\" aria-required=\"true\" aria-invalid=\"false\" value=\"\" type=\"text\" name=\"your-name\" \/><\/span>\n<\/p>\n<p>Seu e-mail (obrigat\u00f3rio)\n<\/p>\n<p><span class=\"wpcf7-form-control-wrap\" data-name=\"your-email\"><input size=\"40\" maxlength=\"400\" class=\"wpcf7-form-control wpcf7-email wpcf7-validates-as-required wpcf7-text wpcf7-validates-as-email\" aria-required=\"true\" aria-invalid=\"false\" value=\"\" type=\"email\" name=\"your-email\" \/><\/span>\n<\/p>\n<p>Assunto\n<\/p>\n<p><span class=\"wpcf7-form-control-wrap\" data-name=\"your-subject\"><input size=\"40\" maxlength=\"400\" class=\"wpcf7-form-control wpcf7-text\" aria-invalid=\"false\" value=\"\" type=\"text\" name=\"your-subject\" \/><\/span>\n<\/p>\n<p>Sua mensagem\n<\/p>\n<p><span class=\"wpcf7-form-control-wrap\" data-name=\"your-message\"><textarea cols=\"40\" rows=\"10\" maxlength=\"2000\" class=\"wpcf7-form-control wpcf7-textarea\" aria-invalid=\"false\" name=\"your-message\"><\/textarea><\/span>\n<\/p>\n<p><input class=\"wpcf7-form-control wpcf7-submit has-spinner\" type=\"submit\" value=\"Enviar\" \/>\n<\/p><div class=\"wpcf7-response-output\" aria-hidden=\"true\"><\/div>\n<\/form>\n<\/div>\n<br \/>\n<\/span><\/li>\n<\/ul>\n","protected":false},"excerpt":{"rendered":"<p>Coordena\u00e7\u00e3o do Curso de Bacharelado em Ci\u00eancias Biol\u00f3gicas Endere\u00e7o: Av. Alberto Lamego, 2000 &#8211; Parque Calif\u00f3rnia &#8211; Campos dos Goytacazes\/RJ&#8230;<\/p>\n","protected":false},"author":1,"featured_media":0,"parent":0,"menu_order":9999,"comment_status":"closed","ping_status":"closed","template":"","meta":{"footnotes":""},"class_list":["post-14","page","type-page","status-publish","hentry"],"_links":{"self":[{"href":"https:\/\/uenf.br\/graduacao\/biologia\/wp-json\/wp\/v2\/pages\/14","targetHints":{"allow":["GET"]}}],"collection":[{"href":"https:\/\/uenf.br\/graduacao\/biologia\/wp-json\/wp\/v2\/pages"}],"about":[{"href":"https:\/\/uenf.br\/graduacao\/biologia\/wp-json\/wp\/v2\/types\/page"}],"author":[{"embeddable":true,"href":"https:\/\/uenf.br\/graduacao\/biologia\/wp-json\/wp\/v2\/users\/1"}],"replies":[{"embeddable":true,"href":"https:\/\/uenf.br\/graduacao\/biologia\/wp-json\/wp\/v2\/comments?post=14"}],"version-history":[{"count":0,"href":"https:\/\/uenf.br\/graduacao\/biologia\/wp-json\/wp\/v2\/pages\/14\/revisions"}],"wp:attachment":[{"href":"https:\/\/uenf.br\/graduacao\/biologia\/wp-json\/wp\/v2\/media?parent=14"}],"curies":[{"name":"wp","href":"https:\/\/api.w.org\/{rel}","templated":true}]}}