{"id":266,"date":"2012-04-12T20:03:09","date_gmt":"2012-04-12T23:03:09","guid":{"rendered":"https:\/\/uenf.br\/reitoria\/graduacao\/?page_id=2"},"modified":"2019-08-29T14:48:09","modified_gmt":"2019-08-29T17:48:09","slug":"apresentacao-2","status":"publish","type":"page","link":"https:\/\/uenf.br\/graduacao\/biologia\/","title":{"rendered":"Apresenta\u00e7\u00e3o"},"content":{"rendered":"<div id=\"attachment_832\" style=\"width: 210px\" class=\"wp-caption alignleft\"><img loading=\"lazy\" decoding=\"async\" aria-describedby=\"caption-attachment-832\" class=\"size-full wp-image-832\" src=\"https:\/\/uenf.br\/graduacao\/biologia\/wp-content\/uploads\/sites\/11\/2019\/08\/biologia___Bichos_empalhados_001.jpg\" alt=\"\" width=\"200\" height=\"150\" \/><p id=\"caption-attachment-832\" class=\"wp-caption-text\">Biologia bichos empalhados<\/p><\/div>\n<p>O<strong> BI\u00d3LOGO <\/strong>\u00e9 o profissional respons\u00e1vel pelo desenvolvimento cient\u00edfico, tecnol\u00f3gico e human\u00edstico da sociedade, nas quest\u00f5es pertinentes \u00e0 biologia.<\/p>\n<p>O BI\u00d3LOGO \u00e9 fundamental no estabelecimento de estrat\u00e9gias sustent\u00e1veis em todos os setores produtivos e regulat\u00f3rios.<\/p>\n<p>Neste contexto de abrang\u00eancia na \u00e1rea da Biologia, a <a title=\"Link para o site da UENF\" href=\"http:\/\/www.uenf.br\" target=\"_blank\" rel=\"noopener noreferrer\">UENF<\/a> possui tr\u00eas cursos de gradua\u00e7\u00e3o na \u00e1rea de Ci\u00eancias Biol\u00f3gicas, vinculados ao Centro de Bioci\u00eancias e Biotecnologia (CBB): Bacharelado em Ci\u00eancias Biol\u00f3gicas, Licenciatura em Ci\u00eancias Biol\u00f3gicas presencial e Licenciatura em Ci\u00eancias Biol\u00f3gicas \u00e0 Dist\u00e2ncia (EAD).<\/p>\n<p>O Curso de Bacharelado em Ci\u00eancias Biol\u00f3gicas foi o pioneiro e iniciou suas atividades no ano de 1993, tendo sido credenciado pelo MEC em 1998 (CEE n\u00ba 102\/98, D.O. de 14\/05\/98). No seu formato atual o Curso de Bacharelado em Ci\u00eancias Biol\u00f3gicas apresenta um n\u00facleo comum de 5 semestres e a partir do sexto semestre o aluno pode direcionar sua forma\u00e7\u00e3o para um dos tr\u00eas n\u00facleos profissionalizantes nas \u00e1reas de concentra\u00e7\u00e3o em Biologia Celular e Sa\u00fade, Biotecnologia ou Ci\u00eancias Ambientais, possibilitando ao egresso uma forma\u00e7\u00e3o s\u00f3lida no seu campo de atua\u00e7\u00e3o e em conson\u00e2ncia com a realidade do mercado do bi\u00f3logo.<\/p>\n<p>Os alunos do Curso Bacharelado de Ci\u00eancias Biol\u00f3gicas da UENF recebem os conhecimentos fundamentais no conjunto de disciplinas integrantes do n\u00facleo comum e conhecimentos espec\u00edficos do n\u00facleo profissionalizante, com o objetivo de capacitar o aluno para o desempenho das atividades profissionais e atua\u00e7\u00e3o em pesquisa, projetos, an\u00e1lises, per\u00edcias, fiscaliza\u00e7\u00e3o, emiss\u00e3o de laudos, pareceres e outros servi\u00e7os na \u00e1rea de concentra\u00e7\u00e3o da sua forma\u00e7\u00e3o.<\/p>\n<p>A organiza\u00e7\u00e3o pedag\u00f3gica-curricular do curso permite ao aluno a participa\u00e7\u00e3o em projetos de pesquisa e\/ou extens\u00e3o associados aos conte\u00fados da sua \u00e1rea de concentra\u00e7\u00e3o, incentivando o contato do aluno com os temas atuais da humanidade e o desenvolvimento da capacidade de produzir conhecimentos e de analisar criticamente as situa\u00e7\u00f5es concretas de sua \u00e1rea de atua\u00e7\u00e3o. Adicionalmente, os alunos tamb\u00e9m tem a possibilidade de concorrer a processos de interc\u00e2mbios nacionais e internacionais, atrav\u00e9s de projetos espec\u00edficos submetidos por seus docentes a diferentes fontes de fomento.<\/p>\n<p>Como resultado do ambiente de aprendizado e da estrutura\u00e7\u00e3o e organiza\u00e7\u00e3o da matriz curricular, o Curso de Bacharelado em Ci\u00eancias Biol\u00f3gicas da UENF tem sido recorrentemente bem conceituado nas avalia\u00e7\u00f5es do INEP\/MEC. Os Bi\u00f3logos formados na UENF tem obtido \u00eaxito na sua inser\u00e7\u00e3o no mercado de trabalho, com aprova\u00e7\u00f5es em processos seletivos e concursos p\u00fablicos para a carreira de Bi\u00f3logo e em ingressos de Programas de P\u00f3s-Gradua\u00e7\u00e3o em todo o pa\u00eds.<\/p>\n<p><strong>Coordena\u00e7\u00e3o<\/strong><\/p>\n<p>Para mais informa\u00e7\u00f5es sobre o curso, consulte o Projeto Pedag\u00f3gico do Curso de Bacharelado em Ci\u00eancias Biol\u00f3gicas da UENF.<\/p>\n<p>&nbsp;<\/p>\n","protected":false},"excerpt":{"rendered":"<p>O BI\u00d3LOGO \u00e9 o profissional respons\u00e1vel pelo desenvolvimento cient\u00edfico, tecnol\u00f3gico e human\u00edstico da sociedade, nas quest\u00f5es pertinentes \u00e0 biologia. O&#8230;<\/p>\n","protected":false},"author":12,"featured_media":0,"parent":0,"menu_order":0,"comment_status":"open","ping_status":"closed","template":"","meta":{"footnotes":""},"class_list":["post-266","page","type-page","status-publish","hentry"],"_links":{"self":[{"href":"https:\/\/uenf.br\/graduacao\/biologia\/wp-json\/wp\/v2\/pages\/266","targetHints":{"allow":["GET"]}}],"collection":[{"href":"https:\/\/uenf.br\/graduacao\/biologia\/wp-json\/wp\/v2\/pages"}],"about":[{"href":"https:\/\/uenf.br\/graduacao\/biologia\/wp-json\/wp\/v2\/types\/page"}],"author":[{"embeddable":true,"href":"https:\/\/uenf.br\/graduacao\/biologia\/wp-json\/wp\/v2\/users\/12"}],"replies":[{"embeddable":true,"href":"https:\/\/uenf.br\/graduacao\/biologia\/wp-json\/wp\/v2\/comments?post=266"}],"version-history":[{"count":0,"href":"https:\/\/uenf.br\/graduacao\/biologia\/wp-json\/wp\/v2\/pages\/266\/revisions"}],"wp:attachment":[{"href":"https:\/\/uenf.br\/graduacao\/biologia\/wp-json\/wp\/v2\/media?parent=266"}],"curies":[{"name":"wp","href":"https:\/\/api.w.org\/{rel}","templated":true}]}}