{"id":367,"date":"2014-08-07T17:52:35","date_gmt":"2014-08-07T20:52:35","guid":{"rendered":"https:\/\/uenf.br\/graduacao\/biologia\/?page_id=367"},"modified":"2022-03-16T10:26:00","modified_gmt":"2022-03-16T13:26:00","slug":"deveres","status":"publish","type":"page","link":"https:\/\/uenf.br\/graduacao\/biologia\/aluno\/deveres\/","title":{"rendered":"Deveres"},"content":{"rendered":"<h3><strong>DEVERES DOS ALUNOS<\/strong><\/h3>\n<p>De acordo com as Normas de Gradua\u00e7\u00e3o N\u00ba 001\/2000 (Aprovada pela C\u00e2mara de Gradua\u00e7\u00e3o, em 02 de junho de 2000), os Deveres dos Alunos s\u00e3o:<\/p>\n<ul>\n<li>\u00a0 \u00a0 \u00a0Valorizar a Universidade P\u00fablica e gratuita, e zelar pelo patrim\u00f4nio material da Universidade.<\/li>\n<li>\u00a0 \u00a0 \u00a0 Observar os prazos estabelecidos no Calend\u00e1rio Acad\u00eamico recebido no ato da matr\u00edcula e informar-se sobre o funcionamento acad\u00eamico da universidade e proposta pedag\u00f3gica e curricular do seu Curso.<\/li>\n<li>\u00a0 \u00a0 \u00a0Cumprir os hor\u00e1rios das atividades acad\u00eamicas.<\/li>\n<li>\u00a0 \u00a0 \u00a0 Freq\u00fcentar as atividades de ensino e entregar os trabalhos escolares nos prazos estabelecidos pelo professor.<\/li>\n<li>\u00a0 \u00a0 \u00a0 Tratar com respeito e aten\u00e7\u00e3o os demais discentes, servidores t\u00e9cnico-administrativos e docentes em qualquer depend\u00eancia da Universidade.<\/li>\n<li>\u00a0 \u00a0 \u00a0 Comprometer-se e cooperar com o corpo docente e t\u00e9cnico-administrativo para a manuten\u00e7\u00e3o da qualidade do ENSINO, PESQUISA E EXTENS\u00c3O desenvolvida pela Universidade Estadual do Norte Fluminense.<\/li>\n<li>\u00a0 \u00a0 \u00a0Votar nas elei\u00e7\u00f5es da representa\u00e7\u00e3o estudantil, assim como em outras representa\u00e7\u00f5es das quais seja eleitor.<\/li>\n<li>\u00a0 \u00a0 \u00a0Respeitar as Normas, Resolu\u00e7\u00f5es e Leis que regem a Universidade.<\/li>\n<\/ul>\n","protected":false},"excerpt":{"rendered":"<p>DEVERES DOS ALUNOS De acordo com as Normas de Gradua\u00e7\u00e3o N\u00ba 001\/2000 (Aprovada pela C\u00e2mara de Gradua\u00e7\u00e3o, em 02 de&#8230;<\/p>\n","protected":false},"author":12,"featured_media":0,"parent":909,"menu_order":2,"comment_status":"open","ping_status":"closed","template":"","meta":{"footnotes":""},"class_list":["post-367","page","type-page","status-publish","hentry"],"_links":{"self":[{"href":"https:\/\/uenf.br\/graduacao\/biologia\/wp-json\/wp\/v2\/pages\/367","targetHints":{"allow":["GET"]}}],"collection":[{"href":"https:\/\/uenf.br\/graduacao\/biologia\/wp-json\/wp\/v2\/pages"}],"about":[{"href":"https:\/\/uenf.br\/graduacao\/biologia\/wp-json\/wp\/v2\/types\/page"}],"author":[{"embeddable":true,"href":"https:\/\/uenf.br\/graduacao\/biologia\/wp-json\/wp\/v2\/users\/12"}],"replies":[{"embeddable":true,"href":"https:\/\/uenf.br\/graduacao\/biologia\/wp-json\/wp\/v2\/comments?post=367"}],"version-history":[{"count":0,"href":"https:\/\/uenf.br\/graduacao\/biologia\/wp-json\/wp\/v2\/pages\/367\/revisions"}],"up":[{"embeddable":true,"href":"https:\/\/uenf.br\/graduacao\/biologia\/wp-json\/wp\/v2\/pages\/909"}],"wp:attachment":[{"href":"https:\/\/uenf.br\/graduacao\/biologia\/wp-json\/wp\/v2\/media?parent=367"}],"curies":[{"name":"wp","href":"https:\/\/api.w.org\/{rel}","templated":true}]}}