{"id":394,"date":"2014-08-08T14:55:49","date_gmt":"2014-08-08T17:55:49","guid":{"rendered":"https:\/\/uenf.br\/graduacao\/biologia\/?page_id=394"},"modified":"2026-03-05T15:39:52","modified_gmt":"2026-03-05T18:39:52","slug":"monografias","status":"publish","type":"page","link":"https:\/\/uenf.br\/graduacao\/biologia\/monografias\/","title":{"rendered":"Monografias"},"content":{"rendered":"<p><a href=\"https:\/\/uenf.br\/graduacao\/biologia\/wp-content\/uploads\/sites\/11\/2026\/03\/monografias-defendidas-de-1997-2025-2o-semestre.pdf\">monografias defendidas de 1997-2025 (2\u00ba semestre)<\/a><\/p>\n<p><a href=\"https:\/\/uenf.br\/graduacao\/biologia\/wp-content\/uploads\/sites\/11\/2025\/01\/Modelo-declaracao-monografia-II.pdf\">Modelo declaracao monografia II<\/a><\/p>\n<p><strong>Credenciamento de coorientador:<\/strong><\/p>\n<p>Por decis\u00e3o do colegiado do curso, em reuni\u00e3o realizada no dia <strong><em>08\/08\/2012 (ata 11\/2012)<\/em><\/strong>, ficou estabelecido que\u00a0os pedidos de credenciamentos para coorienta\u00e7\u00e3o de monografia devem ser feitos quando o aluno estiver cursando a disciplina Projeto de Monografia I (CBB02302).<\/p>\n<p><strong>Orientador:\u00a0<\/strong><\/p>\n<p>Na reuni\u00e3o do colegiado do curso do dia <strong><em>08\/08\/2012 (ata 11\/2012)<\/em><\/strong>, ficou tamb\u00e9m estabelecido que o\u00a0orientador dever\u00e1 ser sempre um doutor.<\/p>\n<p><strong>Composi\u00e7\u00e3o da banca examinadora:<\/strong><\/p>\n<p>Em reuni\u00e3o, no dia <strong><em>25\/05\/2012 (ata 08\/2012)<\/em><\/strong>, o colegiado do curso decidiu que a composi\u00e7\u00e3o da banca\u00a0\u00a0examinadora para monografia, dever\u00e1 ser composta de\u00a0<strong>no m\u00ednimo 03(tr\u00eas) membros titulares:\u00a0<\/strong><\/p>\n<p style=\"color: #000000\"><span style=\"font-family: Verdana, Arial, Helvetica, sans-serif;font-size: small\">* um docente da UENF;<br \/>\n* um doutor;<br \/>\n* um mestre.<br \/>\nA presid\u00eancia da mesa ser\u00e1 do orientador e\/ou coorientador.<br \/>\nNo caso da indica\u00e7\u00e3o de um mestre como membro titular, os membros suplentes dever\u00e3o obrigatoriamente ser doutores. O coorientador poder\u00e1 participar da banca, sendo um quarto membro titular.<br \/>\nNos casos em que o orientador esteja lotado em outra institui\u00e7\u00e3o, o coorientador (<strong>docente da UENF<\/strong>) dever\u00e1 fazer parte da banca, cumprindo o requisito da presen\u00e7a de um docente da UENF como membro titular na banca.<br \/>\n<\/span><\/p>\n<p align=\"center\">\n","protected":false},"excerpt":{"rendered":"<p>monografias defendidas de 1997-2025 (2\u00ba semestre) Modelo declaracao monografia II Credenciamento de coorientador: Por decis\u00e3o do colegiado do curso, em&#8230;<\/p>\n","protected":false},"author":12,"featured_media":0,"parent":0,"menu_order":10,"comment_status":"open","ping_status":"closed","template":"","meta":{"footnotes":""},"class_list":["post-394","page","type-page","status-publish","hentry"],"_links":{"self":[{"href":"https:\/\/uenf.br\/graduacao\/biologia\/wp-json\/wp\/v2\/pages\/394","targetHints":{"allow":["GET"]}}],"collection":[{"href":"https:\/\/uenf.br\/graduacao\/biologia\/wp-json\/wp\/v2\/pages"}],"about":[{"href":"https:\/\/uenf.br\/graduacao\/biologia\/wp-json\/wp\/v2\/types\/page"}],"author":[{"embeddable":true,"href":"https:\/\/uenf.br\/graduacao\/biologia\/wp-json\/wp\/v2\/users\/12"}],"replies":[{"embeddable":true,"href":"https:\/\/uenf.br\/graduacao\/biologia\/wp-json\/wp\/v2\/comments?post=394"}],"version-history":[{"count":0,"href":"https:\/\/uenf.br\/graduacao\/biologia\/wp-json\/wp\/v2\/pages\/394\/revisions"}],"wp:attachment":[{"href":"https:\/\/uenf.br\/graduacao\/biologia\/wp-json\/wp\/v2\/media?parent=394"}],"curies":[{"name":"wp","href":"https:\/\/api.w.org\/{rel}","templated":true}]}}