{"id":401,"date":"2014-08-08T15:12:25","date_gmt":"2014-08-08T18:12:25","guid":{"rendered":"https:\/\/uenf.br\/graduacao\/biologia\/?page_id=401"},"modified":"2019-08-28T10:04:01","modified_gmt":"2019-08-28T13:04:01","slug":"links","status":"publish","type":"page","link":"https:\/\/uenf.br\/graduacao\/biologia\/links\/","title":{"rendered":"Links"},"content":{"rendered":"<p style=\"color: #000000\"><span style=\"color: #000000;font-family: Arial, Verdana, Helvetica, sans-serif;font-size: medium\"><strong>Links Interessantes<\/strong><\/span><\/p>\n<ul>\n<li>\u00a0\u00a0Conselho Federal de Biologia &#8211;\u00a0CFBio &#8211;\u00a0<a style=\"color: #000000\" href=\"http:\/\/www.cfbio.org.br\/\">www.cfbio.org.br<\/a><\/li>\n<li><span style=\"font-family: arial, helvetica, sans-serif\">\u00a0CRBio 2\u00aa Regi\u00e3o\u00a0 (Conselho Regional de Biologia RJ\/ES) &#8211;\u00a0<\/span><span style=\"font-family: arial, helvetica, sans-serif\"><a style=\"color: #000000\" href=\"http:\/\/www.crbio2.org.br\/\">www.crbio2.org.br<\/a><\/span><\/li>\n<li><span style=\"font-family: arial, helvetica, sans-serif\">\u00a0INEP\u00a0<\/span><span style=\"color: #000033;font-family: arial, helvetica, sans-serif\">(Instituto Nacional de Estudos e\u00a0<\/span><span style=\"color: #000033\"><span style=\"color: #000033;font-family: arial, helvetica, sans-serif\">Pesquisas Educacionais An\u00edsio Teixeira)<\/span><\/span><span style=\"font-family: arial, helvetica, sans-serif\"><span style=\"color: #000033\">\u00a0<\/span>&#8211;\u00a0<\/span><span style=\"font-family: arial, helvetica, sans-serif\"><a style=\"color: #000000\" href=\"http:\/\/www.inep.gov.br\/\">www.inep.gov.br<\/a><\/span><\/li>\n<li>\u00a0MEC (Minist\u00e9rio da Educa\u00e7\u00e3o) &#8211;\u00a0<a style=\"color: #000000\" href=\"http:\/\/www.mec.gov.br\/\">http:\/\/www.mec.gov.br<\/a><\/li>\n<li>\u00a0ABNT (Associa\u00e7\u00e3o Brasileira de Normas T\u00e9cnicas) &#8211;\u00a0<a style=\"color: #000000\" href=\"http:\/\/www.abnt.org.br\/\">www.abnt.org.br<\/a><\/li>\n<li>\u00a0CEDERJ &#8211;\u00a0<a style=\"color: #000000\" href=\"http:\/\/www.cederj.edu.br\/\">www.cederj.edu.br<\/a><\/li>\n<li>\u00a0Educa\u00e7\u00e3o P\u00fablica &#8211;\u00a0<a style=\"color: #000000\" href=\"http:\/\/www.educacaopublica.rj.gov.br\/\">www.educacaopublica.rj.gov.br<\/a><\/li>\n<li>\u00a0Governo do Estado do Rio de Janeiro &#8211;\u00a0<a style=\"color: #000000\" href=\"http:\/\/www.governo.rj.gov.br\/\">www.governo.rj.gov.br<\/a><\/li>\n<li>\u00a0(SECT) Secretaria de Estado de Ci\u00eancia, Tecnologia e Inova\u00e7\u00e3o\u00a0\u00a0<a style=\"color: #000000\" href=\"http:\/\/www.uenf.br\/Uenf\/Pages\/CBB\/Graduacao\/Biologicas\/index.html?&amp;modelo=1&amp;cod_pag=399&amp;tabela=&amp;np=*+Links+Interessantes&amp;nc=LINKS&amp;buscaEdicao=&amp;grupo=biologicas&amp;p=\">www.sect.rj.gov.br<\/a><\/li>\n<li><span style=\"color: #000000\">Programa Institucional de Bolsas de Inicia\u00e7\u00e3o Cient\u00edfica da UENF \u2013 <a href=\"https:\/\/uenf.br\/projetos\/pibic\/\">PIBIC\u00a0<\/a><\/span><\/li>\n<li>Bolsas de<a href=\"https:\/\/uenf.br\/graduacao\/monitoria\/\"> monitoria<\/a><\/li>\n<li>Bolsa de <a href=\"http:\/\/www.uenf.br\/Uenf\/Pages\/Reitoria\/Proex\/\">extens\u00e3o<\/a><\/li>\n<\/ul>\n","protected":false},"excerpt":{"rendered":"<p>Links Interessantes \u00a0\u00a0Conselho Federal de Biologia &#8211;\u00a0CFBio &#8211;\u00a0www.cfbio.org.br \u00a0CRBio 2\u00aa Regi\u00e3o\u00a0 (Conselho Regional de Biologia RJ\/ES) &#8211;\u00a0www.crbio2.org.br \u00a0INEP\u00a0(Instituto Nacional de&#8230;<\/p>\n","protected":false},"author":12,"featured_media":0,"parent":0,"menu_order":11,"comment_status":"open","ping_status":"closed","template":"","meta":{"footnotes":""},"class_list":["post-401","page","type-page","status-publish","hentry"],"_links":{"self":[{"href":"https:\/\/uenf.br\/graduacao\/biologia\/wp-json\/wp\/v2\/pages\/401","targetHints":{"allow":["GET"]}}],"collection":[{"href":"https:\/\/uenf.br\/graduacao\/biologia\/wp-json\/wp\/v2\/pages"}],"about":[{"href":"https:\/\/uenf.br\/graduacao\/biologia\/wp-json\/wp\/v2\/types\/page"}],"author":[{"embeddable":true,"href":"https:\/\/uenf.br\/graduacao\/biologia\/wp-json\/wp\/v2\/users\/12"}],"replies":[{"embeddable":true,"href":"https:\/\/uenf.br\/graduacao\/biologia\/wp-json\/wp\/v2\/comments?post=401"}],"version-history":[{"count":0,"href":"https:\/\/uenf.br\/graduacao\/biologia\/wp-json\/wp\/v2\/pages\/401\/revisions"}],"wp:attachment":[{"href":"https:\/\/uenf.br\/graduacao\/biologia\/wp-json\/wp\/v2\/media?parent=401"}],"curies":[{"name":"wp","href":"https:\/\/api.w.org\/{rel}","templated":true}]}}