{"id":139,"date":"2013-03-26T16:35:51","date_gmt":"2013-03-26T19:35:51","guid":{"rendered":"https:\/\/uenf.br\/graduacao\/ciencias-sociais\/?page_id=139"},"modified":"2019-08-28T09:46:27","modified_gmt":"2019-08-28T12:46:27","slug":"normas-e-resolucoes","status":"publish","type":"page","link":"https:\/\/uenf.br\/graduacao\/ciencias-sociais\/normas-e-resolucoes\/","title":{"rendered":"Normas e Resolu\u00e7\u00f5es"},"content":{"rendered":"<h4><a href=\"https:\/\/uenf.br\/graduacao\/ciencias-sociais\/files\/2013\/08\/NORMAS-PARA-RENOVA\u00c7\u00c3O-DE-MATR\u00cdCULA-ON.pdf\">NORMAS PARA RENOVA\u00c7\u00c3O DE MATR\u00cdCULA ON-LINE<\/a><\/h4>\n<p><a href=\"https:\/\/uenf.br\/graduacao\/ciencias-sociais\/files\/2013\/08\/NORMAS-PARA-RENOVA\u00c7\u00c3O-DE-MATR\u00cdCULA-presencial.pdf\">NORMAS PARA RENOVA\u00c7\u00c3O DE MATR\u00cdCULA PRESENCIAL<\/a><\/p>\n<p><a title=\"Normas da Gradua\u00e7\u00e3o\" href=\"https:\/\/uenf.br\/reitoria\/secacad\/files\/2012\/08\/Regimento-Gradua%C3%A7%C3%A3o-.pdf\">Normas da Gradua\u00e7\u00e3o<\/a><\/p>\n<p><a href=\"https:\/\/uenf.br\/reitoria\/secacad\/graduacao\/manual-do-aluno\/\">Manual do Aluno<\/a><\/p>\n<p><a href=\"https:\/\/uenf.br\/reitoria\/secacad\/graduacao\/intercambio-internacional-capes-fipse\/\">Interc\u00e2mbio Internacional<\/a><\/p>\n<p><a href=\"http:\/\/www.planalto.gov.br\/ccivil_03\/Leis\/LEIS_2001\/L10172.htm\">PNE \u2013 Plano Nacional de Educa\u00e7\u00e3o<\/a><\/p>\n<p><a href=\"https:\/\/uenf.br\/graduacao\/ciencias-sociais\/files\/2013\/03\/Projeto-pedag\u00f3gico-Ci\u00eancias-Sociais.pdf\">Projeto pedag\u00f3gico Ci\u00eancias Sociais<\/a><\/p>\n<p><a href=\"https:\/\/uenf.br\/graduacao\/ciencias-sociais\/files\/2018\/06\/normas-de-defesa-de-monografia-2017-01.pdf\">Normas para defesa de Monografia<\/a><\/p>\n<p>Para mais informa\u00e7\u00f5es \u00a0\u00a0<em><strong><a href=\"https:\/\/uenf.br\/reitoria\/secacad\/\">&gt;&gt;&gt;&gt;&gt;Secretaria Acad\u00eamica&lt;&lt;&lt;&lt;&lt;<\/a><\/strong><\/em><\/p>\n","protected":false},"excerpt":{"rendered":"<p>NORMAS PARA RENOVA\u00c7\u00c3O DE MATR\u00cdCULA ON-LINE NORMAS PARA RENOVA\u00c7\u00c3O DE MATR\u00cdCULA PRESENCIAL Normas da Gradua\u00e7\u00e3o Manual do Aluno Interc\u00e2mbio Internacional&#8230;<\/p>\n","protected":false},"author":7,"featured_media":0,"parent":0,"menu_order":8,"comment_status":"open","ping_status":"closed","template":"","meta":{"footnotes":""},"class_list":["post-139","page","type-page","status-publish","hentry"],"_links":{"self":[{"href":"https:\/\/uenf.br\/graduacao\/ciencias-sociais\/wp-json\/wp\/v2\/pages\/139","targetHints":{"allow":["GET"]}}],"collection":[{"href":"https:\/\/uenf.br\/graduacao\/ciencias-sociais\/wp-json\/wp\/v2\/pages"}],"about":[{"href":"https:\/\/uenf.br\/graduacao\/ciencias-sociais\/wp-json\/wp\/v2\/types\/page"}],"author":[{"embeddable":true,"href":"https:\/\/uenf.br\/graduacao\/ciencias-sociais\/wp-json\/wp\/v2\/users\/7"}],"replies":[{"embeddable":true,"href":"https:\/\/uenf.br\/graduacao\/ciencias-sociais\/wp-json\/wp\/v2\/comments?post=139"}],"version-history":[{"count":0,"href":"https:\/\/uenf.br\/graduacao\/ciencias-sociais\/wp-json\/wp\/v2\/pages\/139\/revisions"}],"wp:attachment":[{"href":"https:\/\/uenf.br\/graduacao\/ciencias-sociais\/wp-json\/wp\/v2\/media?parent=139"}],"curies":[{"name":"wp","href":"https:\/\/api.w.org\/{rel}","templated":true}]}}