{"id":192,"date":"2013-03-26T19:16:46","date_gmt":"2013-03-26T22:16:46","guid":{"rendered":"https:\/\/uenf.br\/graduacao\/ciencias-sociais\/?page_id=192"},"modified":"2019-08-28T09:45:25","modified_gmt":"2019-08-28T12:45:25","slug":"historia-do-curso","status":"publish","type":"page","link":"https:\/\/uenf.br\/graduacao\/ciencias-sociais\/historia-do-curso\/","title":{"rendered":"Hist\u00f3ria do Curso"},"content":{"rendered":"<p><em><strong>O in\u00edcio do Curso de Ci\u00eancias Sociais<\/strong><\/em><\/p>\n<p align=\"justify\">A primeira turma do curso de Ci\u00eancias Sociais, foi\u00a0constitu\u00edda\u00a0atrav\u00e9s das Atas do Conselho Diretor e do Conselho Universit\u00e1rio, em reuni\u00f5es realizadas, respectivamente, nos dias 30 de setembro de 1994 e 13 de dezembro de 1995. O curso era constitu\u00eddo pelo(a)s aluno(a)s selecionados no vestibular de 1995, para o antigo Curso de Educa\u00e7\u00e3o \u2013 Habilita\u00e7\u00e3o para o Magist\u00e9rio, do Centro de Humanidades. Neste mesmo ano, foi reestruturado o Curso de Educa\u00e7\u00e3o, sendo que seus aluno(a)s optaram pelo Curso de Ci\u00eancias Sociais, o que foi poss\u00edvel dado o fato de que ambas as grades curriculares previam um tronco comum das disciplinas nos dois primeiros per\u00edodos.<\/p>\n<p align=\"justify\">Somente em 1997, atrav\u00e9s de vestibular, houve previs\u00e3o de sele\u00e7\u00e3o de candidatos para o Curso de Ci\u00eancias Sociais, sendo que n\u00e3o constava no edital o n\u00famero espec\u00edfico de vagas para os diversos cursos. As 120 vagas oferecidas contemplavam, de modo geral, todos os cursos da Universidade. Nos vestibulares de 1998 e 1999 foram oferecidas 170 vagas, sendo que 30 destinadas ao Centro de Ci\u00eancias do Homem, n\u00e3o havendo n\u00famero espec\u00edfico de vagas para os Cursos de Ci\u00eancias Sociais ou de Ci\u00eancia da Educa\u00e7\u00e3o. Os aluno(a)s optavam por um deles ap\u00f3s cursarem o Ciclo B\u00e1sico Comum.<\/p>\n<p align=\"justify\">O Ciclo B\u00e1sico Comum &#8211; CBC &#8211; destinava-se a todos os ingressantes da UENF, independentemente do curso escolhido. As disciplinas oferecidas, todas obrigat\u00f3rias, somavam um total de 36 cr\u00e9ditos e deviam ser cumpridas no 1\u00b0 semestre letivo. O princ\u00edpio epistemol\u00f3gico e pedag\u00f3gico do CBC era proporcionar uma forma\u00e7\u00e3o interdisciplinar dos estudantes, permitindo um olhar hol\u00edstico tanto sobre a ci\u00eancia quanto sobre a pr\u00f3pria universidade. O Centro de Bioci\u00eancias e Biotecnologia oferecia a disciplina Conhecimento da Natureza. O Centro de Ci\u00eancia e Tecnologia era respons\u00e1vel pelas ofertas das disciplinas, Matem\u00e1tica e Fundamentos da Ci\u00eancia da Computa\u00e7\u00e3o. Ao Centro de Ci\u00eancias do Homem cabiam as disciplinas Elementos da Proped\u00eautica B\u00e1sica, Fundamentos do Conhecimento, Conhecimento do Ser Humano e as oficinas de L\u00edngua Portuguesa e de L\u00edngua Inglesa. Al\u00e9m disso, o(a)s aluno(a)s deviam cumprir cr\u00e9ditos com os programas de Atividades Curriculares Suplementares que listavam, entre outros, aulas de Xadrez e de M\u00fasica Cl\u00e1ssica. As disciplinas do Centro de Ci\u00eancias do Homem visavam oferecer um panorama geral das Ci\u00eancias Sociais, da Filosofia, da Metodologia, da Psicologia e da Hist\u00f3ria.<\/p>\n","protected":false},"excerpt":{"rendered":"<p>O in\u00edcio do Curso de Ci\u00eancias Sociais A primeira turma do curso de Ci\u00eancias Sociais, foi\u00a0constitu\u00edda\u00a0atrav\u00e9s das Atas do Conselho&#8230;<\/p>\n","protected":false},"author":7,"featured_media":0,"parent":0,"menu_order":1,"comment_status":"open","ping_status":"closed","template":"","meta":{"footnotes":""},"class_list":["post-192","page","type-page","status-publish","hentry"],"_links":{"self":[{"href":"https:\/\/uenf.br\/graduacao\/ciencias-sociais\/wp-json\/wp\/v2\/pages\/192","targetHints":{"allow":["GET"]}}],"collection":[{"href":"https:\/\/uenf.br\/graduacao\/ciencias-sociais\/wp-json\/wp\/v2\/pages"}],"about":[{"href":"https:\/\/uenf.br\/graduacao\/ciencias-sociais\/wp-json\/wp\/v2\/types\/page"}],"author":[{"embeddable":true,"href":"https:\/\/uenf.br\/graduacao\/ciencias-sociais\/wp-json\/wp\/v2\/users\/7"}],"replies":[{"embeddable":true,"href":"https:\/\/uenf.br\/graduacao\/ciencias-sociais\/wp-json\/wp\/v2\/comments?post=192"}],"version-history":[{"count":0,"href":"https:\/\/uenf.br\/graduacao\/ciencias-sociais\/wp-json\/wp\/v2\/pages\/192\/revisions"}],"wp:attachment":[{"href":"https:\/\/uenf.br\/graduacao\/ciencias-sociais\/wp-json\/wp\/v2\/media?parent=192"}],"curies":[{"name":"wp","href":"https:\/\/api.w.org\/{rel}","templated":true}]}}