{"id":2,"date":"2013-03-14T19:53:02","date_gmt":"2013-03-14T22:53:02","guid":{"rendered":"https:\/\/uenf.br\/graduacao\/ciencias-sociais\/?page_id=2"},"modified":"2019-08-28T09:45:18","modified_gmt":"2019-08-28T12:45:18","slug":"historia","status":"publish","type":"page","link":"https:\/\/uenf.br\/graduacao\/ciencias-sociais\/","title":{"rendered":"Informes"},"content":{"rendered":"<p><a href=\"https:\/\/uenf.br\/graduacao\/ciencias-sociais\/files\/2019\/03\/HORARIO-2019-1-CISO.pdf\">HORARIO 2019-1 CISO &#8211; ATUALIZADO 13\/03\/2019<\/a>\u00a0 \u00a0 &#8211; OBS. Poder\u00e1 ocorrer altera\u00e7\u00f5es no hor\u00e1rio, principalmente nas disciplinas OPTATIVAS.<\/p>\n<p><a href=\"https:\/\/uenf.br\/graduacao\/ciencias-sociais\/files\/2019\/03\/Portugu\u00eas-2019.1-FINAL-1.pdf\">Portugu\u00eas 2019.1 FINAL<\/a><\/p>\n<p>&nbsp;<\/p>\n<h3 style=\"text-align: center\"><span style=\"color: #3366ff\"><a style=\"color: #3366ff\" href=\"https:\/\/uenf.br\/graduacao\/ciencias-sociais\/files\/2019\/02\/DECLA.CISO_.2019.pdf\">DECLARA\u00c7\u00d5ES CISO 2019<\/a><\/span><\/h3>\n<h2 style=\"text-align: center\"><a href=\"https:\/\/uenf.br\/graduacao\/ciencias-sociais\/files\/2019\/05\/normas-de-defesa-de-monografia-2019-01.pdf\">Normas de defesa de monografia 2019-01<\/a><\/h2>\n<p>&nbsp;<\/p>\n<div>Atenciosamente<\/div>\n<div>\n<div dir=\"ltr\">\n<div dir=\"ltr\">\n<p>Secretaria de Gradua\u00e7\u00e3o em Ci\u00eancias Sociais &#8211; CISO<\/p>\n<p>Centro de Ci\u00eancias do Homem &#8211; CCH<\/p>\n<div>\n<div>Universidade Estadual do Norte Fluminense Darcy Ribeiro &#8211; UENF<\/div>\n<\/div>\n<\/div>\n<\/div>\n<\/div>\n<h1><\/h1>\n<div>\n<hr \/>\n<h2><\/h2>\n<h2>CONTATOS COORDENA\u00c7\u00c3O<\/h2>\n<\/div>\n<p><strong>uenfciso@gmail.com &#8211; Ci\u00eancias Sociais<\/strong><\/p>\n<p>(22) 274-86055<\/p>\n","protected":false},"excerpt":{"rendered":"<p>HORARIO 2019-1 CISO &#8211; ATUALIZADO 13\/03\/2019\u00a0 \u00a0 &#8211; OBS. Poder\u00e1 ocorrer altera\u00e7\u00f5es no hor\u00e1rio, principalmente nas disciplinas OPTATIVAS. Portugu\u00eas 2019.1&#8230;<\/p>\n","protected":false},"author":7,"featured_media":0,"parent":0,"menu_order":0,"comment_status":"open","ping_status":"closed","template":"","meta":{"footnotes":""},"class_list":["post-2","page","type-page","status-publish","hentry"],"_links":{"self":[{"href":"https:\/\/uenf.br\/graduacao\/ciencias-sociais\/wp-json\/wp\/v2\/pages\/2","targetHints":{"allow":["GET"]}}],"collection":[{"href":"https:\/\/uenf.br\/graduacao\/ciencias-sociais\/wp-json\/wp\/v2\/pages"}],"about":[{"href":"https:\/\/uenf.br\/graduacao\/ciencias-sociais\/wp-json\/wp\/v2\/types\/page"}],"author":[{"embeddable":true,"href":"https:\/\/uenf.br\/graduacao\/ciencias-sociais\/wp-json\/wp\/v2\/users\/7"}],"replies":[{"embeddable":true,"href":"https:\/\/uenf.br\/graduacao\/ciencias-sociais\/wp-json\/wp\/v2\/comments?post=2"}],"version-history":[{"count":0,"href":"https:\/\/uenf.br\/graduacao\/ciencias-sociais\/wp-json\/wp\/v2\/pages\/2\/revisions"}],"wp:attachment":[{"href":"https:\/\/uenf.br\/graduacao\/ciencias-sociais\/wp-json\/wp\/v2\/media?parent=2"}],"curies":[{"name":"wp","href":"https:\/\/api.w.org\/{rel}","templated":true}]}}