{"id":20,"date":"2013-03-26T13:23:08","date_gmt":"2013-03-26T16:23:08","guid":{"rendered":"https:\/\/uenf.br\/graduacao\/ciencias-sociais\/?page_id=20"},"modified":"2019-08-28T09:45:33","modified_gmt":"2019-08-28T12:45:33","slug":"sobre-o-curso","status":"publish","type":"page","link":"https:\/\/uenf.br\/graduacao\/ciencias-sociais\/sobre-o-curso\/","title":{"rendered":"Sobre o Curso"},"content":{"rendered":"<p><em><strong>O\u00a0<\/strong><\/em><em><strong>Curso de Bacharelado em Ci\u00eancias Sociais<\/strong><\/em><\/p>\n<p>O curso de Ci\u00eancias Sociais da UENF \u00e9 oferecido na modalidade de bacharelado. Os bachar\u00e9is em Ci\u00eancias Sociais dedicam-se ao desenvolvimento de projetos de pesquisa e \u00e0 produ\u00e7\u00e3o de conhecimento nessa \u00e1rea.<\/p>\n<p>Reconhecido pelo CEE\/RJ 178 em 14\/08\/2001 Regime: Tempo integral e Diurno Dura\u00e7\u00e3o m\u00ednima de 4 anos Ingresso: Concurso Vestibular UERJ &#8211; UENF N\u00famero de vagas: 30 anuais<\/p>\n<p>O curso \u00e9 organizado segundo um curr\u00edculo seriado com disciplinas semestrais. As disciplinas que comp\u00f5em o Curso de Ci\u00eancias Sociais est\u00e3o distribu\u00eddas da seguinte forma:<\/p>\n<p><em><strong>\u00a0 \u00a0 \u00a0 \u00a0 \u00a0 a)<\/strong><\/em> \u00c1rea de concentra\u00e7\u00e3o: Sociologia, Antropologia e Pol\u00edtica, que constituem o assim chamado \u201cn\u00facleo duro\u201d do curso;<\/p>\n<p><em><strong>\u00a0 \u00a0 \u00a0 \u00a0 \u00a0 b)<\/strong><\/em> Economia, Hist\u00f3ria e Geografia que tamb\u00e9m comp\u00f5em o elenco das disciplinas obrigat\u00f3rias do curso, dando assim uma vis\u00e3o interdisciplinar das Ci\u00eancias Humanas;<\/p>\n<p><strong><em>\u00a0 \u00a0 \u00a0 \u00a0 \u00a0 c)<\/em><\/strong> Optativas, eletivas e instrumentais que refor\u00e7am a forma\u00e7\u00e3o do aluno, buscando compor o perfil do profissional.<\/p>\n<p>As disciplinas oferecidas s\u00e3o ministradas conjuntamente pelos seguintes laborat\u00f3rios:<\/p>\n<p>&#8211; \u00a0Laborat\u00f3rio do Estudo da Sociedade Civil e do Estado &#8211;<a title=\"LESCE\" href=\"http:\/\/www.uenf.br\/Uenf\/Pages\/CCH\/Lesce\/\" target=\"_blank\" rel=\"noopener noreferrer\"> <strong>LESCE<\/strong><\/a><\/p>\n<p>&#8211; \u00a0Laborat\u00f3rio do Estudo do Espa\u00e7o Antr\u00f3pico &#8211;<a title=\"LEEA\" href=\"https:\/\/uenf.br\/cch\/leea\/\" target=\"_blank\" rel=\"noopener noreferrer\"><strong> LEEA<\/strong><\/a><\/p>\n<p>&#8211; \u00a0Laborat\u00f3rio de Cogni\u00e7\u00e3o e Linguagem &#8211;<a title=\"LCL\" href=\"https:\/\/uenf.br\/cch\/lcl\/laboratorios\" target=\"_blank\" rel=\"noopener noreferrer\"><strong> LCL<\/strong><\/a><\/p>\n<p>Na UENF, o curso est\u00e1 fundamentado nas seguintes \u00e1reas:<\/p>\n<p>&#8211; <strong><em>Antropologia &#8211; Ci\u00eancia Pol\u00edtica &#8211; Sociologia<\/em><\/strong>.<\/p>\n<p>Na <em>Antropologia<\/em>, o profissional atua numa forma de conhecimento sobre a diversidade cultural. Trata-se do entendimento das rela\u00e7\u00f5es estabelecidas entre os grupos e entre esses e o antrop\u00f3logo, permitindo o conhecimento do \u201cOutro\u201d, de sua l\u00f3gica constitutiva. Em suma, \u00e9 uma maneira de se situar na fronteira de v\u00e1rios mundos sociais e culturais<\/p>\n<p>A modalidade <em>Ci\u00eancia Pol\u00edtica<\/em> discute a estrutura e o funcionamento do Estado e dos regimes pol\u00edticos contempor\u00e2neos, as rela\u00e7\u00f5es entre os poderes do Estado, os sistemas partid\u00e1rios, as atividades de partidos, os sindicatos e os movimentos sociais.<\/p>\n<p>J\u00e1 a <em>Sociologia<\/em> investiga as rela\u00e7\u00f5es sociais entre indiv\u00edduos e grupos de uma comunidade, a fim de\u00a0analisar e explicar as transforma\u00e7\u00f5es que ocorrem em v\u00e1rios setores da sociedade.<\/p>\n<p><em><strong>\u00c1rea de atua\u00e7\u00e3o<\/strong><\/em><\/p>\n<p>O curso de Ci\u00eancias Sociais prepara os alunos para desenvolver projetos de pesquisa e para produzir conhecimento na \u00e1rea de Ci\u00eancias Sociais. Cada vez mais, os Cientistas Sociais t\u00eam sido requisitados e podem atuar como:<\/p>\n<p>pesquisadores e analistas de dados; professores;<\/p>\n<p>gestores e formuladores de pol\u00edticas p\u00fablicas em \u00f3rg\u00e3os governamentais (comiss\u00f5es, secretarias, comit\u00eas, minist\u00e9rios, etc)<\/p>\n<p>asssessores de ONGs , funda\u00e7\u00f5es, sindicatos, partidos, ind\u00fastrias; e consultores.<\/p>\n","protected":false},"excerpt":{"rendered":"<p>O\u00a0Curso de Bacharelado em Ci\u00eancias Sociais O curso de Ci\u00eancias Sociais da UENF \u00e9 oferecido na modalidade de bacharelado. Os&#8230;<\/p>\n","protected":false},"author":7,"featured_media":0,"parent":0,"menu_order":2,"comment_status":"open","ping_status":"closed","template":"","meta":{"footnotes":""},"class_list":["post-20","page","type-page","status-publish","hentry"],"_links":{"self":[{"href":"https:\/\/uenf.br\/graduacao\/ciencias-sociais\/wp-json\/wp\/v2\/pages\/20","targetHints":{"allow":["GET"]}}],"collection":[{"href":"https:\/\/uenf.br\/graduacao\/ciencias-sociais\/wp-json\/wp\/v2\/pages"}],"about":[{"href":"https:\/\/uenf.br\/graduacao\/ciencias-sociais\/wp-json\/wp\/v2\/types\/page"}],"author":[{"embeddable":true,"href":"https:\/\/uenf.br\/graduacao\/ciencias-sociais\/wp-json\/wp\/v2\/users\/7"}],"replies":[{"embeddable":true,"href":"https:\/\/uenf.br\/graduacao\/ciencias-sociais\/wp-json\/wp\/v2\/comments?post=20"}],"version-history":[{"count":0,"href":"https:\/\/uenf.br\/graduacao\/ciencias-sociais\/wp-json\/wp\/v2\/pages\/20\/revisions"}],"wp:attachment":[{"href":"https:\/\/uenf.br\/graduacao\/ciencias-sociais\/wp-json\/wp\/v2\/media?parent=20"}],"curies":[{"name":"wp","href":"https:\/\/api.w.org\/{rel}","templated":true}]}}