{"id":2629,"date":"2014-10-15T19:48:52","date_gmt":"2014-10-15T22:48:52","guid":{"rendered":"https:\/\/uenf.br\/graduacao\/ciencias-sociais\/?page_id=2629"},"modified":"2019-08-28T09:46:21","modified_gmt":"2019-08-28T12:46:21","slug":"1o-semestre-de-2014","status":"publish","type":"page","link":"https:\/\/uenf.br\/graduacao\/ciencias-sociais\/notas\/1o-semestre-de-2014\/","title":{"rendered":"1\u00ba Semestre de 2015"},"content":{"rendered":"<p><a href=\"https:\/\/uenf.br\/graduacao\/ciencias-sociais\/files\/2015\/09\/LGP04028-PLANEJAMENTO-ESTRAT\u00c9GICO.pdf\">LGP04028 &#8211; PLANEJAMENTO ESTRAT\u00c9GICO<\/a><\/p>\n<p><a href=\"https:\/\/uenf.br\/graduacao\/ciencias-sociais\/files\/2015\/09\/LGP04027-ELABORA\u00c7\u00c3O-E-GEST\u00c3O-DE-PROJETOS.pdf\">LGP04027 &#8211; ELABORA\u00c7\u00c3O E GEST\u00c3O DE PROJETOS<\/a><\/p>\n<p><a href=\"https:\/\/uenf.br\/graduacao\/ciencias-sociais\/files\/2015\/09\/LGP04024-ADMINISTRA\u00c7\u00c3O-P\u00daBLICA.pdf\">LGP04024 &#8211; ADMINISTRA\u00c7\u00c3O P\u00daBLICA<\/a><\/p>\n<p><a href=\"https:\/\/uenf.br\/graduacao\/ciencias-sociais\/files\/2015\/09\/LGP04016-CONTABILIDADE-P\u00daBLICA-E-OR\u00c7AMENT\u00c1RIA.pdf\">LGP04016 &#8211; CONTABILIDADE P\u00daBLICA E OR\u00c7AMENT\u00c1RIA<\/a><\/p>\n<p><a href=\"https:\/\/uenf.br\/graduacao\/ciencias-sociais\/files\/2015\/09\/LGP04021-POL\u00cdTICAS-P\u00daBLICAS.pdf\">LGP04021 &#8211; POL\u00cdTICAS P\u00daBLICAS<\/a><\/p>\n<p><a href=\"https:\/\/uenf.br\/graduacao\/ciencias-sociais\/files\/2015\/09\/LGP04008-DIREITO-CONSTITUCIONAL.pdf\">LGP04008 &#8211; DIREITO CONSTITUCIONAL<\/a><\/p>\n<p><a href=\"https:\/\/uenf.br\/graduacao\/ciencias-sociais\/files\/2015\/09\/LGP04007-ORGANIZA\u00c7\u00c3O-SISTEMAS-E-M\u00c9TODOS.pdf\">LGP04007 &#8211; ORGANIZA\u00c7\u00c3O, SISTEMAS E M\u00c9TODOS<\/a><\/p>\n<p><a href=\"https:\/\/uenf.br\/graduacao\/ciencias-sociais\/files\/2015\/09\/LES14101-INTRODU\u00c7\u00c3O-A-SOCIOLOGIA-DO-TRABALHO.pdf\">LES14101 &#8211; INTRODU\u00c7\u00c3O A SOCIOLOGIA DO TRABALHO<\/a><\/p>\n<p><a href=\"https:\/\/uenf.br\/graduacao\/ciencias-sociais\/files\/2015\/09\/LGP04001-INTRODU\u00c7\u00c3O-A-ADMINISTRA\u00c7\u00c3O.pdf\">LGP04001 &#8211; INTRODU\u00c7\u00c3O A ADMINISTRA\u00c7\u00c3O<\/a><\/p>\n<p><a href=\"https:\/\/uenf.br\/graduacao\/ciencias-sociais\/files\/2015\/09\/LES04562-TEP-PARTIDOS-POL\u00cdTICOS-ELEI\u00c7\u00d5ES-E-GOVERNO.pdf\">LES04562 &#8211; TEP &#8211; PARTIDOS POL\u00cdTICOS, ELEI\u00c7\u00d5ES E GOVERNO<\/a><\/p>\n<p><a href=\"https:\/\/uenf.br\/graduacao\/ciencias-sociais\/files\/2015\/09\/LES04502-HIST\u00d3RIA-CONTEMPOR\u00c2NEA-DO-BRASIL.pdf\">LES04502 &#8211; HIST\u00d3RIA CONTEMPOR\u00c2NEA DO BRASIL<\/a><\/p>\n<p><a href=\"https:\/\/uenf.br\/graduacao\/ciencias-sociais\/files\/2015\/09\/LES04202-ESTAT\u00cdSTICA.pdf\">LES04202 &#8211; ESTAT\u00cdSTICA<\/a><\/p>\n<p><a href=\"https:\/\/uenf.br\/graduacao\/ciencias-sociais\/files\/2015\/09\/LES04402-POL\u00cdTICA-IV.pdf\">LES04402 &#8211; POL\u00cdTICA IV<\/a><\/p>\n<p><a href=\"https:\/\/uenf.br\/graduacao\/ciencias-sociais\/files\/2015\/09\/LES04103-HIT\u00d3RIA-I.pdf\">LES04103 &#8211; HIT\u00d3RIA I<\/a><\/p>\n<p><a href=\"https:\/\/uenf.br\/graduacao\/ciencias-sociais\/files\/2015\/09\/LEA24001-ARTE-E-EDUCA\u00c7\u00c3O-PATRIMONIAL.pdf\">LEA24001 &#8211; ARTE E EDUCA\u00c7\u00c3O PATRIMONIAL<\/a><\/p>\n<p><a href=\"https:\/\/uenf.br\/graduacao\/ciencias-sociais\/files\/2015\/09\/LEA14008-TEG-INTRODU\u00c7\u00c3O-A-ANALISE-URBANA.pdf\">LEA14008 &#8211; TEG &#8211; INTRODU\u00c7\u00c3O A ANALISE URBANA<\/a><\/p>\n<p><a href=\"https:\/\/uenf.br\/graduacao\/ciencias-sociais\/files\/2015\/09\/LEA14007-TEM-IMAGEM-E-CI\u00caNCIAS-SOCIAIS.pdf\">LEA14007 &#8211; TEM IMAGEM E CI\u00caNCIAS SOCIAIS<\/a><\/p>\n<p><a href=\"https:\/\/uenf.br\/graduacao\/ciencias-sociais\/files\/2015\/09\/LEA04401-METODOLOGIA-III.pdf\">LEA04401 &#8211; METODOLOGIA III<\/a><\/p>\n<p><a href=\"https:\/\/uenf.br\/graduacao\/ciencias-sociais\/files\/2015\/09\/LEA04302-ECONOMIA-III.pdf\">LEA04302 &#8211; ECONOMIA III<\/a><\/p>\n<p><a href=\"https:\/\/uenf.br\/graduacao\/ciencias-sociais\/files\/2015\/09\/LEA04201-METODOLOGIA-I.pdf\">LEA04201 &#8211; METODOLOGIA I<\/a><\/p>\n<p><a href=\"https:\/\/uenf.br\/graduacao\/ciencias-sociais\/files\/2015\/09\/LEA04103-GEOGRAFIA-II.pdf\">LEA04103 &#8211; GEOGRAFIA II<\/a><\/p>\n<p><a href=\"https:\/\/uenf.br\/graduacao\/ciencias-sociais\/files\/2015\/09\/LCL14020-TEF-O-CONCEITO-DE-IDEOLOGIA.pdf\">LCL14020 &#8211; TEF O CONCEITO DE IDEOLOGIA<\/a><\/p>\n<p><a href=\"https:\/\/uenf.br\/graduacao\/ciencias-sociais\/files\/2015\/09\/LCL04202-PSICOLOGIA.pdf\">LCL04202 &#8211; PSICOLOGIA<\/a><\/p>\n<p><a href=\"https:\/\/uenf.br\/graduacao\/ciencias-sociais\/files\/2015\/09\/LCL04514-FILOSOFIA-POL\u00cdTICA.pdf\">LCL04514 &#8211; FILOSOFIA POL\u00cdTICA<\/a><\/p>\n<p><a href=\"https:\/\/uenf.br\/graduacao\/ciencias-sociais\/files\/2015\/09\/LES04102-POL\u00cdTICA-I.pdf\">LES04102 &#8211; POL\u00cdTICA I<\/a><\/p>\n<p><a href=\"https:\/\/uenf.br\/graduacao\/ciencias-sociais\/files\/2015\/09\/LES04106-POL\u00cdTICA-II.pdf\">LES04106 &#8211; POL\u00cdTICA II<\/a><\/p>\n<p><a href=\"https:\/\/uenf.br\/graduacao\/ciencias-sociais\/files\/2015\/09\/LES04104-SOCIOLOGIA-II.pdf\">LES04104 &#8211; SOCIOLOGIA II<\/a><\/p>\n<p><a href=\"https:\/\/uenf.br\/graduacao\/ciencias-sociais\/files\/2015\/09\/LES04101-SOCIOLOGIA-I.pdf\">LES04101 &#8211; SOCIOLOGIA I<\/a><\/p>\n","protected":false},"excerpt":{"rendered":"<p>LGP04028 &#8211; PLANEJAMENTO ESTRAT\u00c9GICO LGP04027 &#8211; ELABORA\u00c7\u00c3O E GEST\u00c3O DE PROJETOS LGP04024 &#8211; ADMINISTRA\u00c7\u00c3O P\u00daBLICA LGP04016 &#8211; CONTABILIDADE P\u00daBLICA E&#8230;<\/p>\n","protected":false},"author":7,"featured_media":0,"parent":250,"menu_order":0,"comment_status":"open","ping_status":"closed","template":"","meta":{"footnotes":""},"class_list":["post-2629","page","type-page","status-publish","hentry"],"_links":{"self":[{"href":"https:\/\/uenf.br\/graduacao\/ciencias-sociais\/wp-json\/wp\/v2\/pages\/2629","targetHints":{"allow":["GET"]}}],"collection":[{"href":"https:\/\/uenf.br\/graduacao\/ciencias-sociais\/wp-json\/wp\/v2\/pages"}],"about":[{"href":"https:\/\/uenf.br\/graduacao\/ciencias-sociais\/wp-json\/wp\/v2\/types\/page"}],"author":[{"embeddable":true,"href":"https:\/\/uenf.br\/graduacao\/ciencias-sociais\/wp-json\/wp\/v2\/users\/7"}],"replies":[{"embeddable":true,"href":"https:\/\/uenf.br\/graduacao\/ciencias-sociais\/wp-json\/wp\/v2\/comments?post=2629"}],"version-history":[{"count":0,"href":"https:\/\/uenf.br\/graduacao\/ciencias-sociais\/wp-json\/wp\/v2\/pages\/2629\/revisions"}],"up":[{"embeddable":true,"href":"https:\/\/uenf.br\/graduacao\/ciencias-sociais\/wp-json\/wp\/v2\/pages\/250"}],"wp:attachment":[{"href":"https:\/\/uenf.br\/graduacao\/ciencias-sociais\/wp-json\/wp\/v2\/media?parent=2629"}],"curies":[{"name":"wp","href":"https:\/\/api.w.org\/{rel}","templated":true}]}}