{"id":296,"date":"2013-04-30T16:46:31","date_gmt":"2013-04-30T19:46:31","guid":{"rendered":"https:\/\/uenf.br\/graduacao\/ciencias-sociais\/?page_id=296"},"modified":"2019-08-28T09:46:32","modified_gmt":"2019-08-28T12:46:32","slug":"area-do-aluno","status":"publish","type":"page","link":"https:\/\/uenf.br\/graduacao\/ciencias-sociais\/area-do-aluno\/","title":{"rendered":"\u00c1rea do Aluno"},"content":{"rendered":"<h2 style=\"color: #000000\"><\/h2>\n<h3 style=\"color: #000000;text-align: center\"><span style=\"color: #ff0000\">CONFIRAM OS SEUS RESPECTIVOS PLANOS E EXTRATOS, HAVENDO QUALQUER ERRO COMUNIQUE POR EMAIL IMEDIATAMENTE A SECRETARIA, INFORMANDO O ERRO E A CORRE\u00c7\u00c3O NECESS\u00c1RIA.<\/span><\/h3>\n<p><em><strong><span style=\"color: #ff0000\">LEIA ATENTAMENTE ANTES DE USAR<\/span><\/strong><\/em><\/p>\n<p>Para acessar sua \u00e1rea basta clicar sobre sua matr\u00edcula que ser\u00e1 direcionado.<\/p>\n<p>O sistema pedir\u00e1 uma senha de acesso, esta \u00e9 o seu CPF.<\/p>\n<p>Solicito a todos a utilizarem o sistema em seus computadores pessoais, pois o sistema automaticamente armazenar\u00e1 a senha nos arquivos tempor\u00e1rios do navegador, caso necess\u00e1rio acessar de algum outro local, basta excluir os cookies e os arquivos\u00a0tempor\u00e1rios do navegador ou dados de navega\u00e7\u00e3o.<\/p>\n<p>Se algum dado faltar ou existir algum erro encaminhar email para coordena\u00e7\u00e3o informando o erro ou altera\u00e7\u00e3o.<\/p>\n<p>&nbsp;<\/p>\n<p>Matr\u00edcula \u00a0 \u00a0 \u00a0 \u00a0 \u00a0 Nome do Aluno<\/p>\n<p>&nbsp;<\/p>\n<table style=\"height: 2588px\" width=\"654\">\n<tbody>\n<tr>\n<td width=\"113\"><\/td>\n<td width=\"367\"><\/td>\n<\/tr>\n<tr>\n<td><a href=\"https:\/\/uenf.br\/graduacao\/ciencias-sociais\/area-do-aluno\/00115140576-2\/\">00115140576<\/a><\/td>\n<td>ALICE CORREA DE OLIVEIRA TAVARES<\/td>\n<\/tr>\n<tr>\n<td><a href=\"https:\/\/uenf.br\/graduacao\/ciencias-sociais\/area-do-aluno\/00115140048-2\/\">00115140147<\/a><\/td>\n<td>ANA BEATRIZ SEVERO XAVIER<\/td>\n<\/tr>\n<tr>\n<td><a href=\"https:\/\/uenf.br\/graduacao\/ciencias-sociais\/area-do-aluno\/00115140048-2-2\/\">00115140048<\/a><\/td>\n<td>ANA CAROLINA SILVA DOS SANTOS<\/td>\n<\/tr>\n<tr>\n<td><a href=\"https:\/\/uenf.br\/graduacao\/ciencias-sociais\/area-do-aluno\/00115140469-2\/\">00115140469<\/a><\/td>\n<td>ANA MARIA NASCIMENTO DA SILVA CRUZ<\/td>\n<\/tr>\n<tr>\n<td><a href=\"https:\/\/uenf.br\/graduacao\/ciencias-sociais\/area-do-aluno\/00112140785-2\/\">00112140785<\/a><\/td>\n<td>ANDERSON CUST\u00d3DIO FERREIRA<\/td>\n<\/tr>\n<tr>\n<td><a href=\"https:\/\/uenf.br\/graduacao\/ciencias-sociais\/area-do-aluno\/00113140065-2\/\">00113140065<\/a><\/td>\n<td>ANDERSON JAMAR NEVES MACIEL<\/td>\n<\/tr>\n<tr>\n<td><a href=\"https:\/\/uenf.br\/graduacao\/ciencias-sociais\/area-do-aluno\/00113140412-2\/\">00113140412<\/a><\/td>\n<td>ANDR\u00c9 MORAES BARCELLOS MARTINS DE VASCONCELLOS<\/td>\n<\/tr>\n<tr>\n<td><a href=\"https:\/\/uenf.br\/graduacao\/ciencias-sociais\/area-do-aluno\/00115149924-2\/\">00115149924<\/a><\/td>\n<td>ANDR\u00c9IA DA CONCEI\u00c7\u00c3O SOUSA<\/td>\n<\/tr>\n<tr>\n<td><a href=\"https:\/\/uenf.br\/graduacao\/ciencias-sociais\/area-do-aluno\/00114140619-2\/\">00114140619<\/a><\/td>\n<td>ANNA CAROLINE DOS SANTOS TOMAZ<\/td>\n<\/tr>\n<tr>\n<td><a href=\"https:\/\/uenf.br\/graduacao\/ciencias-sociais\/area-do-aluno\/00112140793-2\/\">00112140793<\/a><\/td>\n<td>ANNA CLARA SOUZA DOS SANTOS<\/td>\n<\/tr>\n<tr>\n<td><a href=\"https:\/\/uenf.br\/graduacao\/ciencias-sociais\/area-do-aluno\/00113140362-2\/\">00113140362<\/a><\/td>\n<td>BRUNO FELIZ DA SILVA<\/td>\n<\/tr>\n<tr>\n<td><a href=\"https:\/\/uenf.br\/graduacao\/ciencias-sociais\/area-do-aluno\/00112140256-2\/\">00112140256<\/a><\/td>\n<td>CAIO C\u00c9ZAR DE OLIVEIRA BUSANI<\/td>\n<\/tr>\n<tr>\n<td><a href=\"https:\/\/uenf.br\/graduacao\/ciencias-sociais\/area-do-aluno\/00113140206-2\/\">00113140206<\/a><\/td>\n<td>CHRISLAINE SILVA OLIVEIRA<\/td>\n<\/tr>\n<tr>\n<td><a href=\"https:\/\/uenf.br\/graduacao\/ciencias-sociais\/area-do-aluno\/00111140331-2\/\">00111140331<\/a><\/td>\n<td>CLAUDIO CLEMENTE LIMA<\/td>\n<\/tr>\n<tr>\n<td><a href=\"https:\/\/uenf.br\/graduacao\/ciencias-sociais\/area-do-aluno\/00112142963-2\/\">00112142963<\/a><\/td>\n<td>DAIANA DA SILVA ALVARENGA<\/td>\n<\/tr>\n<tr>\n<td><a href=\"https:\/\/uenf.br\/graduacao\/ciencias-sociais\/area-do-aluno\/00115140386-2\/\">00115140386<\/a><\/td>\n<td>DANIELLE VIEIRA BATISTA<\/td>\n<\/tr>\n<tr>\n<td><a href=\"https:\/\/uenf.br\/graduacao\/ciencias-sociais\/area-do-aluno\/00111140174-2\/\">00111140174<\/a><\/td>\n<td>DEMIAN SOUSA COSTA E SILVA<\/td>\n<\/tr>\n<tr>\n<td><a href=\"https:\/\/uenf.br\/graduacao\/ciencias-sociais\/area-do-aluno\/00111140323-2\/\">00111140323<\/a><\/td>\n<td>DENILSON DE SOUZA GERALDO<\/td>\n<\/tr>\n<tr>\n<td><a href=\"https:\/\/uenf.br\/graduacao\/ciencias-sociais\/area-do-aluno\/00115140766-2\/\">00115140766<\/a><\/td>\n<td>DENYS MADUREIRA BARBOSA<\/td>\n<\/tr>\n<tr>\n<td><a href=\"https:\/\/uenf.br\/graduacao\/ciencias-sociais\/area-do-aluno\/00115140568-2\/\">00115140568<\/a><\/td>\n<td>DIEGO CHAGAS BATISTA<\/td>\n<\/tr>\n<tr>\n<td><a href=\"https:\/\/uenf.br\/graduacao\/ciencias-sociais\/area-do-aluno\/00113140198-2\/\">00113140198<\/a><\/td>\n<td>DIOGO RODRIGUES LIMA<\/td>\n<\/tr>\n<tr>\n<td><a href=\"https:\/\/uenf.br\/graduacao\/ciencias-sociais\/area-do-aluno\/00112140082-2\/\">00112140082<\/a><\/td>\n<td>EDSON FILIPE DOS SANTOS COUTINHO<\/td>\n<\/tr>\n<tr>\n<td><a href=\"https:\/\/uenf.br\/graduacao\/ciencias-sociais\/area-do-aluno\/00111140349-2\/\">00111140349<\/a><\/td>\n<td>ELLEN MARA GAGLIANO BARROS<\/td>\n<\/tr>\n<tr>\n<td><a href=\"https:\/\/uenf.br\/graduacao\/ciencias-sociais\/area-do-aluno\/00115140022-2\/\">00115140022<\/a><\/td>\n<td>ELLENA DOS SANTOS MONTEIRO AZEVEDO<\/td>\n<\/tr>\n<tr>\n<td><a href=\"https:\/\/uenf.br\/graduacao\/ciencias-sociais\/area-do-aluno\/00113140032-2\/\">00113140032<\/a><\/td>\n<td>EMILLE ROCHA DE SOUZA<\/td>\n<\/tr>\n<tr>\n<td><a href=\"https:\/\/uenf.br\/graduacao\/ciencias-sociais\/area-do-aluno\/00112140280-2\/\">00112140280<\/a><\/td>\n<td>ERIVAN DA SILVA DANTAS FILHO<\/td>\n<\/tr>\n<tr>\n<td><a href=\"https:\/\/uenf.br\/graduacao\/ciencias-sociais\/area-do-aluno\/00109140335-2\/\">00109140335<\/a><\/td>\n<td>FELLIPE JOS\u00c9 COSTA PEDROZA<\/td>\n<\/tr>\n<tr>\n<td><a href=\"https:\/\/uenf.br\/graduacao\/ciencias-sociais\/area-do-aluno\/00108140260-2\/\">00108140260<\/a><\/td>\n<td>FRANCISCO DA CONCEI\u00c7\u00c3O PESSANHA SILVA<\/td>\n<\/tr>\n<tr>\n<td><a href=\"https:\/\/uenf.br\/graduacao\/ciencias-sociais\/area-do-aluno\/00114140528-2\/\">00114140528<\/a><\/td>\n<td>FRANCYNE WIGAND AUATT<\/td>\n<\/tr>\n<tr>\n<td><a href=\"https:\/\/uenf.br\/graduacao\/ciencias-sociais\/area-do-aluno\/00111140208-2\/\">00111140208<\/a><\/td>\n<td>FREDERICO NETO DE MIRANDA<\/td>\n<\/tr>\n<tr>\n<td><a href=\"https:\/\/uenf.br\/graduacao\/ciencias-sociais\/area-do-aluno\/00114140510-2\/\">00114140510<\/a><\/td>\n<td>GABRIEL TISSE DA SILVA<\/td>\n<\/tr>\n<tr>\n<td><a href=\"https:\/\/uenf.br\/graduacao\/ciencias-sociais\/area-do-aluno\/00114141278-2\/\">00114141278<\/a><\/td>\n<td>GABRIELA VIANA DE LIMA<\/td>\n<\/tr>\n<tr>\n<td><a href=\"https:\/\/uenf.br\/graduacao\/ciencias-sociais\/area-do-aluno\/00115149932-2\/\">00115149932<\/a><\/td>\n<td>GABRIELLE DA SILVA SANTOS<\/td>\n<\/tr>\n<tr>\n<td><a href=\"https:\/\/uenf.br\/graduacao\/ciencias-sociais\/area-do-aluno\/00115140063-2\/\">00115140063<\/a><\/td>\n<td>HYAGO OLIVEIRA ANDRADES<\/td>\n<\/tr>\n<tr>\n<td><a href=\"https:\/\/uenf.br\/graduacao\/ciencias-sociais\/area-do-aluno\/00113140677-2\/\">00113140677<\/a><\/td>\n<td>IGOR ANDR\u00c9 LIMA TINOCO ARIE<\/td>\n<\/tr>\n<tr>\n<td><a href=\"https:\/\/uenf.br\/graduacao\/ciencias-sociais\/area-do-aluno\/00114141237-2\/\">00114141237<\/a><\/td>\n<td>INGRID SANTANA DE OLIVEIRA<\/td>\n<\/tr>\n<tr>\n<td><a href=\"https:\/\/uenf.br\/graduacao\/ciencias-sociais\/area-do-aluno\/00114140072-2\/\">00114140072<\/a><\/td>\n<td>ISABELLA VALADARES SILVEIRA<\/td>\n<\/tr>\n<tr>\n<td><a href=\"https:\/\/uenf.br\/graduacao\/ciencias-sociais\/area-do-aluno\/00115140394-2\/\">00115140394<\/a><\/td>\n<td>JAIME COSTA FILHO<\/td>\n<\/tr>\n<tr>\n<td><a href=\"https:\/\/uenf.br\/graduacao\/ciencias-sociais\/area-do-aluno\/00112140215-2\/\">00112140215<\/a><\/td>\n<td>JESA MARIA RIBEIRO MARIANO<\/td>\n<\/tr>\n<tr>\n<td><a href=\"https:\/\/uenf.br\/graduacao\/ciencias-sociais\/area-do-aluno\/00109140053-2\/\">00109140053<\/a><\/td>\n<td>JESSICA DA COSTA BARROS<\/td>\n<\/tr>\n<tr>\n<td><a href=\"https:\/\/uenf.br\/graduacao\/ciencias-sociais\/area-do-aluno\/00113140404-2\/\">00113140404<\/a><\/td>\n<td>J\u00c9SSICA MATHEUS DE SOUZA<\/td>\n<\/tr>\n<tr>\n<td><a href=\"https:\/\/uenf.br\/graduacao\/ciencias-sociais\/area-do-aluno\/00115140055-2\/\">00115140055<\/a><\/td>\n<td>JO\u00c3O GABRIEL RIBEIRO PESSANHA LEAL<\/td>\n<\/tr>\n<tr>\n<td><a href=\"https:\/\/uenf.br\/graduacao\/ciencias-sociais\/area-do-aluno\/00114140031-2\/\">00114140031<\/a><\/td>\n<td>JO\u00c3O PEDRO GOMES TIMOTEO<\/td>\n<\/tr>\n<tr>\n<td><a href=\"https:\/\/uenf.br\/graduacao\/ciencias-sociais\/area-do-aluno\/00112140322-2\/\">00112140322<\/a><\/td>\n<td>JULIA DIAS PEREIRA<\/td>\n<\/tr>\n<tr>\n<td><a href=\"https:\/\/uenf.br\/graduacao\/ciencias-sociais\/area-do-aluno\/00115140584-2\/\">00115140584<\/a><\/td>\n<td>JULIANA VIANNA GATTS<\/td>\n<\/tr>\n<tr>\n<td><a href=\"https:\/\/uenf.br\/graduacao\/ciencias-sociais\/area-do-aluno\/00115140139-2\/\">00115140139<\/a><\/td>\n<td>LAIS BAPTISTA ROCHA<\/td>\n<\/tr>\n<tr>\n<td><a href=\"https:\/\/uenf.br\/graduacao\/ciencias-sociais\/area-do-aluno\/00114140098-2\/\">00114140098<\/a><\/td>\n<td>LAIS DA SILVA GOUV\u00caA<\/td>\n<\/tr>\n<tr>\n<td><a href=\"https:\/\/uenf.br\/graduacao\/ciencias-sociais\/area-do-aluno\/00115140030-2\/\">00115140030<\/a><\/td>\n<td>LA\u00cdS DA SILVA TEIXEIRA CORR\u00caA<\/td>\n<\/tr>\n<tr>\n<td><\/td>\n<td>LARISSA MARTINS CORR\u00caA<\/td>\n<\/tr>\n<tr>\n<td><a href=\"https:\/\/uenf.br\/graduacao\/ciencias-sociais\/area-do-aluno\/00112140090-2\/\">00112140090<\/a><\/td>\n<td>LARISSA SILVA DA HORA CAETANO<\/td>\n<\/tr>\n<tr>\n<td><a href=\"https:\/\/uenf.br\/graduacao\/ciencias-sociais\/area-do-aluno\/00114140247-2\/\">00114140247<\/a><\/td>\n<td>L\u00caNIM FABER LOPES<\/td>\n<\/tr>\n<tr>\n<td><a href=\"https:\/\/uenf.br\/graduacao\/ciencias-sociais\/area-do-aluno\/00111140059-2\/\">00111140059<\/a><\/td>\n<td>LIVIA ARAUJO SAM-SIN<\/td>\n<\/tr>\n<tr>\n<td><a href=\"https:\/\/uenf.br\/graduacao\/ciencias-sociais\/area-do-aluno\/00115140089-2\/\">00115140089<\/a><\/td>\n<td>LUCAS DE MACEDO ISIDORO<\/td>\n<\/tr>\n<tr>\n<td><a href=\"https:\/\/uenf.br\/graduacao\/ciencias-sociais\/area-do-aluno\/00115140550-2\/\">00115140550<\/a><\/td>\n<td>LUCAS SCARINI WALDHELM<\/td>\n<\/tr>\n<tr>\n<td><a href=\"https:\/\/uenf.br\/graduacao\/ciencias-sociais\/area-do-aluno\/00112140207-2\/\">00112140207<\/a><\/td>\n<td>LU\u00cdSA LINHARES MOTA DA SILVA<\/td>\n<\/tr>\n<tr>\n<td><a href=\"https:\/\/uenf.br\/graduacao\/ciencias-sociais\/area-do-aluno\/00113140222-2\/\">00113140222<\/a><\/td>\n<td>LUIZ OTAVIO PEREIRA RODRIGUES<\/td>\n<\/tr>\n<tr>\n<td><a href=\"https:\/\/uenf.br\/graduacao\/ciencias-sociais\/area-do-aluno\/00111140257-2\/\">00111140257<\/a><\/td>\n<td>MARCELO HENRIQUE SOARES DE SIQUEIRA<\/td>\n<\/tr>\n<tr>\n<td><a href=\"https:\/\/uenf.br\/graduacao\/ciencias-sociais\/area-do-aluno\/00114140536-2\/\">00114140536<\/a><\/td>\n<td>MARCELY RIBEIRO DA SILVA<\/td>\n<\/tr>\n<tr>\n<td><a href=\"https:\/\/uenf.br\/graduacao\/ciencias-sociais\/area-do-aluno\/00115140808-2\/\">00115140808<\/a><\/td>\n<td>MARESSA CORREA FERREIRA<\/td>\n<\/tr>\n<tr>\n<td><a href=\"https:\/\/uenf.br\/graduacao\/ciencias-sociais\/area-do-aluno\/00115140782-2\/\">00115140782<\/a><\/td>\n<td>MARIA CARLA CAMPISTA DE SOUSA ALVES BARCELLOS<\/td>\n<\/tr>\n<tr>\n<td><a href=\"https:\/\/uenf.br\/graduacao\/ciencias-sociais\/area-do-aluno\/00112142955-2\/\">00112142955<\/a><\/td>\n<td>MARIA EDUARDA PEREIRA<\/td>\n<\/tr>\n<tr>\n<td><a href=\"https:\/\/uenf.br\/graduacao\/ciencias-sociais\/area-do-aluno\/00115140774-2\/\">00115140774<\/a><\/td>\n<td>MARIA LET\u00cdCIA PETRUCCI RANGEL GRANJA DE ABREU<\/td>\n<\/tr>\n<tr>\n<td><a href=\"https:\/\/uenf.br\/graduacao\/ciencias-sociais\/area-do-aluno\/00115140592-2\/\">00115140592<\/a><\/td>\n<td>MILLENA ALVES DE REZENDE<\/td>\n<\/tr>\n<tr>\n<td><a href=\"https:\/\/uenf.br\/graduacao\/ciencias-sociais\/area-do-aluno\/00112140777-2\/\">00112140777<\/a><\/td>\n<td>NABILA GON\u00c7ALVES DA MATTA<\/td>\n<\/tr>\n<tr>\n<td><a href=\"https:\/\/uenf.br\/graduacao\/ciencias-sociais\/area-do-aluno\/00114140544-2\/\">00114140544<\/a><\/td>\n<td>NILZA PAES DE ANDRADE AZEVEDO<\/td>\n<\/tr>\n<tr>\n<td><a href=\"https:\/\/uenf.br\/graduacao\/ciencias-sociais\/area-do-aluno\/00114114093-2\/\">00114114093<\/a><\/td>\n<td>OLGA MARIA DE SOUZA SANTOS<\/td>\n<\/tr>\n<tr>\n<td><a href=\"https:\/\/uenf.br\/graduacao\/ciencias-sociais\/area-do-aluno\/00109140319-2\/\">00109140319<\/a><\/td>\n<td>ORAMA VALENTIM DE SOUZA BRAGA NUNES<\/td>\n<\/tr>\n<tr>\n<td><a href=\"https:\/\/uenf.br\/graduacao\/ciencias-sociais\/area-do-aluno\/00113140305-2\/\">00113140305<\/a><\/td>\n<td>PAOLLA CORR\u00caA AZEREDO<\/td>\n<\/tr>\n<tr>\n<td><a href=\"https:\/\/uenf.br\/graduacao\/ciencias-sociais\/area-do-aluno\/00113140370-2\/\">00113140370<\/a><\/td>\n<td>PAULO MARCO ERTHAL BARROS<\/td>\n<\/tr>\n<tr>\n<td><a href=\"https:\/\/uenf.br\/graduacao\/ciencias-sociais\/area-do-aluno\/00112140223-2\/\">00112140223<\/a><\/td>\n<td>PAULO VICTOR OLIVEIRA SANTANA<\/td>\n<\/tr>\n<tr>\n<td><a href=\"https:\/\/uenf.br\/graduacao\/ciencias-sociais\/area-do-aluno\/00115140790-2\/\">00115140790<\/a><\/td>\n<td>PEDRO HENRIQUE DA SILVA CAMPOS<\/td>\n<\/tr>\n<tr>\n<td><a href=\"https:\/\/uenf.br\/graduacao\/ciencias-sociais\/area-do-aluno\/00115140600-2\/\">00115140600<\/a><\/td>\n<td>RAPHAEL ANDRADE DE GODOI<\/td>\n<\/tr>\n<tr>\n<td><a href=\"https:\/\/uenf.br\/graduacao\/ciencias-sociais\/area-do-aluno\/00109140061-2\/\">00109140061<\/a><\/td>\n<td>RAPHAEL BARBOSA CASTRO SOUZA<\/td>\n<\/tr>\n<tr>\n<td><a href=\"https:\/\/uenf.br\/graduacao\/ciencias-sociais\/area-do-aluno\/00115149940-2\/\">00115149940<\/a><\/td>\n<td>RAQUEL DO ROSARIO SILVA<\/td>\n<\/tr>\n<tr>\n<td><a href=\"https:\/\/uenf.br\/graduacao\/ciencias-sociais\/area-do-aluno\/00114114085-2\/\">00114114085<\/a><\/td>\n<td>RENAN SILVA GOMES PRATA<\/td>\n<\/tr>\n<tr>\n<td><a href=\"https:\/\/uenf.br\/graduacao\/ciencias-sociais\/area-do-aluno\/00113140164-2\/\">00113140164<\/a><\/td>\n<td>RENAN TORRES DA SILVA PEREIRA<\/td>\n<\/tr>\n<tr>\n<td><a href=\"https:\/\/uenf.br\/graduacao\/ciencias-sociais\/area-do-aluno\/00115140824-2\/\">00115140824<\/a><\/td>\n<td>ROBSON RIBEIRO DE SOUZA<\/td>\n<\/tr>\n<tr>\n<td><a href=\"https:\/\/uenf.br\/graduacao\/ciencias-sociais\/area-do-aluno\/00109140327-2\/\">00109140327<\/a><\/td>\n<td>RODRIGO DE ABREU SIQUEIRA<\/td>\n<\/tr>\n<tr>\n<td><a href=\"https:\/\/uenf.br\/graduacao\/ciencias-sociais\/area-do-aluno\/00114114101-2\/\">00114114101<\/a><\/td>\n<td>SILVIO AUGUSTO DE MELO SANTOS<\/td>\n<\/tr>\n<tr>\n<td><a href=\"https:\/\/uenf.br\/graduacao\/ciencias-sociais\/area-do-aluno\/00115140832-2\/\">00115140832<\/a><\/td>\n<td>THAMIRES GON\u00c7ALVES SIQUEIRA<\/td>\n<\/tr>\n<tr>\n<td><a href=\"https:\/\/uenf.br\/graduacao\/ciencias-sociais\/area-do-aluno\/00114140049-2\/\">00114140049<\/a><\/td>\n<td>VANESSA MARINS AMADO HENRIQUES<\/td>\n<\/tr>\n<tr>\n<td><a href=\"https:\/\/uenf.br\/graduacao\/ciencias-sociais\/area-do-aluno\/00113140693-2\/\">00113140693<\/a><\/td>\n<td>YVES FARIA PESSANHA GABRIEL<\/td>\n<\/tr>\n<\/tbody>\n<\/table>\n","protected":false},"excerpt":{"rendered":"<p>CONFIRAM OS SEUS RESPECTIVOS PLANOS E EXTRATOS, HAVENDO QUALQUER ERRO COMUNIQUE POR EMAIL IMEDIATAMENTE A SECRETARIA, INFORMANDO O ERRO E&#8230;<\/p>\n","protected":false},"author":7,"featured_media":0,"parent":0,"menu_order":9,"comment_status":"open","ping_status":"closed","template":"","meta":{"footnotes":""},"class_list":["post-296","page","type-page","status-publish","hentry"],"_links":{"self":[{"href":"https:\/\/uenf.br\/graduacao\/ciencias-sociais\/wp-json\/wp\/v2\/pages\/296","targetHints":{"allow":["GET"]}}],"collection":[{"href":"https:\/\/uenf.br\/graduacao\/ciencias-sociais\/wp-json\/wp\/v2\/pages"}],"about":[{"href":"https:\/\/uenf.br\/graduacao\/ciencias-sociais\/wp-json\/wp\/v2\/types\/page"}],"author":[{"embeddable":true,"href":"https:\/\/uenf.br\/graduacao\/ciencias-sociais\/wp-json\/wp\/v2\/users\/7"}],"replies":[{"embeddable":true,"href":"https:\/\/uenf.br\/graduacao\/ciencias-sociais\/wp-json\/wp\/v2\/comments?post=296"}],"version-history":[{"count":0,"href":"https:\/\/uenf.br\/graduacao\/ciencias-sociais\/wp-json\/wp\/v2\/pages\/296\/revisions"}],"wp:attachment":[{"href":"https:\/\/uenf.br\/graduacao\/ciencias-sociais\/wp-json\/wp\/v2\/media?parent=296"}],"curies":[{"name":"wp","href":"https:\/\/api.w.org\/{rel}","templated":true}]}}