{"id":103,"date":"2025-04-01T10:37:54","date_gmt":"2025-04-01T13:37:54","guid":{"rendered":"https:\/\/uenf.br\/graduacao\/engenharia-civil\/?page_id=103"},"modified":"2025-04-01T10:37:54","modified_gmt":"2025-04-01T13:37:54","slug":"normas-de-graduacao-da-uenf","status":"publish","type":"page","link":"https:\/\/uenf.br\/graduacao\/engenharia-civil\/normas-de-graduacao-da-uenf\/","title":{"rendered":"Normas de Gradua\u00e7\u00e3o da UENF"},"content":{"rendered":"<p>Nas Normas de Gradua\u00e7\u00e3o, aprovadas em 2019 e atualizadas em 2024, o usu\u00e1rio pode encontrar regulamentos sobre o funcionamento dos cursos, regras para matr\u00edculas, normas de avalia\u00e7\u00e3o, assim como pol\u00edticas de inclus\u00e3o e diretrizes sobre est\u00e1gios. Mais informa\u00e7\u00f5es no link:<\/p>\n<p><a href=\"https:\/\/uenf.br\/graduacao\/sobre\/normas\/\" target=\"_blank\" rel=\"noopener\">https:\/\/uenf.br\/graduacao\/sobre\/normas\/<\/a><\/p>\n<p>&nbsp;<\/p>\n","protected":false},"excerpt":{"rendered":"<p>Nas Normas de Gradua\u00e7\u00e3o, aprovadas em 2019 e atualizadas em 2024, o usu\u00e1rio pode encontrar regulamentos sobre o funcionamento dos&#8230;<\/p>\n","protected":false},"author":38,"featured_media":0,"parent":0,"menu_order":0,"comment_status":"closed","ping_status":"closed","template":"","meta":{"footnotes":""},"class_list":["post-103","page","type-page","status-publish","hentry"],"_links":{"self":[{"href":"https:\/\/uenf.br\/graduacao\/engenharia-civil\/wp-json\/wp\/v2\/pages\/103","targetHints":{"allow":["GET"]}}],"collection":[{"href":"https:\/\/uenf.br\/graduacao\/engenharia-civil\/wp-json\/wp\/v2\/pages"}],"about":[{"href":"https:\/\/uenf.br\/graduacao\/engenharia-civil\/wp-json\/wp\/v2\/types\/page"}],"author":[{"embeddable":true,"href":"https:\/\/uenf.br\/graduacao\/engenharia-civil\/wp-json\/wp\/v2\/users\/38"}],"replies":[{"embeddable":true,"href":"https:\/\/uenf.br\/graduacao\/engenharia-civil\/wp-json\/wp\/v2\/comments?post=103"}],"version-history":[{"count":0,"href":"https:\/\/uenf.br\/graduacao\/engenharia-civil\/wp-json\/wp\/v2\/pages\/103\/revisions"}],"wp:attachment":[{"href":"https:\/\/uenf.br\/graduacao\/engenharia-civil\/wp-json\/wp\/v2\/media?parent=103"}],"curies":[{"name":"wp","href":"https:\/\/api.w.org\/{rel}","templated":true}]}}