{"id":105,"date":"2025-05-05T14:21:51","date_gmt":"2025-05-05T17:21:51","guid":{"rendered":"https:\/\/uenf.br\/graduacao\/engenharia-civil\/?page_id=105"},"modified":"2025-05-05T14:21:51","modified_gmt":"2025-05-05T17:21:51","slug":"calendario-academico","status":"publish","type":"page","link":"https:\/\/uenf.br\/graduacao\/engenharia-civil\/calendario-academico\/","title":{"rendered":"Calend\u00e1rio Acad\u00eamico"},"content":{"rendered":"<p>Os Calend\u00e1rios Acad\u00eamicos do ano 2025 est\u00e3o dispon\u00edveis no site da Pr\u00f3-Reitoria de Gradua\u00e7\u00e3o (PROGRAD), no seguinte link:<\/p>\n<p><a href=\"https:\/\/uenf.br\/graduacao\/calendario-academico\/\" target=\"_blank\" rel=\"noopener\">https:\/\/uenf.br\/graduacao\/calendario-academico\/<\/a><\/p>\n","protected":false},"excerpt":{"rendered":"<p>Os Calend\u00e1rios Acad\u00eamicos do ano 2025 est\u00e3o dispon\u00edveis no site da Pr\u00f3-Reitoria de Gradua\u00e7\u00e3o (PROGRAD), no seguinte link: https:\/\/uenf.br\/graduacao\/calendario-academico\/<\/p>\n","protected":false},"author":38,"featured_media":0,"parent":0,"menu_order":0,"comment_status":"closed","ping_status":"closed","template":"","meta":{"footnotes":""},"class_list":["post-105","page","type-page","status-publish","hentry"],"_links":{"self":[{"href":"https:\/\/uenf.br\/graduacao\/engenharia-civil\/wp-json\/wp\/v2\/pages\/105","targetHints":{"allow":["GET"]}}],"collection":[{"href":"https:\/\/uenf.br\/graduacao\/engenharia-civil\/wp-json\/wp\/v2\/pages"}],"about":[{"href":"https:\/\/uenf.br\/graduacao\/engenharia-civil\/wp-json\/wp\/v2\/types\/page"}],"author":[{"embeddable":true,"href":"https:\/\/uenf.br\/graduacao\/engenharia-civil\/wp-json\/wp\/v2\/users\/38"}],"replies":[{"embeddable":true,"href":"https:\/\/uenf.br\/graduacao\/engenharia-civil\/wp-json\/wp\/v2\/comments?post=105"}],"version-history":[{"count":0,"href":"https:\/\/uenf.br\/graduacao\/engenharia-civil\/wp-json\/wp\/v2\/pages\/105\/revisions"}],"wp:attachment":[{"href":"https:\/\/uenf.br\/graduacao\/engenharia-civil\/wp-json\/wp\/v2\/media?parent=105"}],"curies":[{"name":"wp","href":"https:\/\/api.w.org\/{rel}","templated":true}]}}