{"id":107,"date":"2025-05-05T14:40:14","date_gmt":"2025-05-05T17:40:14","guid":{"rendered":"https:\/\/uenf.br\/graduacao\/engenharia-civil\/?page_id=107"},"modified":"2025-05-05T14:40:14","modified_gmt":"2025-05-05T17:40:14","slug":"grade-curricular-do-curso","status":"publish","type":"page","link":"https:\/\/uenf.br\/graduacao\/engenharia-civil\/grade-curricular-do-curso\/","title":{"rendered":"Grade Curricular do Curso"},"content":{"rendered":"<p>Uma matriz (grade) curricular \u00e9 um documento que organiza as disciplinas, conte\u00fados e habilidades que devem ser trabalhados em cada n\u00edvel de ensino. Ela define os objetivos pedag\u00f3gicos e garante que o processo educativo seja estruturado e coerente, alinhando-se com as diretrizes educacionais e o Projeto Pol\u00edtico-Pedag\u00f3gico da institui\u00e7\u00e3o.<\/p>\n<p>No caso do Curso de Engenharia Civil, uma atualiza\u00e7\u00e3o do Projeto Pedag\u00f3gico do Curso foi aprovada em 2023, sendo implementada a partir desse momento uma nova grade curricular do curso:<\/p>\n<p><a href=\"https:\/\/uenf.br\/graduacao\/engenharia-civil\/wp-content\/uploads\/sites\/8\/2025\/05\/Grade-curricular-NOVA-2023.pdf\" target=\"_blank\" rel=\"noopener\">Grade curricular NOVA 2023<\/a><\/p>\n","protected":false},"excerpt":{"rendered":"<p>Uma matriz (grade) curricular \u00e9 um documento que organiza as disciplinas, conte\u00fados e habilidades que devem ser trabalhados em cada&#8230;<\/p>\n","protected":false},"author":38,"featured_media":0,"parent":0,"menu_order":0,"comment_status":"closed","ping_status":"closed","template":"","meta":{"footnotes":""},"class_list":["post-107","page","type-page","status-publish","hentry"],"_links":{"self":[{"href":"https:\/\/uenf.br\/graduacao\/engenharia-civil\/wp-json\/wp\/v2\/pages\/107","targetHints":{"allow":["GET"]}}],"collection":[{"href":"https:\/\/uenf.br\/graduacao\/engenharia-civil\/wp-json\/wp\/v2\/pages"}],"about":[{"href":"https:\/\/uenf.br\/graduacao\/engenharia-civil\/wp-json\/wp\/v2\/types\/page"}],"author":[{"embeddable":true,"href":"https:\/\/uenf.br\/graduacao\/engenharia-civil\/wp-json\/wp\/v2\/users\/38"}],"replies":[{"embeddable":true,"href":"https:\/\/uenf.br\/graduacao\/engenharia-civil\/wp-json\/wp\/v2\/comments?post=107"}],"version-history":[{"count":0,"href":"https:\/\/uenf.br\/graduacao\/engenharia-civil\/wp-json\/wp\/v2\/pages\/107\/revisions"}],"wp:attachment":[{"href":"https:\/\/uenf.br\/graduacao\/engenharia-civil\/wp-json\/wp\/v2\/media?parent=107"}],"curies":[{"name":"wp","href":"https:\/\/api.w.org\/{rel}","templated":true}]}}