{"id":112,"date":"2025-06-02T10:25:06","date_gmt":"2025-06-02T13:25:06","guid":{"rendered":"https:\/\/uenf.br\/graduacao\/engenharia-civil\/?page_id=112"},"modified":"2025-08-20T17:39:24","modified_gmt":"2025-08-20T20:39:24","slug":"coordenacao-do-curso","status":"publish","type":"page","link":"https:\/\/uenf.br\/graduacao\/engenharia-civil\/coordenacao-do-curso\/","title":{"rendered":"Coordena\u00e7\u00e3o do Curso"},"content":{"rendered":"<p>O Colegiado de Curso de Engenharia Civil \u00e9 composto pelo Coordenador do Curso (presidente), e mais quatro representantes docentes de diferentes \u00e1reas do Curso, al\u00e9m do representante discente. Todos os membros, com exce\u00e7\u00e3o do presidente, s\u00e3o indicados pelos seus pares conforme regulamento pr\u00f3prio da UENF. No caso dos representantes docentes, estes s\u00e3o indicados a cada in\u00edcio de mandato de Coordenador, enquanto os discentes seguem fluxo pr\u00f3prio.<\/p>\n<p><strong>\u2013 Coordenador de Gradua\u00e7\u00e3o:<\/strong><\/p>\n<p>Prof. Ranc\u00e9s Castillo Lara &#8211; rcl@uenf.br<\/p>\n<p><strong>\u2013 Colegiado:<\/strong><\/p>\n<p>Prof. Afonso Rangel Garcez de Azevedo &#8211; afonso@uenf.br<\/p>\n<p>Prof. Gustavo de Castro Xavier &#8211; gxavier@uenf.br<\/p>\n<p>Prof. Niander de Aguiar Cerqueira &#8211; niander@uenf.br<\/p>\n<p>Prof. Sergio Luis Gonz\u00e1lez Garcia &#8211; liluiser@uenf.br<\/p>\n<p>Michael Casanova (representante discente) &#8211; 20241100115@pq.uenf.br<\/p>\n","protected":false},"excerpt":{"rendered":"<p>O Colegiado de Curso de Engenharia Civil \u00e9 composto pelo Coordenador do Curso (presidente), e mais quatro representantes docentes de&#8230;<\/p>\n","protected":false},"author":38,"featured_media":0,"parent":0,"menu_order":0,"comment_status":"closed","ping_status":"closed","template":"","meta":{"footnotes":""},"class_list":["post-112","page","type-page","status-publish","hentry"],"_links":{"self":[{"href":"https:\/\/uenf.br\/graduacao\/engenharia-civil\/wp-json\/wp\/v2\/pages\/112","targetHints":{"allow":["GET"]}}],"collection":[{"href":"https:\/\/uenf.br\/graduacao\/engenharia-civil\/wp-json\/wp\/v2\/pages"}],"about":[{"href":"https:\/\/uenf.br\/graduacao\/engenharia-civil\/wp-json\/wp\/v2\/types\/page"}],"author":[{"embeddable":true,"href":"https:\/\/uenf.br\/graduacao\/engenharia-civil\/wp-json\/wp\/v2\/users\/38"}],"replies":[{"embeddable":true,"href":"https:\/\/uenf.br\/graduacao\/engenharia-civil\/wp-json\/wp\/v2\/comments?post=112"}],"version-history":[{"count":0,"href":"https:\/\/uenf.br\/graduacao\/engenharia-civil\/wp-json\/wp\/v2\/pages\/112\/revisions"}],"wp:attachment":[{"href":"https:\/\/uenf.br\/graduacao\/engenharia-civil\/wp-json\/wp\/v2\/media?parent=112"}],"curies":[{"name":"wp","href":"https:\/\/api.w.org\/{rel}","templated":true}]}}