{"id":115,"date":"2025-06-02T10:54:41","date_gmt":"2025-06-02T13:54:41","guid":{"rendered":"https:\/\/uenf.br\/graduacao\/engenharia-civil\/?page_id=115"},"modified":"2025-06-02T10:54:41","modified_gmt":"2025-06-02T13:54:41","slug":"projeto-pedagogico-do-curso-ppc","status":"publish","type":"page","link":"https:\/\/uenf.br\/graduacao\/engenharia-civil\/projeto-pedagogico-do-curso-ppc\/","title":{"rendered":"Projeto Pedag\u00f3gico do Curso (PPC)"},"content":{"rendered":"<p>No documento a seguir apresenta-se o projeto pedag\u00f3gico do Curso de Gradua\u00e7\u00e3o em Engenharia Civil da Universidade Estadual do Norte Fluminense Darcy Ribeiro &#8211; UENF, o qual atende aos princ\u00edpios b\u00e1sicos das Diretrizes Curriculares Nacionais para os Cursos de Engenharia, tanto em seus aspectos legais, indicados nas resolu\u00e7\u00f5es e pareceres do MEC e da UENF, quanto nos seus<br \/>\naspectos metodol\u00f3gicos e epistemol\u00f3gicos.<\/p>\n<p><a href=\"https:\/\/uenf.br\/graduacao\/engenharia-civil\/wp-content\/uploads\/sites\/8\/2025\/06\/PPC-Engenharia-Civil-FINAL.pdf\">PPC &#8211; Engenharia Civil (UENF)<\/a><\/p>\n<p>&nbsp;<\/p>\n","protected":false},"excerpt":{"rendered":"<p>No documento a seguir apresenta-se o projeto pedag\u00f3gico do Curso de Gradua\u00e7\u00e3o em Engenharia Civil da Universidade Estadual do Norte&#8230;<\/p>\n","protected":false},"author":38,"featured_media":0,"parent":0,"menu_order":0,"comment_status":"closed","ping_status":"closed","template":"","meta":{"footnotes":""},"class_list":["post-115","page","type-page","status-publish","hentry"],"_links":{"self":[{"href":"https:\/\/uenf.br\/graduacao\/engenharia-civil\/wp-json\/wp\/v2\/pages\/115","targetHints":{"allow":["GET"]}}],"collection":[{"href":"https:\/\/uenf.br\/graduacao\/engenharia-civil\/wp-json\/wp\/v2\/pages"}],"about":[{"href":"https:\/\/uenf.br\/graduacao\/engenharia-civil\/wp-json\/wp\/v2\/types\/page"}],"author":[{"embeddable":true,"href":"https:\/\/uenf.br\/graduacao\/engenharia-civil\/wp-json\/wp\/v2\/users\/38"}],"replies":[{"embeddable":true,"href":"https:\/\/uenf.br\/graduacao\/engenharia-civil\/wp-json\/wp\/v2\/comments?post=115"}],"version-history":[{"count":0,"href":"https:\/\/uenf.br\/graduacao\/engenharia-civil\/wp-json\/wp\/v2\/pages\/115\/revisions"}],"wp:attachment":[{"href":"https:\/\/uenf.br\/graduacao\/engenharia-civil\/wp-json\/wp\/v2\/media?parent=115"}],"curies":[{"name":"wp","href":"https:\/\/api.w.org\/{rel}","templated":true}]}}