{"id":128,"date":"2025-08-05T15:26:28","date_gmt":"2025-08-05T18:26:28","guid":{"rendered":"https:\/\/uenf.br\/graduacao\/engenharia-civil\/?page_id=128"},"modified":"2025-08-05T15:38:32","modified_gmt":"2025-08-05T18:38:32","slug":"trabalhos-de-conclusao-de-curso-tcc-finalizados","status":"publish","type":"page","link":"https:\/\/uenf.br\/graduacao\/engenharia-civil\/trabalhos-de-conclusao-de-curso-tcc-finalizados\/","title":{"rendered":"Trabalhos de Conclus\u00e3o de Curso (TCC) Finalizados"},"content":{"rendered":"<p>O Trabalho de Conclus\u00e3o de Curso (TCC) \u00e9 uma das etapas mais importantes na gradua\u00e7\u00e3o, exigindo dos alunos a aplica\u00e7\u00e3o pr\u00e1tica dos conhecimentos adquiridos ao longo do curso.<\/p>\n<p>Nos seguintes links, voc\u00ea poder\u00e1 conferir alguns Projetos finalizados e entregues por estudantes do nosso Curso de Gradua\u00e7\u00e3o:<\/p>\n<p><a href=\"https:\/\/uenf.br\/graduacao\/engenharia-civil\/trabalhos-de-conclusao-de-curso-tcc-finalizados\/2025-1\/\">2025<\/a><\/p>\n","protected":false},"excerpt":{"rendered":"<p>O Trabalho de Conclus\u00e3o de Curso (TCC) \u00e9 uma das etapas mais importantes na gradua\u00e7\u00e3o, exigindo dos alunos a aplica\u00e7\u00e3o&#8230;<\/p>\n","protected":false},"author":38,"featured_media":0,"parent":0,"menu_order":0,"comment_status":"closed","ping_status":"closed","template":"","meta":{"footnotes":""},"class_list":["post-128","page","type-page","status-publish","hentry"],"_links":{"self":[{"href":"https:\/\/uenf.br\/graduacao\/engenharia-civil\/wp-json\/wp\/v2\/pages\/128","targetHints":{"allow":["GET"]}}],"collection":[{"href":"https:\/\/uenf.br\/graduacao\/engenharia-civil\/wp-json\/wp\/v2\/pages"}],"about":[{"href":"https:\/\/uenf.br\/graduacao\/engenharia-civil\/wp-json\/wp\/v2\/types\/page"}],"author":[{"embeddable":true,"href":"https:\/\/uenf.br\/graduacao\/engenharia-civil\/wp-json\/wp\/v2\/users\/38"}],"replies":[{"embeddable":true,"href":"https:\/\/uenf.br\/graduacao\/engenharia-civil\/wp-json\/wp\/v2\/comments?post=128"}],"version-history":[{"count":0,"href":"https:\/\/uenf.br\/graduacao\/engenharia-civil\/wp-json\/wp\/v2\/pages\/128\/revisions"}],"wp:attachment":[{"href":"https:\/\/uenf.br\/graduacao\/engenharia-civil\/wp-json\/wp\/v2\/media?parent=128"}],"curies":[{"name":"wp","href":"https:\/\/api.w.org\/{rel}","templated":true}]}}