{"id":139,"date":"2025-08-29T11:44:05","date_gmt":"2025-08-29T14:44:05","guid":{"rendered":"https:\/\/uenf.br\/graduacao\/engenharia-civil\/?page_id=139"},"modified":"2025-08-29T11:44:05","modified_gmt":"2025-08-29T14:44:05","slug":"eenge","status":"publish","type":"page","link":"https:\/\/uenf.br\/graduacao\/engenharia-civil\/eenge\/","title":{"rendered":"EENGE"},"content":{"rendered":"<h3><b>Encontro da Engenharia Civil (EENGE) da UENF<\/b><\/h3>\n<p>O <b>Encontro da Engenharia Civil (EENGE)<\/b> da Universidade Estadual do Norte Fluminense Darcy Ribeiro (UENF) \u00e9 um dos eventos mais tradicionais e relevantes para a \u00e1rea na regi\u00e3o Norte Fluminense. Realizado anualmente e organizado pelos pr\u00f3prios alunos de gradua\u00e7\u00e3o em Engenharia Civil, o EENGE se destaca como uma iniciativa vital para a forma\u00e7\u00e3o de novos profissionais.<\/p>\n<p>Ao longo de sua hist\u00f3ria, o evento tem sido um ponto de encontro para estudantes, professores, pesquisadores e profissionais do setor, proporcionando uma ponte direta entre o conhecimento acad\u00eamico e as demandas do mercado de trabalho.<\/p>\n<p>A sua programa\u00e7\u00e3o, cuidadosamente elaborada, historicamente inclui:<\/p>\n<ul>\n<li><b>Palestras e Mesas-Redondas:<\/b> Com a participa\u00e7\u00e3o de especialistas renomados, abordando temas de ponta, como inova\u00e7\u00f5es tecnol\u00f3gicas, gest\u00e3o de projetos, infraestrutura, geotecnia e sustentabilidade.<\/li>\n<li><b>Minicursos:<\/b> Oferecendo uma oportunidade de aprofundamento pr\u00e1tico em softwares, t\u00e9cnicas e ferramentas essenciais para a atua\u00e7\u00e3o profissional.<\/li>\n<li><b>Visitas T\u00e9cnicas:<\/b> Proporcionando a chance de conhecer de perto projetos de engenharia em andamento, f\u00e1bricas ou grandes obras.<\/li>\n<\/ul>\n<p>O EENGE n\u00e3o \u00e9 apenas um evento, mas um espa\u00e7o de crescimento e networking. \u00c9 financiado exclusivamente por empresas do ramo, o que refor\u00e7a o seu compromisso com a excel\u00eancia e a conex\u00e3o com o setor privado. \u00c9 a oportunidade ideal para fortalecer la\u00e7os, trocar experi\u00eancias e estar em dia com as tend\u00eancias que moldam a nossa profiss\u00e3o.<\/p>\n<p><a href=\"https:\/\/www.even3.com.br\/26-encontro-de-engenharia-civil-605931\/\" target=\"_blank\" rel=\"noopener\">26\u00b0 Encontro da Engenharia Civil (EENGE)<\/a><\/p>\n<p>&nbsp;<\/p>\n","protected":false},"excerpt":{"rendered":"<p>Encontro da Engenharia Civil (EENGE) da UENF O Encontro da Engenharia Civil (EENGE) da Universidade Estadual do Norte Fluminense Darcy&#8230;<\/p>\n","protected":false},"author":38,"featured_media":0,"parent":0,"menu_order":0,"comment_status":"closed","ping_status":"closed","template":"","meta":{"footnotes":""},"class_list":["post-139","page","type-page","status-publish","hentry"],"_links":{"self":[{"href":"https:\/\/uenf.br\/graduacao\/engenharia-civil\/wp-json\/wp\/v2\/pages\/139","targetHints":{"allow":["GET"]}}],"collection":[{"href":"https:\/\/uenf.br\/graduacao\/engenharia-civil\/wp-json\/wp\/v2\/pages"}],"about":[{"href":"https:\/\/uenf.br\/graduacao\/engenharia-civil\/wp-json\/wp\/v2\/types\/page"}],"author":[{"embeddable":true,"href":"https:\/\/uenf.br\/graduacao\/engenharia-civil\/wp-json\/wp\/v2\/users\/38"}],"replies":[{"embeddable":true,"href":"https:\/\/uenf.br\/graduacao\/engenharia-civil\/wp-json\/wp\/v2\/comments?post=139"}],"version-history":[{"count":0,"href":"https:\/\/uenf.br\/graduacao\/engenharia-civil\/wp-json\/wp\/v2\/pages\/139\/revisions"}],"wp:attachment":[{"href":"https:\/\/uenf.br\/graduacao\/engenharia-civil\/wp-json\/wp\/v2\/media?parent=139"}],"curies":[{"name":"wp","href":"https:\/\/api.w.org\/{rel}","templated":true}]}}