{"id":142,"date":"2025-10-01T17:21:12","date_gmt":"2025-10-01T20:21:12","guid":{"rendered":"https:\/\/uenf.br\/graduacao\/engenharia-civil\/?page_id=142"},"modified":"2025-12-01T18:00:34","modified_gmt":"2025-12-01T21:00:34","slug":"corpo-docente","status":"publish","type":"page","link":"https:\/\/uenf.br\/graduacao\/engenharia-civil\/corpo-docente\/","title":{"rendered":"Corpo Docente"},"content":{"rendered":"<p>O corpo docente do Curso de Gradua\u00e7\u00e3o em Engenharia Civil da UENF \u00e9 o pilar de excel\u00eancia e inova\u00e7\u00e3o da nossa forma\u00e7\u00e3o. Contamos com um time de professores altamente qualificados, composto por Doutores com vasta experi\u00eancia acad\u00eamica, de pesquisa e profissional em diversas \u00e1reas da Engenharia Civil. Nossos docentes est\u00e3o ativamente engajados em projetos de pesquisa e extens\u00e3o, garantindo que o ensino esteja sempre atualizado com os mais recentes avan\u00e7os tecnol\u00f3gicos e demandas do mercado.<\/p>\n<p>Nesta se\u00e7\u00e3o, voc\u00ea poder\u00e1 conhecer o perfil detalhado de cada professor, suas titula\u00e7\u00f5es, \u00e1reas de especializa\u00e7\u00e3o, projetos de pesquisa e as disciplinas que ministram, reafirmando o compromisso da UENF com uma educa\u00e7\u00e3o superior de qualidade.<\/p>\n<p>&nbsp;<\/p>\n<p><a href=\"https:\/\/uenf.br\/graduacao\/engenharia-civil\/?page_id=149&amp;preview=true\">Prof. Afonso Rangel Garcez de Azevedo<\/a><\/p>\n<p><a href=\"https:\/\/uenf.br\/graduacao\/engenharia-civil\/?page_id=157&amp;preview=true\">Prof. Aldo Durand Farf\u00e1n<\/a><\/p>\n<p><a href=\"https:\/\/uenf.br\/graduacao\/engenharia-civil\/?page_id=160&amp;preview=true\">Prof. Dylmar Penteado Dias<\/a><\/p>\n<p><a href=\"https:\/\/uenf.br\/graduacao\/engenharia-civil\/?page_id=164&amp;preview=true\">Prof. Fernando Saboya Albuquerque Jr.<\/a><\/p>\n<p><a href=\"https:\/\/uenf.br\/graduacao\/engenharia-civil\/?page_id=166&amp;preview=true\">Prof. Gines Arturo Santos Falcon<\/a><\/p>\n<p><a href=\"https:\/\/uenf.br\/graduacao\/engenharia-civil\/?page_id=169&amp;preview=true\">Prof. Guilherme Chagas Cordeiro<\/a><\/p>\n<p><a href=\"https:\/\/uenf.br\/graduacao\/engenharia-civil\/?page_id=172&amp;preview=true\">Prof. Gustavo de Castro Xavier<\/a><\/p>\n<p><a href=\"https:\/\/uenf.br\/graduacao\/engenharia-civil\/?page_id=174&amp;preview=true\">Prof. Jonas Alexandre<\/a><\/p>\n<p><a href=\"https:\/\/uenf.br\/graduacao\/engenharia-civil\/?page_id=176&amp;preview=true\">Prof. Maria da Gl\u00f3ria Alves<\/a><\/p>\n<p><a href=\"https:\/\/uenf.br\/graduacao\/engenharia-civil\/?page_id=178&amp;preview=true\">Prof. Paulo C\u00e9sar de Almeida Maia<\/a><\/p>\n<p><a href=\"https:\/\/uenf.br\/graduacao\/engenharia-civil\/?page_id=180&amp;preview=true\">Prof. Ranc\u00e9s Castillo Lara<\/a><\/p>\n<p><a href=\"https:\/\/uenf.br\/graduacao\/engenharia-civil\/?page_id=186&amp;preview=true\">Prof. Rodrigo Martins Reis<\/a><\/p>\n<p><a href=\"https:\/\/uenf.br\/graduacao\/engenharia-civil\/?page_id=189&amp;preview=true\">Prof. Niander de Aguiar Cerqueira<\/a><\/p>\n<p><a href=\"https:\/\/uenf.br\/graduacao\/engenharia-civil\/?page_id=192&amp;preview=true\">Prof. Sergio Luis Gonz\u00e1lez Garcia<\/a><\/p>\n<p><a href=\"https:\/\/uenf.br\/graduacao\/engenharia-civil\/?page_id=197&amp;preview=true\">Prof. S\u00e9rgio Tibana<\/a><\/p>\n<p><a href=\"https:\/\/uenf.br\/graduacao\/engenharia-civil\/?page_id=199&amp;preview=true\">Prof. V\u00e2nia Jos\u00e9 Karam<\/a><\/p>\n","protected":false},"excerpt":{"rendered":"<p>O corpo docente do Curso de Gradua\u00e7\u00e3o em Engenharia Civil da UENF \u00e9 o pilar de excel\u00eancia e inova\u00e7\u00e3o da&#8230;<\/p>\n","protected":false},"author":38,"featured_media":0,"parent":0,"menu_order":0,"comment_status":"closed","ping_status":"closed","template":"","meta":{"footnotes":""},"class_list":["post-142","page","type-page","status-publish","hentry"],"_links":{"self":[{"href":"https:\/\/uenf.br\/graduacao\/engenharia-civil\/wp-json\/wp\/v2\/pages\/142","targetHints":{"allow":["GET"]}}],"collection":[{"href":"https:\/\/uenf.br\/graduacao\/engenharia-civil\/wp-json\/wp\/v2\/pages"}],"about":[{"href":"https:\/\/uenf.br\/graduacao\/engenharia-civil\/wp-json\/wp\/v2\/types\/page"}],"author":[{"embeddable":true,"href":"https:\/\/uenf.br\/graduacao\/engenharia-civil\/wp-json\/wp\/v2\/users\/38"}],"replies":[{"embeddable":true,"href":"https:\/\/uenf.br\/graduacao\/engenharia-civil\/wp-json\/wp\/v2\/comments?post=142"}],"version-history":[{"count":0,"href":"https:\/\/uenf.br\/graduacao\/engenharia-civil\/wp-json\/wp\/v2\/pages\/142\/revisions"}],"wp:attachment":[{"href":"https:\/\/uenf.br\/graduacao\/engenharia-civil\/wp-json\/wp\/v2\/media?parent=142"}],"curies":[{"name":"wp","href":"https:\/\/api.w.org\/{rel}","templated":true}]}}