{"id":149,"date":"2025-12-19T18:26:26","date_gmt":"2025-12-19T21:26:26","guid":{"rendered":"https:\/\/uenf.br\/graduacao\/engenharia-civil\/?page_id=149"},"modified":"2025-12-19T18:26:26","modified_gmt":"2025-12-19T21:26:26","slug":"prof-afonso-rangel-garcez-de-azevedo","status":"publish","type":"page","link":"https:\/\/uenf.br\/graduacao\/engenharia-civil\/corpo-docente\/prof-afonso-rangel-garcez-de-azevedo\/","title":{"rendered":"Prof. Afonso Rangel Garcez de Azevedo"},"content":{"rendered":"<p><img loading=\"lazy\" decoding=\"async\" class=\"size-medium wp-image-150 alignleft\" src=\"https:\/\/uenf.br\/graduacao\/engenharia-civil\/wp-content\/uploads\/sites\/8\/2025\/11\/Afonso-225x300.jpg\" alt=\"\" width=\"225\" height=\"300\" srcset=\"https:\/\/uenf.br\/graduacao\/engenharia-civil\/wp-content\/uploads\/sites\/8\/2025\/11\/Afonso-225x300.jpg 225w, https:\/\/uenf.br\/graduacao\/engenharia-civil\/wp-content\/uploads\/sites\/8\/2025\/11\/Afonso.jpg 480w\" sizes=\"auto, (max-width: 225px) 100vw, 225px\" \/><\/p>\n<p>&nbsp;<\/p>\n<p>&nbsp;<\/p>\n<p>&nbsp;<\/p>\n<p>&nbsp;<\/p>\n<p>&nbsp;<\/p>\n<p>&nbsp;<\/p>\n<p>&nbsp;<\/p>\n<p><b>Titula\u00e7\u00f5es:<\/b>\u00a0Gradua\u00e7\u00e3o em Engenharia Civil (UENF). Mestrado em Engenharia Civil &#8211; Estruturas (UENF).\u00a0Doutor em Engenharia Civil (UENF). P\u00f3s Doutorado em Engenharia e Ci\u00eancias dos Materiais (UENF)<\/p>\n<p><b>\u00c1reas de Especializa\u00e7\u00e3o\/Atua\u00e7\u00e3o:<\/b>\u00a0Hidrologia e Recursos H\u00eddricos, Geotecnia Ambiental, Materiais de Constru\u00e7\u00e3o, Engenharia Ambiental.<\/p>\n<p><b>Projetos de Pesquisa:<\/b>\u00a0Consolida\u00e7\u00e3o da Infraestrutura Multiusu\u00e1ria de Caracteriza\u00e7\u00e3o Microestrutural para Aplica\u00e7\u00f5es em Materiais Alternativos e Sustent\u00e1veis (FAPERJ);\u00a0Ativa\u00e7\u00e3o Alcalina e Microestrutura de Placas de Revestimento para a Constru\u00e7\u00e3o Civil (CNPq);\u00a0Potencial de reutiliza\u00e7\u00e3o do coral-sol (Tubastraea spp.) no desenvolvimento de materiais de constru\u00e7\u00e3o sustent\u00e1veis (CNPq);\u00a0Ativa\u00e7\u00e3o Alcalina e Microestrutura de Placas de Revestimento: Contribui\u00e7\u00f5es para a Descarboniza\u00e7\u00e3o da Constru\u00e7\u00e3o Civil (FAPERJ).<\/p>\n<p><b>Disciplinas Ministradas:<\/b>\u00a0Introdu\u00e7\u00e3o \u00e0 Engenharia\u00a0Ambiental (Obrigat\u00f3ria), Hidrologia e Recursos H\u00eddricos (Obrigat\u00f3ria), Sustentabilidade na Constru\u00e7\u00e3o\u00a0Civil (Optativa), Obras Geot\u00e9cnicas (Obrigat\u00f3ria).<\/p>\n","protected":false},"excerpt":{"rendered":"<p>&nbsp; &nbsp; &nbsp; &nbsp; &nbsp; &nbsp; &nbsp; Titula\u00e7\u00f5es:\u00a0Gradua\u00e7\u00e3o em Engenharia Civil (UENF). Mestrado em Engenharia Civil &#8211; Estruturas (UENF).\u00a0Doutor em&#8230;<\/p>\n","protected":false},"author":38,"featured_media":0,"parent":142,"menu_order":0,"comment_status":"closed","ping_status":"closed","template":"","meta":{"footnotes":""},"class_list":["post-149","page","type-page","status-publish","hentry"],"_links":{"self":[{"href":"https:\/\/uenf.br\/graduacao\/engenharia-civil\/wp-json\/wp\/v2\/pages\/149","targetHints":{"allow":["GET"]}}],"collection":[{"href":"https:\/\/uenf.br\/graduacao\/engenharia-civil\/wp-json\/wp\/v2\/pages"}],"about":[{"href":"https:\/\/uenf.br\/graduacao\/engenharia-civil\/wp-json\/wp\/v2\/types\/page"}],"author":[{"embeddable":true,"href":"https:\/\/uenf.br\/graduacao\/engenharia-civil\/wp-json\/wp\/v2\/users\/38"}],"replies":[{"embeddable":true,"href":"https:\/\/uenf.br\/graduacao\/engenharia-civil\/wp-json\/wp\/v2\/comments?post=149"}],"version-history":[{"count":0,"href":"https:\/\/uenf.br\/graduacao\/engenharia-civil\/wp-json\/wp\/v2\/pages\/149\/revisions"}],"up":[{"embeddable":true,"href":"https:\/\/uenf.br\/graduacao\/engenharia-civil\/wp-json\/wp\/v2\/pages\/142"}],"wp:attachment":[{"href":"https:\/\/uenf.br\/graduacao\/engenharia-civil\/wp-json\/wp\/v2\/media?parent=149"}],"curies":[{"name":"wp","href":"https:\/\/api.w.org\/{rel}","templated":true}]}}