{"id":160,"date":"2025-12-19T18:27:21","date_gmt":"2025-12-19T21:27:21","guid":{"rendered":"https:\/\/uenf.br\/graduacao\/engenharia-civil\/?page_id=160"},"modified":"2025-12-19T18:27:21","modified_gmt":"2025-12-19T21:27:21","slug":"prof-dylmar-penteado-dias","status":"publish","type":"page","link":"https:\/\/uenf.br\/graduacao\/engenharia-civil\/corpo-docente\/prof-dylmar-penteado-dias\/","title":{"rendered":"Prof. Dylmar Penteado Dias"},"content":{"rendered":"<p><img loading=\"lazy\" decoding=\"async\" class=\"size-medium wp-image-161 alignleft\" src=\"https:\/\/uenf.br\/graduacao\/engenharia-civil\/wp-content\/uploads\/sites\/8\/2025\/11\/Gemini_Generated_Image_if7ksgif7ksgif7k-300x300.png\" alt=\"\" width=\"300\" height=\"300\" srcset=\"https:\/\/uenf.br\/graduacao\/engenharia-civil\/wp-content\/uploads\/sites\/8\/2025\/11\/Gemini_Generated_Image_if7ksgif7ksgif7k-300x300.png 300w, https:\/\/uenf.br\/graduacao\/engenharia-civil\/wp-content\/uploads\/sites\/8\/2025\/11\/Gemini_Generated_Image_if7ksgif7ksgif7k-150x150.png 150w, https:\/\/uenf.br\/graduacao\/engenharia-civil\/wp-content\/uploads\/sites\/8\/2025\/11\/Gemini_Generated_Image_if7ksgif7ksgif7k-768x768.png 768w, https:\/\/uenf.br\/graduacao\/engenharia-civil\/wp-content\/uploads\/sites\/8\/2025\/11\/Gemini_Generated_Image_if7ksgif7ksgif7k-600x600.png 600w, https:\/\/uenf.br\/graduacao\/engenharia-civil\/wp-content\/uploads\/sites\/8\/2025\/11\/Gemini_Generated_Image_if7ksgif7ksgif7k.png 1024w\" sizes=\"auto, (max-width: 300px) 100vw, 300px\" \/><\/p>\n<p>&nbsp;<\/p>\n<p>&nbsp;<\/p>\n<p>&nbsp;<\/p>\n<p>&nbsp;<\/p>\n<p>&nbsp;<\/p>\n<p>&nbsp;<\/p>\n<p>&nbsp;<\/p>\n<p><b>Titula\u00e7\u00f5es:<\/b>\u00a0Doutor em Ci\u00eancia dos Materiais (IME), Mestre em Engenharia Civil (COPPE\/UFRJ), Graduado em Engenharia Civil (EEP\/FUMEP) e em Direito (FDC\/UNIFLU).<\/p>\n<p><b>\u00c1reas de Especializa\u00e7\u00e3o\/Atua\u00e7\u00e3o:<\/b>\u00a0Materiais e Tecnologias N\u00e3o Convencionais, Patologia de Estruturas de Concreto Armado, Responsabilidade Civil e Contratos.<\/p>\n<p><b>Projetos de Pesquisa:<\/b>\u00a0Materiais Ciment\u00edcios N\u00e3o Convencionais.<\/p>\n<p><b>Disciplinas Ministradas:<\/b>\u00a0Resist\u00eancia dos Materiais II; Patologia de Estruturas de Concreto Armado; Mat\u00e9rias Jur\u00eddicas: Responsabilidade Civil; Mat\u00e9rias Jur\u00eddicas: Contratos.<\/p>\n","protected":false},"excerpt":{"rendered":"<p>&nbsp; &nbsp; &nbsp; &nbsp; &nbsp; &nbsp; &nbsp; Titula\u00e7\u00f5es:\u00a0Doutor em Ci\u00eancia dos Materiais (IME), Mestre em Engenharia Civil (COPPE\/UFRJ), Graduado em&#8230;<\/p>\n","protected":false},"author":38,"featured_media":0,"parent":142,"menu_order":0,"comment_status":"closed","ping_status":"closed","template":"","meta":{"footnotes":""},"class_list":["post-160","page","type-page","status-publish","hentry"],"_links":{"self":[{"href":"https:\/\/uenf.br\/graduacao\/engenharia-civil\/wp-json\/wp\/v2\/pages\/160","targetHints":{"allow":["GET"]}}],"collection":[{"href":"https:\/\/uenf.br\/graduacao\/engenharia-civil\/wp-json\/wp\/v2\/pages"}],"about":[{"href":"https:\/\/uenf.br\/graduacao\/engenharia-civil\/wp-json\/wp\/v2\/types\/page"}],"author":[{"embeddable":true,"href":"https:\/\/uenf.br\/graduacao\/engenharia-civil\/wp-json\/wp\/v2\/users\/38"}],"replies":[{"embeddable":true,"href":"https:\/\/uenf.br\/graduacao\/engenharia-civil\/wp-json\/wp\/v2\/comments?post=160"}],"version-history":[{"count":0,"href":"https:\/\/uenf.br\/graduacao\/engenharia-civil\/wp-json\/wp\/v2\/pages\/160\/revisions"}],"up":[{"embeddable":true,"href":"https:\/\/uenf.br\/graduacao\/engenharia-civil\/wp-json\/wp\/v2\/pages\/142"}],"wp:attachment":[{"href":"https:\/\/uenf.br\/graduacao\/engenharia-civil\/wp-json\/wp\/v2\/media?parent=160"}],"curies":[{"name":"wp","href":"https:\/\/api.w.org\/{rel}","templated":true}]}}