{"id":166,"date":"2025-12-19T18:27:46","date_gmt":"2025-12-19T21:27:46","guid":{"rendered":"https:\/\/uenf.br\/graduacao\/engenharia-civil\/?page_id=166"},"modified":"2025-12-24T10:52:03","modified_gmt":"2025-12-24T13:52:03","slug":"prof-gines-arturo-santos-falcon","status":"publish","type":"page","link":"https:\/\/uenf.br\/graduacao\/engenharia-civil\/corpo-docente\/prof-gines-arturo-santos-falcon\/","title":{"rendered":"Prof. Gines Arturo Santos Falcon"},"content":{"rendered":"<p><img loading=\"lazy\" decoding=\"async\" class=\"size-medium wp-image-167 alignleft\" src=\"https:\/\/uenf.br\/graduacao\/engenharia-civil\/wp-content\/uploads\/sites\/8\/2025\/11\/Gines-foto3x4-2025-2-237x300.jpg\" alt=\"\" width=\"237\" height=\"300\" srcset=\"https:\/\/uenf.br\/graduacao\/engenharia-civil\/wp-content\/uploads\/sites\/8\/2025\/11\/Gines-foto3x4-2025-2-237x300.jpg 237w, https:\/\/uenf.br\/graduacao\/engenharia-civil\/wp-content\/uploads\/sites\/8\/2025\/11\/Gines-foto3x4-2025-2.jpg 257w\" sizes=\"auto, (max-width: 237px) 100vw, 237px\" \/><\/p>\n<p>&nbsp;<\/p>\n<p>&nbsp;<\/p>\n<p>&nbsp;<\/p>\n<p>&nbsp;<\/p>\n<p>&nbsp;<\/p>\n<p>&nbsp;<\/p>\n<p>&nbsp;<\/p>\n<p><b>Titula\u00e7\u00f5es:<\/b> Gradua\u00e7\u00e3o em Engenharia Mec\u00e2nica (Universidade Nacional de Ingenieria, Lima, Per\u00fa); Mestrado e Doutorado em Mec\u00e2nica dos S\u00f3lidos (COPPE\/UFRJ); Est\u00e1gio p\u00f3s-doutoral (Universidad Polit\u00e9cnica de Cartagena, Espanha)<\/p>\n<p><b>\u00c1reas de Especializa\u00e7\u00e3o\/Atua\u00e7\u00e3o:<\/b> Resist\u00eancia dos Materiais, An\u00e1lise Estrutural, Estruturas de A\u00e7o, M\u00e9todos Num\u00e9ricos Aplicados \u00e0 Engenharia Civil e Otimiza\u00e7\u00e3o Estrutural.<\/p>\n<p><b>Projetos de Pesquisa:<\/b> Dimensionamento \u00f3timo de p\u00f3rticos de a\u00e7o &#8211; Comportamento N\u00e3o Linear Geom\u00e9trico; Dimensionamento \u00f3timo de p\u00f3rticos de a\u00e7o com liga\u00e7\u00f5es semirr\u00edgidas; Banco de dados digital de liga\u00e7\u00f5es viga-pilar para dimensionamento \u00f3timo de p\u00f3rticos de a\u00e7o; Dimensionamento \u00f3timo de vigas mistas a\u00e7o-concreto com intera\u00e7\u00e3o parcial.<\/p>\n<p><b>Disciplinas Ministradas:<\/b> Estruturas de a\u00e7o e madeira; An\u00e1lise matricial de estruturas; Resist\u00eancia dos Materiais; An\u00e1lise Estrutural I<\/p>\n","protected":false},"excerpt":{"rendered":"<p>&nbsp; &nbsp; &nbsp; &nbsp; &nbsp; &nbsp; &nbsp; Titula\u00e7\u00f5es: Gradua\u00e7\u00e3o em Engenharia Mec\u00e2nica (Universidade Nacional de Ingenieria, Lima, Per\u00fa); Mestrado e&#8230;<\/p>\n","protected":false},"author":38,"featured_media":0,"parent":142,"menu_order":0,"comment_status":"closed","ping_status":"closed","template":"","meta":{"footnotes":""},"class_list":["post-166","page","type-page","status-publish","hentry"],"_links":{"self":[{"href":"https:\/\/uenf.br\/graduacao\/engenharia-civil\/wp-json\/wp\/v2\/pages\/166","targetHints":{"allow":["GET"]}}],"collection":[{"href":"https:\/\/uenf.br\/graduacao\/engenharia-civil\/wp-json\/wp\/v2\/pages"}],"about":[{"href":"https:\/\/uenf.br\/graduacao\/engenharia-civil\/wp-json\/wp\/v2\/types\/page"}],"author":[{"embeddable":true,"href":"https:\/\/uenf.br\/graduacao\/engenharia-civil\/wp-json\/wp\/v2\/users\/38"}],"replies":[{"embeddable":true,"href":"https:\/\/uenf.br\/graduacao\/engenharia-civil\/wp-json\/wp\/v2\/comments?post=166"}],"version-history":[{"count":0,"href":"https:\/\/uenf.br\/graduacao\/engenharia-civil\/wp-json\/wp\/v2\/pages\/166\/revisions"}],"up":[{"embeddable":true,"href":"https:\/\/uenf.br\/graduacao\/engenharia-civil\/wp-json\/wp\/v2\/pages\/142"}],"wp:attachment":[{"href":"https:\/\/uenf.br\/graduacao\/engenharia-civil\/wp-json\/wp\/v2\/media?parent=166"}],"curies":[{"name":"wp","href":"https:\/\/api.w.org\/{rel}","templated":true}]}}