{"id":169,"date":"2025-12-19T18:27:52","date_gmt":"2025-12-19T21:27:52","guid":{"rendered":"https:\/\/uenf.br\/graduacao\/engenharia-civil\/?page_id=169"},"modified":"2025-12-24T10:52:20","modified_gmt":"2025-12-24T13:52:20","slug":"prof-guilherme-chagas-cordeiro","status":"publish","type":"page","link":"https:\/\/uenf.br\/graduacao\/engenharia-civil\/corpo-docente\/prof-guilherme-chagas-cordeiro\/","title":{"rendered":"Prof. Guilherme Chagas Cordeiro"},"content":{"rendered":"<p><img loading=\"lazy\" decoding=\"async\" class=\"size-medium wp-image-170 alignleft\" src=\"https:\/\/uenf.br\/graduacao\/engenharia-civil\/wp-content\/uploads\/sites\/8\/2025\/11\/GCC2-300x300.png\" alt=\"\" width=\"300\" height=\"300\" srcset=\"https:\/\/uenf.br\/graduacao\/engenharia-civil\/wp-content\/uploads\/sites\/8\/2025\/11\/GCC2-300x300.png 300w, https:\/\/uenf.br\/graduacao\/engenharia-civil\/wp-content\/uploads\/sites\/8\/2025\/11\/GCC2-150x150.png 150w, https:\/\/uenf.br\/graduacao\/engenharia-civil\/wp-content\/uploads\/sites\/8\/2025\/11\/GCC2-600x600.png 600w, https:\/\/uenf.br\/graduacao\/engenharia-civil\/wp-content\/uploads\/sites\/8\/2025\/11\/GCC2.png 694w\" sizes=\"auto, (max-width: 300px) 100vw, 300px\" \/><\/p>\n<p>&nbsp;<\/p>\n<p>&nbsp;<\/p>\n<p>&nbsp;<\/p>\n<p>&nbsp;<\/p>\n<p>&nbsp;<\/p>\n<p>&nbsp;<\/p>\n<p>&nbsp;<\/p>\n<p><b>Titula\u00e7\u00f5es:<\/b> Doutorado em Engenharia Civil (COPPE-UFRJ); Mestrado em Engenharia Civil (UENF); Gradua\u00e7\u00e3o em Engenharia Civil (UENF); P\u00f3s-doc no Georgia Institute of Technology (Georgia Tech).<\/p>\n<p><b>\u00c1reas de Especializa\u00e7\u00e3o\/Atua\u00e7\u00e3o:<\/b> Materiais Ciment\u00edcios; Emprego de Res\u00edduos no Concreto; Dosagem de Concreto.<\/p>\n<p><b>Projetos de Pesquisa:<\/b> (i) Aproveitamento de CBCA para a produ\u00e7\u00e3o de MCSs sustent\u00e1veis (CNPq 308698\/2025-8); (ii) Cinza do baga\u00e7o de cana-de-a\u00e7\u00facar: material ciment\u00edcio suplementar estrat\u00e9gico para o Brasil (FAPERJ E-26\/201.053\/2022): (iii) Production and characterization of magnesium-based cement using water treatment plant sludge (CNPq 420022\/2021-0).<\/p>\n<p><b>Disciplinas Ministradas:<\/b> Materiais de Constru\u00e7\u00e3o II; An\u00e1lise Estrutural II; Dosagem de Materiais Ciment\u00edcios; Materiais Comp\u00f3sitos.<\/p>\n","protected":false},"excerpt":{"rendered":"<p>&nbsp; &nbsp; &nbsp; &nbsp; &nbsp; &nbsp; &nbsp; Titula\u00e7\u00f5es: Doutorado em Engenharia Civil (COPPE-UFRJ); Mestrado em Engenharia Civil (UENF); Gradua\u00e7\u00e3o em&#8230;<\/p>\n","protected":false},"author":38,"featured_media":0,"parent":142,"menu_order":0,"comment_status":"closed","ping_status":"closed","template":"","meta":{"footnotes":""},"class_list":["post-169","page","type-page","status-publish","hentry"],"_links":{"self":[{"href":"https:\/\/uenf.br\/graduacao\/engenharia-civil\/wp-json\/wp\/v2\/pages\/169","targetHints":{"allow":["GET"]}}],"collection":[{"href":"https:\/\/uenf.br\/graduacao\/engenharia-civil\/wp-json\/wp\/v2\/pages"}],"about":[{"href":"https:\/\/uenf.br\/graduacao\/engenharia-civil\/wp-json\/wp\/v2\/types\/page"}],"author":[{"embeddable":true,"href":"https:\/\/uenf.br\/graduacao\/engenharia-civil\/wp-json\/wp\/v2\/users\/38"}],"replies":[{"embeddable":true,"href":"https:\/\/uenf.br\/graduacao\/engenharia-civil\/wp-json\/wp\/v2\/comments?post=169"}],"version-history":[{"count":0,"href":"https:\/\/uenf.br\/graduacao\/engenharia-civil\/wp-json\/wp\/v2\/pages\/169\/revisions"}],"up":[{"embeddable":true,"href":"https:\/\/uenf.br\/graduacao\/engenharia-civil\/wp-json\/wp\/v2\/pages\/142"}],"wp:attachment":[{"href":"https:\/\/uenf.br\/graduacao\/engenharia-civil\/wp-json\/wp\/v2\/media?parent=169"}],"curies":[{"name":"wp","href":"https:\/\/api.w.org\/{rel}","templated":true}]}}