{"id":176,"date":"2025-12-19T18:28:15","date_gmt":"2025-12-19T21:28:15","guid":{"rendered":"https:\/\/uenf.br\/graduacao\/engenharia-civil\/?page_id=176"},"modified":"2025-12-24T10:53:10","modified_gmt":"2025-12-24T13:53:10","slug":"prof-maria-da-gloria-alves","status":"publish","type":"page","link":"https:\/\/uenf.br\/graduacao\/engenharia-civil\/corpo-docente\/prof-maria-da-gloria-alves\/","title":{"rendered":"Prof. Maria da Gl\u00f3ria Alves"},"content":{"rendered":"<p><em>(em constru\u00e7\u00e3o)<\/em><\/p>\n<p>&nbsp;<\/p>\n","protected":false},"excerpt":{"rendered":"<p>(em constru\u00e7\u00e3o) &nbsp;<\/p>\n","protected":false},"author":38,"featured_media":0,"parent":142,"menu_order":0,"comment_status":"closed","ping_status":"closed","template":"","meta":{"footnotes":""},"class_list":["post-176","page","type-page","status-publish","hentry"],"_links":{"self":[{"href":"https:\/\/uenf.br\/graduacao\/engenharia-civil\/wp-json\/wp\/v2\/pages\/176","targetHints":{"allow":["GET"]}}],"collection":[{"href":"https:\/\/uenf.br\/graduacao\/engenharia-civil\/wp-json\/wp\/v2\/pages"}],"about":[{"href":"https:\/\/uenf.br\/graduacao\/engenharia-civil\/wp-json\/wp\/v2\/types\/page"}],"author":[{"embeddable":true,"href":"https:\/\/uenf.br\/graduacao\/engenharia-civil\/wp-json\/wp\/v2\/users\/38"}],"replies":[{"embeddable":true,"href":"https:\/\/uenf.br\/graduacao\/engenharia-civil\/wp-json\/wp\/v2\/comments?post=176"}],"version-history":[{"count":0,"href":"https:\/\/uenf.br\/graduacao\/engenharia-civil\/wp-json\/wp\/v2\/pages\/176\/revisions"}],"up":[{"embeddable":true,"href":"https:\/\/uenf.br\/graduacao\/engenharia-civil\/wp-json\/wp\/v2\/pages\/142"}],"wp:attachment":[{"href":"https:\/\/uenf.br\/graduacao\/engenharia-civil\/wp-json\/wp\/v2\/media?parent=176"}],"curies":[{"name":"wp","href":"https:\/\/api.w.org\/{rel}","templated":true}]}}