{"id":180,"date":"2025-12-19T18:28:32","date_gmt":"2025-12-19T21:28:32","guid":{"rendered":"https:\/\/uenf.br\/graduacao\/engenharia-civil\/?page_id=180"},"modified":"2025-12-24T10:54:01","modified_gmt":"2025-12-24T13:54:01","slug":"prof-rances-castillo-lara","status":"publish","type":"page","link":"https:\/\/uenf.br\/graduacao\/engenharia-civil\/corpo-docente\/prof-rances-castillo-lara\/","title":{"rendered":"Prof. Ranc\u00e9s Castillo Lara"},"content":{"rendered":"<p><img loading=\"lazy\" decoding=\"async\" class=\"size-medium wp-image-181 alignleft\" src=\"https:\/\/uenf.br\/graduacao\/engenharia-civil\/wp-content\/uploads\/sites\/8\/2025\/12\/RCL-UENF-205x300.jpg\" alt=\"\" width=\"205\" height=\"300\" srcset=\"https:\/\/uenf.br\/graduacao\/engenharia-civil\/wp-content\/uploads\/sites\/8\/2025\/12\/RCL-UENF-205x300.jpg 205w, https:\/\/uenf.br\/graduacao\/engenharia-civil\/wp-content\/uploads\/sites\/8\/2025\/12\/RCL-UENF.jpg 492w\" sizes=\"auto, (max-width: 205px) 100vw, 205px\" \/><\/p>\n<p>&nbsp;<\/p>\n<p>&nbsp;<\/p>\n<p>&nbsp;<\/p>\n<p>&nbsp;<\/p>\n<p>&nbsp;<\/p>\n<p>&nbsp;<\/p>\n<p>&nbsp;<\/p>\n<p><strong>Titula\u00e7\u00f5es<\/strong>: Doutorado em Engenharia Civil (UCLV, Cuba); Gradua\u00e7\u00e3o em Engenharia Civil (UCLV, Cuba); P\u00f3s Doutorado em Engenharia Civil (UENF)<\/p>\n<p><strong>\u00c1reas de Especializa\u00e7\u00e3o\/Atua\u00e7\u00e3o:<\/strong> Materiais Ciment\u00edcios, Durabilidade, An\u00e1lise Experimental, Caracteriza\u00e7\u00e3o Micro\/Macro Estrutural; Cimentos de Argila Calcinada e Calc\u00e1reo (LC3).<\/p>\n<p><strong>Projetos de Pesquisa:<\/strong> Sustentabilidade em estruturas de concreto e sua rela\u00e7\u00e3o com o meio ambiente (FAPERJ); Avalia\u00e7\u00e3o da durabilidade de estruturas de concreto armado expostas a ambientes marinhos na regi\u00e3o norte-noroeste do Estado do Rio de Janeiro (PAPIC-UENF); Estudo de cimentos LC3 produzidos com diferentes argilas e res\u00edduos gerados no estado de Minas Gerais (FAPEMIG).<\/p>\n<p><strong>Disciplinas Ministradas:<\/strong> Materiais de Constru\u00e7\u00e3o I; T\u00f3picos em Tecnologia das Estruturas de Concreto Pr\u00e9-Moldado; M\u00e9todos Experimentais Para An\u00e1lise de Estruturas; Ensaios N\u00e3o Destrutivos em Estruturas de Concreto.<\/p>\n","protected":false},"excerpt":{"rendered":"<p>&nbsp; &nbsp; &nbsp; &nbsp; &nbsp; &nbsp; &nbsp; Titula\u00e7\u00f5es: Doutorado em Engenharia Civil (UCLV, Cuba); Gradua\u00e7\u00e3o em Engenharia Civil (UCLV, Cuba);&#8230;<\/p>\n","protected":false},"author":38,"featured_media":0,"parent":142,"menu_order":0,"comment_status":"closed","ping_status":"closed","template":"","meta":{"footnotes":""},"class_list":["post-180","page","type-page","status-publish","hentry"],"_links":{"self":[{"href":"https:\/\/uenf.br\/graduacao\/engenharia-civil\/wp-json\/wp\/v2\/pages\/180","targetHints":{"allow":["GET"]}}],"collection":[{"href":"https:\/\/uenf.br\/graduacao\/engenharia-civil\/wp-json\/wp\/v2\/pages"}],"about":[{"href":"https:\/\/uenf.br\/graduacao\/engenharia-civil\/wp-json\/wp\/v2\/types\/page"}],"author":[{"embeddable":true,"href":"https:\/\/uenf.br\/graduacao\/engenharia-civil\/wp-json\/wp\/v2\/users\/38"}],"replies":[{"embeddable":true,"href":"https:\/\/uenf.br\/graduacao\/engenharia-civil\/wp-json\/wp\/v2\/comments?post=180"}],"version-history":[{"count":0,"href":"https:\/\/uenf.br\/graduacao\/engenharia-civil\/wp-json\/wp\/v2\/pages\/180\/revisions"}],"up":[{"embeddable":true,"href":"https:\/\/uenf.br\/graduacao\/engenharia-civil\/wp-json\/wp\/v2\/pages\/142"}],"wp:attachment":[{"href":"https:\/\/uenf.br\/graduacao\/engenharia-civil\/wp-json\/wp\/v2\/media?parent=180"}],"curies":[{"name":"wp","href":"https:\/\/api.w.org\/{rel}","templated":true}]}}