{"id":192,"date":"2025-12-19T18:28:47","date_gmt":"2025-12-19T21:28:47","guid":{"rendered":"https:\/\/uenf.br\/graduacao\/engenharia-civil\/?page_id=192"},"modified":"2025-12-24T10:54:35","modified_gmt":"2025-12-24T13:54:35","slug":"prof-sergio-luis-gonzalez-garcia","status":"publish","type":"page","link":"https:\/\/uenf.br\/graduacao\/engenharia-civil\/corpo-docente\/prof-sergio-luis-gonzalez-garcia\/","title":{"rendered":"Prof. Sergio Luis Gonz\u00e1lez Garcia"},"content":{"rendered":"<p><img loading=\"lazy\" decoding=\"async\" class=\"size-full wp-image-193 alignleft\" src=\"https:\/\/uenf.br\/graduacao\/engenharia-civil\/wp-content\/uploads\/sites\/8\/2025\/12\/Sergio-Gonzalez.jpg\" alt=\"\" width=\"171\" height=\"228\" \/><\/p>\n<p>&nbsp;<\/p>\n<p>&nbsp;<\/p>\n<p>&nbsp;<\/p>\n<p>&nbsp;<\/p>\n<p>&nbsp;<\/p>\n<p>&nbsp;<\/p>\n<p><b>Titula\u00e7\u00f5es:<\/b> Gradua\u00e7\u00e3o em Engenharia Civil (UCLV, Cuba). Mestrado em Engenharia Civil (COPPE, UFRJ). Doutor em Engenharia Civil (COPPE, UFRJ).<\/p>\n<p><b>\u00c1reas de Especializa\u00e7\u00e3o\/Atua\u00e7\u00e3o:<\/b> Estruturas, An\u00e1lise Experimental de Estruturas de Concreto Armado d Protendido, Concreto Leve, Concreto Geopolim\u00e9rico, Concretos com Agregados Reciclados, Concretos Autoadens\u00e1veis, Concreto Refor\u00e7ado com Fibras Sint\u00e9ticas e Naturais, Otimiza\u00e7\u00e3o Estrutural.<\/p>\n<p><b>Projetos de Pesquisa:<\/b> Refor\u00e7o e Reparo de Vigas de Concreto Armado Usando um Comp\u00f3sito de Matriz Geopolimerica com Fibras Naturais; Refor\u00e7o e Reparo de Vigas de Concreto Armado com Comp\u00f3sitos Refor\u00e7ados com Fibras de coco e Sisal.<\/p>\n<p><b>Disciplinas Ministradas:<\/b> Concreto Armado I; Concreto Armado II; Introdu\u00e7\u00e3o ao Concreto Protendido<\/p>\n","protected":false},"excerpt":{"rendered":"<p>&nbsp; &nbsp; &nbsp; &nbsp; &nbsp; &nbsp; Titula\u00e7\u00f5es: Gradua\u00e7\u00e3o em Engenharia Civil (UCLV, Cuba). Mestrado em Engenharia Civil (COPPE, UFRJ). Doutor&#8230;<\/p>\n","protected":false},"author":38,"featured_media":0,"parent":142,"menu_order":0,"comment_status":"closed","ping_status":"closed","template":"","meta":{"footnotes":""},"class_list":["post-192","page","type-page","status-publish","hentry"],"_links":{"self":[{"href":"https:\/\/uenf.br\/graduacao\/engenharia-civil\/wp-json\/wp\/v2\/pages\/192","targetHints":{"allow":["GET"]}}],"collection":[{"href":"https:\/\/uenf.br\/graduacao\/engenharia-civil\/wp-json\/wp\/v2\/pages"}],"about":[{"href":"https:\/\/uenf.br\/graduacao\/engenharia-civil\/wp-json\/wp\/v2\/types\/page"}],"author":[{"embeddable":true,"href":"https:\/\/uenf.br\/graduacao\/engenharia-civil\/wp-json\/wp\/v2\/users\/38"}],"replies":[{"embeddable":true,"href":"https:\/\/uenf.br\/graduacao\/engenharia-civil\/wp-json\/wp\/v2\/comments?post=192"}],"version-history":[{"count":0,"href":"https:\/\/uenf.br\/graduacao\/engenharia-civil\/wp-json\/wp\/v2\/pages\/192\/revisions"}],"up":[{"embeddable":true,"href":"https:\/\/uenf.br\/graduacao\/engenharia-civil\/wp-json\/wp\/v2\/pages\/142"}],"wp:attachment":[{"href":"https:\/\/uenf.br\/graduacao\/engenharia-civil\/wp-json\/wp\/v2\/media?parent=192"}],"curies":[{"name":"wp","href":"https:\/\/api.w.org\/{rel}","templated":true}]}}