{"id":2,"date":"2017-03-29T12:21:38","date_gmt":"2017-03-29T15:21:38","guid":{"rendered":"https:\/\/uenf.br\/graduacao\/engenharia-civil\/?page_id=2"},"modified":"2025-01-28T11:13:05","modified_gmt":"2025-01-28T14:13:05","slug":"apresentacao","status":"publish","type":"page","link":"https:\/\/uenf.br\/graduacao\/engenharia-civil\/","title":{"rendered":"Apresenta\u00e7\u00e3o"},"content":{"rendered":"<h2 class=\"title_article\">Engenharia Civil<\/h2>\n<p><img loading=\"lazy\" decoding=\"async\" class=\"alignleft wp-image-91 size-medium\" src=\"https:\/\/uenf.br\/graduacao\/engenharia-civil\/wp-content\/uploads\/sites\/8\/2025\/01\/civil-eng-300x200.jpg\" alt=\"\" width=\"300\" height=\"200\" srcset=\"https:\/\/uenf.br\/graduacao\/engenharia-civil\/wp-content\/uploads\/sites\/8\/2025\/01\/civil-eng-300x200.jpg 300w, https:\/\/uenf.br\/graduacao\/engenharia-civil\/wp-content\/uploads\/sites\/8\/2025\/01\/civil-eng-768x511.jpg 768w, https:\/\/uenf.br\/graduacao\/engenharia-civil\/wp-content\/uploads\/sites\/8\/2025\/01\/civil-eng.jpg 1000w\" sizes=\"auto, (max-width: 300px) 100vw, 300px\" \/>O objetivo do Curso de Engenharia Civil \u00e9 a forma\u00e7\u00e3o de profissionais para atuarem na \u00e1rea da Engenharia Civil que sejam \u00e9ticos, humanistas, respeitem o meio ambiente, eficientes e empreendedores, al\u00e9m do esp\u00edrito cr\u00edtico e comprometido com o bem-estar da sociedade local e nacional. De acordo com as diretrizes da UENF, o Curso se preocupa com a organiza\u00e7\u00e3o constante, o entusiasmo, a disciplina e o esp\u00edrito participativo dos atores nele envolvidos.<\/p>\n<p>Ao longo da forma\u00e7\u00e3o dos discentes, eles s\u00e3o apresentados ao contexto de forma\u00e7\u00e3o \u00e9tica e cidad\u00e3, em termos de valora\u00e7\u00e3o de princ\u00edpios sociais aplicados \u00e0 pr\u00e1tica da Engenharia Civil, isso posto de forma transversal em diversas disciplinas do Curso.<\/p>\n<p>O profissional egresso do Curso de Gradua\u00e7\u00e3o em Engenharia Civil da Universidade Estadual no Norte Fluminense Darcy Ribeiro obt\u00e9m o t\u00edtulo de Engenheiro Civil, sendo um profissional com capacidade de analisar, criar, operar e modificar diferentes obras civis, atentando-se sempre aos princ\u00edpios \u00e9ticos aliados a melhor pr\u00e1tica tecnol\u00f3gica e ambiental. Elaboram projetos de engenharia civil, gerenciam obras, controlam a qualidade de empreendimentos, coordenam a opera\u00e7\u00e3o e manuten\u00e7\u00e3o de empreendimentos. Podem prestar consultoria, assist\u00eancia e assessoria e elaborar pesquisas tecnol\u00f3gicas.<\/p>\n<p>O Engenheiro Civil tem um amplo leque de \u00e1reas de atua\u00e7\u00e3o, refletindo a diversidade e a complexidade da infraestrutura e do ambiente constru\u00eddo. Aqui est\u00e3o algumas das principais \u00e1reas em que esses profissionais podem trabalhar:<\/p>\n<h3 class=\"mb-2 mt-6 text-lg first:mt-3\">Principais \u00c1reas de Atua\u00e7\u00e3o<\/h3>\n<ol>\n<li><strong>Constru\u00e7\u00e3o Civil<\/strong>: Esta \u00e9 a \u00e1rea mais tradicional, onde os engenheiros civis gerenciam, planejam e executam obras de constru\u00e7\u00e3o, reforma e recupera\u00e7\u00e3o. O foco \u00e9 garantir a seguran\u00e7a, funcionalidade e sustentabilidade dos projetos.<\/li>\n<li><strong>Geotecnia<\/strong>: Envolve o estudo das propriedades do solo e sua intera\u00e7\u00e3o com estruturas. Os engenheiros geot\u00e9cnicos realizam an\u00e1lises para garantir a seguran\u00e7a de funda\u00e7\u00f5es, barragens e outras obras que dependem da mec\u00e2nica do solo.<\/li>\n<li><strong>Saneamento B\u00e1sico<\/strong>: Os profissionais nesta \u00e1rea trabalham em projetos relacionados ao abastecimento de \u00e1gua, tratamento de esgoto, drenagem e gest\u00e3o de res\u00edduos s\u00f3lidos. A rela\u00e7\u00e3o com a sa\u00fade p\u00fablica e o meio ambiente \u00e9 crucial.<\/li>\n<li><strong>Per\u00edcia<\/strong>: Engenheiros civis podem atuar na avalia\u00e7\u00e3o de obras, emitindo laudos t\u00e9cnicos sobre suas condi\u00e7\u00f5es estruturais. Essa fun\u00e7\u00e3o \u00e9 vital para garantir a seguran\u00e7a das edifica\u00e7\u00f5es.<\/li>\n<li><strong>Seguran\u00e7a do Trabalho<\/strong>: Nesta \u00e1rea, os engenheiros s\u00e3o respons\u00e1veis por garantir a seguran\u00e7a dos trabalhadores em canteiros de obras, analisando condi\u00e7\u00f5es de trabalho e implementando medidas preventivas.<\/li>\n<li><strong>Estradas e Transportes<\/strong>: Engenheiros civis podem trabalhar na constru\u00e7\u00e3o e manuten\u00e7\u00e3o de rodovias, ferrovias, portos e aeroportos, al\u00e9m de planejar sistemas de transporte urbano.<\/li>\n<li><strong>Georreferenciamento Rural<\/strong>: Essa especialidade envolve o mapeamento e a valida\u00e7\u00e3o das \u00e1reas rurais, sendo essencial em processos legais relacionados a propriedades.<\/li>\n<li><strong>Ind\u00fastria de Concreto e Pr\u00e9-Moldados<\/strong>: Os engenheiros atuam na otimiza\u00e7\u00e3o da produ\u00e7\u00e3o de estruturas pr\u00e9-fabricadas, focando na qualidade e na sustentabilidade dos materiais utilizados.<\/li>\n<\/ol>\n<p>Essas \u00e1reas refletem n\u00e3o apenas as habilidades t\u00e9cnicas necess\u00e1rias para o exerc\u00edcio da engenharia civil, mas tamb\u00e9m a import\u00e2ncia desse campo para o desenvolvimento sustent\u00e1vel das cidades e da infraestrutura nacional.<\/p>\n<p><a style=\"color: #13aff0\" title=\"P\u00e1gina do Laborat\u00f3rio e curso de Engenharia Civil\" href=\"https:\/\/uenf.br\/cct\/leciv\/\" target=\"_blank\" rel=\"noopener noreferrer\">Visite a p\u00e1gina do Laborat\u00f3rio de Engenharia Civil<\/a><\/p>\n<p>Coordenador do Curso: Prof. Ranc\u00e9s Castillo Lara, D.Sc. \/ <a href=\"mailto:rcl@uenf.br\">rcl@uenf.br<\/a> \/ (22) 2739-7380<\/p>\n<p>Conceito (CPC\/MEC): 4<\/p>\n<p>Vestibular: Enem<\/p>\n<p>N\u00famero de vagas: 30<\/p>\n<p>C\u00f3digo do curso:\u00a038234.<\/p>\n","protected":false},"excerpt":{"rendered":"<p>Engenharia Civil O objetivo do Curso de Engenharia Civil \u00e9 a forma\u00e7\u00e3o de profissionais para atuarem na \u00e1rea da Engenharia&#8230;<\/p>\n","protected":false},"author":14,"featured_media":0,"parent":0,"menu_order":0,"comment_status":"closed","ping_status":"closed","template":"","meta":{"footnotes":""},"class_list":["post-2","page","type-page","status-publish","hentry"],"_links":{"self":[{"href":"https:\/\/uenf.br\/graduacao\/engenharia-civil\/wp-json\/wp\/v2\/pages\/2","targetHints":{"allow":["GET"]}}],"collection":[{"href":"https:\/\/uenf.br\/graduacao\/engenharia-civil\/wp-json\/wp\/v2\/pages"}],"about":[{"href":"https:\/\/uenf.br\/graduacao\/engenharia-civil\/wp-json\/wp\/v2\/types\/page"}],"author":[{"embeddable":true,"href":"https:\/\/uenf.br\/graduacao\/engenharia-civil\/wp-json\/wp\/v2\/users\/14"}],"replies":[{"embeddable":true,"href":"https:\/\/uenf.br\/graduacao\/engenharia-civil\/wp-json\/wp\/v2\/comments?post=2"}],"version-history":[{"count":0,"href":"https:\/\/uenf.br\/graduacao\/engenharia-civil\/wp-json\/wp\/v2\/pages\/2\/revisions"}],"wp:attachment":[{"href":"https:\/\/uenf.br\/graduacao\/engenharia-civil\/wp-json\/wp\/v2\/media?parent=2"}],"curies":[{"name":"wp","href":"https:\/\/api.w.org\/{rel}","templated":true}]}}