{"id":99,"date":"2025-04-01T10:31:33","date_gmt":"2025-04-01T13:31:33","guid":{"rendered":"https:\/\/uenf.br\/graduacao\/engenharia-civil\/?page_id=99"},"modified":"2025-04-01T10:31:33","modified_gmt":"2025-04-01T13:31:33","slug":"regimento-de-graduacao-da-uenf","status":"publish","type":"page","link":"https:\/\/uenf.br\/graduacao\/engenharia-civil\/regimento-de-graduacao-da-uenf\/","title":{"rendered":"Regimento de Gradua\u00e7\u00e3o da UENF"},"content":{"rendered":"<p>No seguinte link podem ser consultadas as diretrizes que conformam o Regimento da C\u00e2mara de Gradua\u00e7\u00e3o da UENF, aprovadas em 2019<\/p>\n<p><a href=\"https:\/\/uenf.br\/graduacao\/sobre\/regimento\/\" target=\"_blank\" rel=\"noopener\">https:\/\/uenf.br\/graduacao\/sobre\/regimento\/<\/a><\/p>\n","protected":false},"excerpt":{"rendered":"<p>No seguinte link podem ser consultadas as diretrizes que conformam o Regimento da C\u00e2mara de Gradua\u00e7\u00e3o da UENF, aprovadas em&#8230;<\/p>\n","protected":false},"author":38,"featured_media":0,"parent":0,"menu_order":0,"comment_status":"closed","ping_status":"closed","template":"","meta":{"footnotes":""},"class_list":["post-99","page","type-page","status-publish","hentry"],"_links":{"self":[{"href":"https:\/\/uenf.br\/graduacao\/engenharia-civil\/wp-json\/wp\/v2\/pages\/99","targetHints":{"allow":["GET"]}}],"collection":[{"href":"https:\/\/uenf.br\/graduacao\/engenharia-civil\/wp-json\/wp\/v2\/pages"}],"about":[{"href":"https:\/\/uenf.br\/graduacao\/engenharia-civil\/wp-json\/wp\/v2\/types\/page"}],"author":[{"embeddable":true,"href":"https:\/\/uenf.br\/graduacao\/engenharia-civil\/wp-json\/wp\/v2\/users\/38"}],"replies":[{"embeddable":true,"href":"https:\/\/uenf.br\/graduacao\/engenharia-civil\/wp-json\/wp\/v2\/comments?post=99"}],"version-history":[{"count":0,"href":"https:\/\/uenf.br\/graduacao\/engenharia-civil\/wp-json\/wp\/v2\/pages\/99\/revisions"}],"wp:attachment":[{"href":"https:\/\/uenf.br\/graduacao\/engenharia-civil\/wp-json\/wp\/v2\/media?parent=99"}],"curies":[{"name":"wp","href":"https:\/\/api.w.org\/{rel}","templated":true}]}}