{"id":110,"date":"2024-09-29T14:45:04","date_gmt":"2024-09-29T17:45:04","guid":{"rendered":"https:\/\/uenf.br\/graduacao\/engenharia-de-producao\/?page_id=110"},"modified":"2024-11-08T11:11:06","modified_gmt":"2024-11-08T14:11:06","slug":"secretaria-do-curso","status":"publish","type":"page","link":"https:\/\/uenf.br\/graduacao\/engenharia-de-producao\/secretaria-do-curso\/","title":{"rendered":"Secretaria do Curso"},"content":{"rendered":"<p>A secretaria do curso possui atendimento \u00e0s ter\u00e7as, quartas e quintas de forma presencial no hor\u00e1rio de 14hrs \u00e0s 16hrs<br \/>\nLocal: sala dos cursos, p\u00e1tio do cct.<\/p>\n","protected":false},"excerpt":{"rendered":"<p>A secretaria do curso possui atendimento \u00e0s ter\u00e7as, quartas e quintas de forma presencial no hor\u00e1rio de 14hrs \u00e0s 16hrs&#8230;<\/p>\n","protected":false},"author":33,"featured_media":0,"parent":0,"menu_order":0,"comment_status":"closed","ping_status":"closed","template":"","meta":{"footnotes":""},"class_list":["post-110","page","type-page","status-publish","hentry"],"_links":{"self":[{"href":"https:\/\/uenf.br\/graduacao\/engenharia-de-producao\/wp-json\/wp\/v2\/pages\/110","targetHints":{"allow":["GET"]}}],"collection":[{"href":"https:\/\/uenf.br\/graduacao\/engenharia-de-producao\/wp-json\/wp\/v2\/pages"}],"about":[{"href":"https:\/\/uenf.br\/graduacao\/engenharia-de-producao\/wp-json\/wp\/v2\/types\/page"}],"author":[{"embeddable":true,"href":"https:\/\/uenf.br\/graduacao\/engenharia-de-producao\/wp-json\/wp\/v2\/users\/33"}],"replies":[{"embeddable":true,"href":"https:\/\/uenf.br\/graduacao\/engenharia-de-producao\/wp-json\/wp\/v2\/comments?post=110"}],"version-history":[{"count":0,"href":"https:\/\/uenf.br\/graduacao\/engenharia-de-producao\/wp-json\/wp\/v2\/pages\/110\/revisions"}],"wp:attachment":[{"href":"https:\/\/uenf.br\/graduacao\/engenharia-de-producao\/wp-json\/wp\/v2\/media?parent=110"}],"curies":[{"name":"wp","href":"https:\/\/api.w.org\/{rel}","templated":true}]}}