{"id":112,"date":"2024-09-29T14:48:04","date_gmt":"2024-09-29T17:48:04","guid":{"rendered":"https:\/\/uenf.br\/graduacao\/engenharia-de-producao\/?page_id=112"},"modified":"2024-12-15T16:48:27","modified_gmt":"2024-12-15T19:48:27","slug":"coordenacao-do-curso","status":"publish","type":"page","link":"https:\/\/uenf.br\/graduacao\/engenharia-de-producao\/coordenacao-do-curso\/","title":{"rendered":"Coordena\u00e7\u00e3o do Curso"},"content":{"rendered":"<p>Nesta p\u00e1gina constam informa\u00e7\u00f5es e contatos acerca de assuntos acad\u00eamicos para que os alunos do curso possam saber a quem recorrer para esclarecimento de eventuais d\u00favidas como est\u00e1gio, extens\u00e3o e outras. Os alunos podem entrar em contato com os professores respons\u00e1veis por cada \u00e1rea por algum email informado abaixo ou falar pessoalmente procurando-os no hor\u00e1rio de aula <a href=\"https:\/\/uenf.br\/graduacao\/engenharia-de-producao\/grade-curricular-2\/\">(link para hor\u00e1rios de aula<\/a>) ou pessoalmente na sala dos professores do curso localizada no pr\u00e9dio P5, andar 1, sala 127.<\/p>\n<p><span style=\"color: #333399\"><strong>SETOR ACAD\u00caMICO<\/strong><\/span><\/p>\n<p><strong>Coordenador de Gradua\u00e7\u00e3o:\u00a0 \u00a0<\/strong>Prof. Sebasti\u00e3o D\u00e9cio Coimbra de Souza<\/p>\n<p><strong>Email<\/strong>: <a href=\"mailto:cgeprod@uenf.br\">cgeprod@uenf.br<\/a><\/p>\n<p><strong>Secret\u00e1rio<\/strong>: Luciano Viana<\/p>\n<p><strong>Email: <\/strong><a href=\"mailto:secprod@uenf.com\" target=\"_blank\" rel=\"noopener noreferrer\"><span dir=\"ltr\" data-tooltip=\"Enviar e-mail\">secprod@uenf.br<\/span><\/a><\/p>\n<p>&nbsp;<\/p>\n<p><strong><span style=\"color: #333399\">COORDENA\u00c7\u00c3O DE EST\u00c1GIO<\/span><\/strong><\/p>\n<p><strong>Coordenadora de Est\u00e1gio do Curso:<\/strong> Profa. Jacqueline Magalh\u00e3es Rangel Cortes Barbirato<\/p>\n<p><strong>Email<\/strong>: <a href=\"mailto:jmrc@uenf.br\" target=\"_blank\" rel=\"noopener noreferrer\"><span dir=\"ltr\" data-tooltip=\"Enviar e-mail\">jmrc@uenf.br<\/span><\/a><\/p>\n<p>&nbsp;<\/p>\n<p><strong><span style=\"color: #333399\">COORDENA\u00c7\u00c3O DE EXTENS\u00c3O<\/span><\/strong><\/p>\n<p><strong>Coordenador de Extens\u00e3o do Curso: <\/strong>Prof. Frederico Muylaert Margem<\/p>\n<p><strong>Email: <\/strong><a href=\"mailto:fmargem@uenf.br\"><span dir=\"ltr\" data-tooltip=\"Enviar e-mail\">fmargem@uenf.br<\/span><\/a><\/p>\n<p>&nbsp;<\/p>\n<p>&nbsp;<\/p>\n","protected":false},"excerpt":{"rendered":"<p>Nesta p\u00e1gina constam informa\u00e7\u00f5es e contatos acerca de assuntos acad\u00eamicos para que os alunos do curso possam saber a quem&#8230;<\/p>\n","protected":false},"author":33,"featured_media":0,"parent":0,"menu_order":1,"comment_status":"closed","ping_status":"closed","template":"","meta":{"footnotes":""},"class_list":["post-112","page","type-page","status-publish","hentry"],"_links":{"self":[{"href":"https:\/\/uenf.br\/graduacao\/engenharia-de-producao\/wp-json\/wp\/v2\/pages\/112","targetHints":{"allow":["GET"]}}],"collection":[{"href":"https:\/\/uenf.br\/graduacao\/engenharia-de-producao\/wp-json\/wp\/v2\/pages"}],"about":[{"href":"https:\/\/uenf.br\/graduacao\/engenharia-de-producao\/wp-json\/wp\/v2\/types\/page"}],"author":[{"embeddable":true,"href":"https:\/\/uenf.br\/graduacao\/engenharia-de-producao\/wp-json\/wp\/v2\/users\/33"}],"replies":[{"embeddable":true,"href":"https:\/\/uenf.br\/graduacao\/engenharia-de-producao\/wp-json\/wp\/v2\/comments?post=112"}],"version-history":[{"count":0,"href":"https:\/\/uenf.br\/graduacao\/engenharia-de-producao\/wp-json\/wp\/v2\/pages\/112\/revisions"}],"wp:attachment":[{"href":"https:\/\/uenf.br\/graduacao\/engenharia-de-producao\/wp-json\/wp\/v2\/media?parent=112"}],"curies":[{"name":"wp","href":"https:\/\/api.w.org\/{rel}","templated":true}]}}