{"id":121,"date":"2024-12-15T13:36:58","date_gmt":"2024-12-15T16:36:58","guid":{"rendered":"https:\/\/uenf.br\/graduacao\/engenharia-de-producao\/?page_id=121"},"modified":"2025-04-18T17:47:19","modified_gmt":"2025-04-18T20:47:19","slug":"docentes2","status":"publish","type":"page","link":"https:\/\/uenf.br\/graduacao\/engenharia-de-producao\/docentes2\/","title":{"rendered":"Docentes"},"content":{"rendered":"<h2>Professores do Laborat\u00f3rio de Engenharia de Produ\u00e7\u00e3o (LEPROD)<\/h2>\n<table border=\"1\">\n<tbody>\n<tr>\n<th><strong>Docente <\/strong>(CCT\/LEPROD)<\/th>\n<th><strong>Disciplina\/\u00c1rea<\/strong><\/th>\n<th><strong>Forma\u00e7\u00e3o e Titula\u00e7\u00e3o<\/strong><\/th>\n<th><strong>Email<\/strong><\/th>\n<\/tr>\n<tr>\n<td>Alcimar das Chagas Ribeiro<\/td>\n<td>Introdu\u00e7\u00e3o \u00e0 Economia, Gest\u00e3o de Custos, Economia<\/td>\n<td>D.Sc. Eng. de Produ\u00e7\u00e3o<\/td>\n<td>alcimar@uenf.br<\/td>\n<\/tr>\n<tr>\n<td>Andr\u00e9 Lu\u00eds Policani Freitas<\/td>\n<td>Gest\u00e3o da Qualidade, Adm. de Opera\u00e7\u00f5es e Servi\u00e7os<\/td>\n<td>Eng. Mec\u00e2nica, D.Sc. Eng. de Produ\u00e7\u00e3o<\/td>\n<td>policani@uenf.br<\/td>\n<\/tr>\n<tr>\n<td>Carlos Leonardo Ramos P\u00f3voa<\/td>\n<td>Log\u00edstica, Sistemas de Informa\u00e7\u00e3o<\/td>\n<td>Eng. Cartogr\u00e1fica, D.Sc. Eng. de Produ\u00e7\u00e3o<\/td>\n<td>clrp@uenf.br<\/td>\n<\/tr>\n<tr>\n<td>Gudelia G.M. de Arica<\/td>\n<td>Pesquisa Operacional, Probabilidade e Estat\u00edstica<\/td>\n<td>Matem\u00e1tica, D.Sc. Eng. de Sistemas<\/td>\n<td>gudelia@uenf.br<\/td>\n<\/tr>\n<tr>\n<td>Jacqueline M. R. C. Barbirato<\/td>\n<td>Projeto Industrial, Simula\u00e7\u00e3o<\/td>\n<td>Eng. Qu\u00edmica, D.Sc. Eng. de Produ\u00e7\u00e3o<\/td>\n<td>jmrc@uenf.br<\/td>\n<\/tr>\n<tr>\n<td>Jos\u00e9 Ram\u00f3n Arica Ch\u00e1vez<\/td>\n<td>Pesquisa Operacional, M\u00e9todos Estat\u00edsticos<\/td>\n<td>Matem\u00e1tica, D.Sc. Eng. de Sistemas<\/td>\n<td>arica@uenf.br<\/td>\n<\/tr>\n<tr>\n<td>Luis Henrique Zeferino<\/td>\n<td>Computa\u00e7\u00e3o p\/ Engenharia, Projeto de Produto<\/td>\n<td>Matem\u00e1tica, D.Sc. Eng. de Materiais<\/td>\n<td>lhzefe@uenf.br<\/td>\n<\/tr>\n<tr>\n<td>Manuel Antonio Molina Palma<\/td>\n<td>Gest\u00e3o Estrat\u00e9gica, Empreendedorismo<\/td>\n<td>Administra\u00e7\u00e3o, D.Sc. Administra\u00e7\u00e3o<\/td>\n<td>mmolina@uenf.br<\/td>\n<\/tr>\n<tr>\n<td>Rodrigo Tavares Nogueira<\/td>\n<td>Engenharia de M\u00e9todos, PCP<\/td>\n<td>Eng. Metal\u00fargica, D.Sc. Eng. de Produ\u00e7\u00e3o<\/td>\n<td>nogueirart@uenf.br<\/td>\n<\/tr>\n<tr>\n<td>Sebasti\u00e3o D\u00e9cio Coimbra de Souza<\/td>\n<td>Organiza\u00e7\u00e3o Industrial, Din\u00e2mica Competitiva<\/td>\n<td>Eng. El\u00e9trica, D.Sc. Eng. de Produ\u00e7\u00e3o<\/td>\n<td>decio@uenf.br<\/td>\n<\/tr>\n<tr>\n<td>Diego Julio Pacheco<\/td>\n<td>Pesquisa Operacional e Estat\u00edstica<\/td>\n<td>Eng. de Produ\u00e7\u00e3o, D.Sc. Eng. Produ\u00e7\u00e3o e Sistemas<\/td>\n<td>diego.pacheco@uenf.br<\/td>\n<\/tr>\n<tr>\n<td><span style=\"color: #2b2b2b;font-family: Open Sans\">Frederico Muylaert\u00a0<\/span>Margem<\/td>\n<td>Ger\u00eancia da Produ\u00e7\u00e3o\/Planejamento e Controle da Produ\u00e7\u00e3o<\/td>\n<td>Eng. Produ\u00e7\u00e3o El\u00e9trica, D.Sc. Eng. e Ci\u00eancia dos Materiais<\/td>\n<td>\n<table border=\"1\">\n<tbody>\n<tr>\n<td>fmargem<a id=\"m_6277600770728409219plusReplyChip-0\" class=\"gmail_plusreply\"><\/a>@uenf.br<\/td>\n<\/tr>\n<\/tbody>\n<\/table>\n<div><\/div>\n<\/td>\n<\/tr>\n<\/tbody>\n<\/table>\n<h2>Professores de Outros Laborat\u00f3rios da UENF<\/h2>\n<p>&nbsp;<\/p>\n<table border=\"1\">\n<tbody>\n<tr>\n<th><strong>Docente (Centro\/Laborat\u00f3rio)<\/strong><\/th>\n<th><strong>Disciplina\/\u00c1rea<\/strong><\/th>\n<th><strong>Forma\u00e7\u00e3o B\u00e1sica \/ P\u00f3s-gradua\u00e7\u00e3o<\/strong><\/th>\n<\/tr>\n<tr>\n<td>Alexandre Moura Stumbo (CCT\/LCQUI)<\/td>\n<td>Processos da Ind\u00fastria Qu\u00edmica<\/td>\n<td>Eng. Qu\u00edmica \/ D.Sc. Ci\u00eancias Naturais<\/td>\n<\/tr>\n<tr>\n<td>Ana Maria Silva da Senna (CCT\/LCMAT)<\/td>\n<td>M\u00e9todos Matem\u00e1ticos<\/td>\n<td>Matem\u00e1tica \/ D.Sc. Eng. Civil<\/td>\n<\/tr>\n<tr>\n<td>Angelus Giuseppe Pereira da Silva (CCT\/LAMAV)<\/td>\n<td>Ci\u00eancia dos Materiais<\/td>\n<td>F\u00edsica \/ Ph.D. F\u00edsica<\/td>\n<\/tr>\n<tr>\n<td>Carlos Maur\u00edcio Fontes Vieira (CCT\/LAMAV)<\/td>\n<td>Engenharia Ambiental<\/td>\n<td>Eng. Mec\u00e2nica \/ D.Sc. Eng. dos Materiais<\/td>\n<\/tr>\n<tr>\n<td>Denise Ribeiro dos Santos (CCT\/LCFIS)<\/td>\n<td>F\u00edsica<\/td>\n<td>F\u00edsica \/ D.Sc. F\u00edsica<\/td>\n<\/tr>\n<tr>\n<td>Edmilson Jos\u00e9 Maria (CCT\/LCQUI)<\/td>\n<td>Qu\u00edmica<\/td>\n<td>Qu\u00edmica \/ D.Sc. Qu\u00edmica<\/td>\n<\/tr>\n<tr>\n<td>Eduardo Atem de Carvalho (CCT\/LAMAV)<\/td>\n<td>Resist\u00eancia dos Materiais<\/td>\n<td>Eng. Mec\u00e2nica \/ Ph.D.<\/td>\n<\/tr>\n<tr>\n<td>Jonas Alexandre (CCT\/LECIV)<\/td>\n<td>Desenho t\u00e9cnico<\/td>\n<td>Eng. Civil \/ D.Sc. Ci\u00eancias Engenharia<\/td>\n<\/tr>\n<tr>\n<td>Jose Augusto Pedro Lima (CCT\/LCFIS)<\/td>\n<td>F\u00edsica<\/td>\n<td>Eng. El\u00e9trica \/ D.Sc. Ci\u00eancias Engenharia<\/td>\n<\/tr>\n<tr>\n<td>Rigoberto Sanabria (CCT\/LCMAT)<\/td>\n<td>C\u00e1lculo<\/td>\n<td>Matem\u00e1tica \/ D.Sc. Eng. Civil<\/td>\n<\/tr>\n<tr>\n<td>Marcelo de Oliveira Souza (CCT\/LCFIS)<\/td>\n<td>F\u00edsica<\/td>\n<td>F\u00edsica \/ D.Sc. em F\u00edsica<\/td>\n<\/tr>\n<tr>\n<td>Rafael Brand\u00e3o de Rezende Borges (CCT\/LCMAT)<\/td>\n<td>C\u00e1lculo, \u00c1lgebra<\/td>\n<td>Matem\u00e1tica \/ D.Sc. Matem\u00e1tica<\/td>\n<\/tr>\n<tr>\n<td>Paulo Roberto Nagipe da Silva (CCT\/LCQUI)<\/td>\n<td>Qu\u00edmica<\/td>\n<td>Qu\u00edmico \/ D.Sc. Qu\u00edmica<\/td>\n<\/tr>\n<tr>\n<td>Ranc\u00e9s Castillo Lara (CCT\/LECIV)<\/td>\n<td>Fen\u00f4menos dos Transportes<\/td>\n<td>Eng. Civil \/ D.Sc. Ci\u00eancias T\u00e9cnicas<\/td>\n<\/tr>\n<tr>\n<td>Roberto Weider de Assis Franco (CCT\/LCFIS)<\/td>\n<td>F\u00edsica<\/td>\n<td>Eng. El\u00e9trica \/ D.Sc. Ci\u00eancias<\/td>\n<\/tr>\n<tr>\n<td>Eliana Crispim Fran\u00e7a Luquetti (CCH\/LEEL)<\/td>\n<td>Portugu\u00eas<\/td>\n<td>Letras \/ D.Sc. Lingu\u00edstica<\/td>\n<\/tr>\n<tr>\n<td>Wania Am\u00e9lia Belchior Mesquita (CCH\/LESCE)<\/td>\n<td>Sociologia do trabalho<\/td>\n<td>Sociologia \/ D.Sc. Sociologia<\/td>\n<\/tr>\n<\/tbody>\n<\/table>\n","protected":false},"excerpt":{"rendered":"<p>Professores do Laborat\u00f3rio de Engenharia de Produ\u00e7\u00e3o (LEPROD) Docente (CCT\/LEPROD) Disciplina\/\u00c1rea Forma\u00e7\u00e3o e Titula\u00e7\u00e3o Email Alcimar das Chagas Ribeiro Introdu\u00e7\u00e3o&#8230;<\/p>\n","protected":false},"author":33,"featured_media":0,"parent":0,"menu_order":4,"comment_status":"closed","ping_status":"closed","template":"","meta":{"footnotes":""},"class_list":["post-121","page","type-page","status-publish","hentry"],"_links":{"self":[{"href":"https:\/\/uenf.br\/graduacao\/engenharia-de-producao\/wp-json\/wp\/v2\/pages\/121","targetHints":{"allow":["GET"]}}],"collection":[{"href":"https:\/\/uenf.br\/graduacao\/engenharia-de-producao\/wp-json\/wp\/v2\/pages"}],"about":[{"href":"https:\/\/uenf.br\/graduacao\/engenharia-de-producao\/wp-json\/wp\/v2\/types\/page"}],"author":[{"embeddable":true,"href":"https:\/\/uenf.br\/graduacao\/engenharia-de-producao\/wp-json\/wp\/v2\/users\/33"}],"replies":[{"embeddable":true,"href":"https:\/\/uenf.br\/graduacao\/engenharia-de-producao\/wp-json\/wp\/v2\/comments?post=121"}],"version-history":[{"count":0,"href":"https:\/\/uenf.br\/graduacao\/engenharia-de-producao\/wp-json\/wp\/v2\/pages\/121\/revisions"}],"wp:attachment":[{"href":"https:\/\/uenf.br\/graduacao\/engenharia-de-producao\/wp-json\/wp\/v2\/media?parent=121"}],"curies":[{"name":"wp","href":"https:\/\/api.w.org\/{rel}","templated":true}]}}