{"id":137,"date":"2024-11-04T17:08:27","date_gmt":"2024-11-04T20:08:27","guid":{"rendered":"https:\/\/uenf.br\/graduacao\/engenharia-de-producao\/?page_id=137"},"modified":"2025-08-06T20:35:38","modified_gmt":"2025-08-06T23:35:38","slug":"semestre-impar","status":"publish","type":"page","link":"https:\/\/uenf.br\/graduacao\/engenharia-de-producao\/grade-curricular-2\/semestre-impar\/","title":{"rendered":"Semestre \u00edmpar"},"content":{"rendered":"<p>Abaixo o link do drive da grade hor\u00e1ria do semestre \u00edmpar do curso de engenharia de produ\u00e7\u00e3o para consulta dos discente:<\/p>\n<p><a href=\"https:\/\/docs.google.com\/spreadsheets\/d\/1uvhSLxWWBexMKUa7oGdrDB73V05g4VHs\/edit?pli=1&amp;gid=1098424602#gid=1098424602\">Grade hor\u00e1ria \u00edmpar<\/a><\/p>\n<p>&nbsp;<\/p>\n","protected":false},"excerpt":{"rendered":"<p>Abaixo o link do drive da grade hor\u00e1ria do semestre \u00edmpar do curso de engenharia de produ\u00e7\u00e3o para consulta dos&#8230;<\/p>\n","protected":false},"author":33,"featured_media":0,"parent":50,"menu_order":0,"comment_status":"closed","ping_status":"closed","template":"","meta":{"footnotes":""},"class_list":["post-137","page","type-page","status-publish","hentry"],"_links":{"self":[{"href":"https:\/\/uenf.br\/graduacao\/engenharia-de-producao\/wp-json\/wp\/v2\/pages\/137","targetHints":{"allow":["GET"]}}],"collection":[{"href":"https:\/\/uenf.br\/graduacao\/engenharia-de-producao\/wp-json\/wp\/v2\/pages"}],"about":[{"href":"https:\/\/uenf.br\/graduacao\/engenharia-de-producao\/wp-json\/wp\/v2\/types\/page"}],"author":[{"embeddable":true,"href":"https:\/\/uenf.br\/graduacao\/engenharia-de-producao\/wp-json\/wp\/v2\/users\/33"}],"replies":[{"embeddable":true,"href":"https:\/\/uenf.br\/graduacao\/engenharia-de-producao\/wp-json\/wp\/v2\/comments?post=137"}],"version-history":[{"count":0,"href":"https:\/\/uenf.br\/graduacao\/engenharia-de-producao\/wp-json\/wp\/v2\/pages\/137\/revisions"}],"up":[{"embeddable":true,"href":"https:\/\/uenf.br\/graduacao\/engenharia-de-producao\/wp-json\/wp\/v2\/pages\/50"}],"wp:attachment":[{"href":"https:\/\/uenf.br\/graduacao\/engenharia-de-producao\/wp-json\/wp\/v2\/media?parent=137"}],"curies":[{"name":"wp","href":"https:\/\/api.w.org\/{rel}","templated":true}]}}