{"id":147,"date":"2024-12-15T13:26:39","date_gmt":"2024-12-15T16:26:39","guid":{"rendered":"https:\/\/uenf.br\/graduacao\/engenharia-de-producao\/?page_id=147"},"modified":"2024-12-15T13:27:07","modified_gmt":"2024-12-15T16:27:07","slug":"legislacao","status":"publish","type":"page","link":"https:\/\/uenf.br\/graduacao\/engenharia-de-producao\/legislacao\/","title":{"rendered":"Legisla\u00e7\u00e3o"},"content":{"rendered":"<p>Normas de gradua\u00e7\u00e3o<\/p>\n<p>&nbsp;<\/p>\n<p>PPC<\/p>\n","protected":false},"excerpt":{"rendered":"<p>Normas de gradua\u00e7\u00e3o &nbsp; PPC<\/p>\n","protected":false},"author":33,"featured_media":0,"parent":0,"menu_order":10,"comment_status":"closed","ping_status":"closed","template":"","meta":{"footnotes":""},"class_list":["post-147","page","type-page","status-publish","hentry"],"_links":{"self":[{"href":"https:\/\/uenf.br\/graduacao\/engenharia-de-producao\/wp-json\/wp\/v2\/pages\/147","targetHints":{"allow":["GET"]}}],"collection":[{"href":"https:\/\/uenf.br\/graduacao\/engenharia-de-producao\/wp-json\/wp\/v2\/pages"}],"about":[{"href":"https:\/\/uenf.br\/graduacao\/engenharia-de-producao\/wp-json\/wp\/v2\/types\/page"}],"author":[{"embeddable":true,"href":"https:\/\/uenf.br\/graduacao\/engenharia-de-producao\/wp-json\/wp\/v2\/users\/33"}],"replies":[{"embeddable":true,"href":"https:\/\/uenf.br\/graduacao\/engenharia-de-producao\/wp-json\/wp\/v2\/comments?post=147"}],"version-history":[{"count":0,"href":"https:\/\/uenf.br\/graduacao\/engenharia-de-producao\/wp-json\/wp\/v2\/pages\/147\/revisions"}],"wp:attachment":[{"href":"https:\/\/uenf.br\/graduacao\/engenharia-de-producao\/wp-json\/wp\/v2\/media?parent=147"}],"curies":[{"name":"wp","href":"https:\/\/api.w.org\/{rel}","templated":true}]}}