{"id":166,"date":"2024-12-17T11:20:50","date_gmt":"2024-12-17T14:20:50","guid":{"rendered":"https:\/\/uenf.br\/graduacao\/engenharia-de-producao\/?page_id=166"},"modified":"2024-12-17T11:31:40","modified_gmt":"2024-12-17T14:31:40","slug":"orientacoes-gerais-para-solicitacoes-de-alunos","status":"publish","type":"page","link":"https:\/\/uenf.br\/graduacao\/engenharia-de-producao\/orientacoes-gerais-para-solicitacoes-de-alunos\/","title":{"rendered":"Orienta\u00e7\u00f5es Gerais para Solicita\u00e7\u00f5es de Alunos"},"content":{"rendered":"<p>Aqui est\u00e3o disponibilizadas algumas orienta\u00e7\u00f5es de d\u00favidas frequentes de alunos<\/p>\n<p><strong>1.\u00a0 Norma da Gradua\u00e7\u00e3o (se informar sobre o que diz a Norma)<\/strong><\/p>\n<ul>\n<li><a href=\"https:\/\/uenf.br\/graduacao\/engenharia-de-producao\/wp-content\/uploads\/sites\/16\/2024\/12\/NormasGraduacao2019_2024-atualizada.pdf\">NormasGraduacao2019_2024 (atualizada)<\/a><\/li>\n<\/ul>\n<p><strong>2.Requerimentos de Alunos\u00a0\u00a0(como encaminhar)<\/strong><\/p>\n<ul>\n<li><strong><span style=\"font-size: small\">2.1 Via\u00a0<a href=\"https:\/\/academico.uenf.br\/usuarios\/sign_in\" target=\"_blank\" rel=\"noopener\" data-saferedirecturl=\"https:\/\/www.google.com\/url?q=https:\/\/academico.uenf.br\/usuarios\/sign_in&amp;source=gmail&amp;ust=1734524833282000&amp;usg=AOvVaw21FkWONi2csFiEmcksLBWr\">Sistema Acad\u00eamico<\/a><\/span><span style=\"font-size: small\">\u00a0(<\/span><span style=\"font-size: small\">SisAcad<\/span><span style=\"font-size: small\">)<\/span><\/strong>\n<ul>\n<li style=\"list-style-type: none\"><\/li>\n<li>Amparo\u00a0(licen\u00e7a para cobrir faltas no casos de: doen\u00e7a, acidente, gesta\u00e7\u00e3o, etc)<\/li>\n<li>Aproveitamento interno (disciplina j\u00e1 cursada em outro curso)<\/li>\n<li>Isen\u00e7\u00e3o\u00a0(de disciplina)<\/li>\n<li>Mobilidade estudantil\u00a0(atividades de outra institui\u00e7\u00e3o)<\/li>\n<\/ul>\n<\/li>\n<\/ul>\n<p><strong>2.Requerimentos de Alunos\u00a0\u00a0(como encaminhar)<\/strong><\/p>\n<ul>\n<li>\n<h2><span style=\"font-size: small\">2.2 Via\u00a0<a href=\"https:\/\/uenf.br\/reitoria\/secacad\/\" target=\"_blank\" rel=\"noopener\" data-saferedirecturl=\"https:\/\/www.google.com\/url?q=https:\/\/uenf.br\/reitoria\/secacad\/&amp;source=gmail&amp;ust=1734524833282000&amp;usg=AOvVaw0MsYYoOawuLRtTExnkuLUe\">Secretaria Acad\u00eamica<\/a><\/span><span style=\"font-size: small\">\u00a0(<\/span><span style=\"font-size: small\">SecAcad)<\/span><\/h2>\n<ul>\n<li>Nos casos de <b>formul\u00e1rios<\/b>\u00a0e\u00a0<b>solicita\u00e7\u00f5es de documentos\u00a0<\/b>(Declara\u00e7\u00f5es, extratos e outros).<\/li>\n<li>Para<b>\u00a0demais requerimentos formais<\/b>\u00a0de alunos (previstos na Norma)\u00a0\u00e0 Coordena\u00e7\u00e3o do Curso\/Colegiado do Curso.<\/li>\n<\/ul>\n<\/li>\n<\/ul>\n","protected":false},"excerpt":{"rendered":"<p>Aqui est\u00e3o disponibilizadas algumas orienta\u00e7\u00f5es de d\u00favidas frequentes de alunos 1.\u00a0 Norma da Gradua\u00e7\u00e3o (se informar sobre o que diz&#8230;<\/p>\n","protected":false},"author":33,"featured_media":0,"parent":0,"menu_order":10,"comment_status":"closed","ping_status":"closed","template":"","meta":{"footnotes":""},"class_list":["post-166","page","type-page","status-publish","hentry"],"_links":{"self":[{"href":"https:\/\/uenf.br\/graduacao\/engenharia-de-producao\/wp-json\/wp\/v2\/pages\/166","targetHints":{"allow":["GET"]}}],"collection":[{"href":"https:\/\/uenf.br\/graduacao\/engenharia-de-producao\/wp-json\/wp\/v2\/pages"}],"about":[{"href":"https:\/\/uenf.br\/graduacao\/engenharia-de-producao\/wp-json\/wp\/v2\/types\/page"}],"author":[{"embeddable":true,"href":"https:\/\/uenf.br\/graduacao\/engenharia-de-producao\/wp-json\/wp\/v2\/users\/33"}],"replies":[{"embeddable":true,"href":"https:\/\/uenf.br\/graduacao\/engenharia-de-producao\/wp-json\/wp\/v2\/comments?post=166"}],"version-history":[{"count":0,"href":"https:\/\/uenf.br\/graduacao\/engenharia-de-producao\/wp-json\/wp\/v2\/pages\/166\/revisions"}],"wp:attachment":[{"href":"https:\/\/uenf.br\/graduacao\/engenharia-de-producao\/wp-json\/wp\/v2\/media?parent=166"}],"curies":[{"name":"wp","href":"https:\/\/api.w.org\/{rel}","templated":true}]}}