{"id":37,"date":"2024-04-19T11:48:04","date_gmt":"2024-04-19T14:48:04","guid":{"rendered":"https:\/\/uenf.br\/graduacao\/engenharia-de-producao\/?page_id=37"},"modified":"2024-11-08T11:05:48","modified_gmt":"2024-11-08T14:05:48","slug":"leprod","status":"publish","type":"page","link":"https:\/\/uenf.br\/graduacao\/engenharia-de-producao\/leprod\/","title":{"rendered":"LEPROD"},"content":{"rendered":"<h3>Laborat\u00f3rio de Engenharia de produ\u00e7\u00e3o<\/h3>\n<p>O Laborat\u00f3rio de Engenharia de Produ\u00e7\u00e3o (LEPROD) da Universidade Estadual do Norte Fluminense Darcy Ribeiro (UENF) \u00e9 uma pe\u00e7a vital no panorama acad\u00eamico e pr\u00e1tico da Engenharia de Produ\u00e7\u00e3o. Mais do que um espa\u00e7o f\u00edsico, o LEPROD \u00e9 um centro pulsante de inova\u00e7\u00e3o, pesquisa e conex\u00e3o com o mundo exterior.<\/p>\n<p><a href=\"https:\/\/uenf.br\/cct\/leprod\/\">Clique aqui para conhecer mais sobre o LEPROD<\/a><\/p>\n","protected":false},"excerpt":{"rendered":"<p>Laborat\u00f3rio de Engenharia de produ\u00e7\u00e3o O Laborat\u00f3rio de Engenharia de Produ\u00e7\u00e3o (LEPROD) da Universidade Estadual do Norte Fluminense Darcy Ribeiro&#8230;<\/p>\n","protected":false},"author":33,"featured_media":0,"parent":0,"menu_order":10,"comment_status":"closed","ping_status":"closed","template":"","meta":{"footnotes":""},"class_list":["post-37","page","type-page","status-publish","hentry"],"_links":{"self":[{"href":"https:\/\/uenf.br\/graduacao\/engenharia-de-producao\/wp-json\/wp\/v2\/pages\/37","targetHints":{"allow":["GET"]}}],"collection":[{"href":"https:\/\/uenf.br\/graduacao\/engenharia-de-producao\/wp-json\/wp\/v2\/pages"}],"about":[{"href":"https:\/\/uenf.br\/graduacao\/engenharia-de-producao\/wp-json\/wp\/v2\/types\/page"}],"author":[{"embeddable":true,"href":"https:\/\/uenf.br\/graduacao\/engenharia-de-producao\/wp-json\/wp\/v2\/users\/33"}],"replies":[{"embeddable":true,"href":"https:\/\/uenf.br\/graduacao\/engenharia-de-producao\/wp-json\/wp\/v2\/comments?post=37"}],"version-history":[{"count":0,"href":"https:\/\/uenf.br\/graduacao\/engenharia-de-producao\/wp-json\/wp\/v2\/pages\/37\/revisions"}],"wp:attachment":[{"href":"https:\/\/uenf.br\/graduacao\/engenharia-de-producao\/wp-json\/wp\/v2\/media?parent=37"}],"curies":[{"name":"wp","href":"https:\/\/api.w.org\/{rel}","templated":true}]}}