{"id":50,"date":"2024-06-10T17:09:38","date_gmt":"2024-06-10T20:09:38","guid":{"rendered":"https:\/\/uenf.br\/graduacao\/engenharia-de-producao\/?page_id=50"},"modified":"2024-12-15T16:40:02","modified_gmt":"2024-12-15T19:40:02","slug":"grade-curricular-2","status":"publish","type":"page","link":"https:\/\/uenf.br\/graduacao\/engenharia-de-producao\/grade-curricular-2\/","title":{"rendered":"Grade Hor\u00e1ria"},"content":{"rendered":"<div class=\"flex flex-grow flex-col max-w-full\">\n<div class=\"min-h-[20px] text-message flex flex-col items-start whitespace-pre-wrap break-words [.text-message+&amp;]:mt-5 juice:w-full juice:items-end overflow-x-auto gap-2\" dir=\"auto\" data-message-author-role=\"assistant\" data-message-id=\"a1a74300-bb82-4b1c-bfa5-0a5220e74fa3\">\n<div class=\"flex w-full flex-col gap-1 juice:empty:hidden juice:first:pt-[3px]\">\n<div class=\"markdown prose w-full break-words dark:prose-invert dark\">\n<p>A Grade Hor\u00e1ria do curso corresponde \u00e0 rela\u00e7\u00e3o de hor\u00e1rio entre docentes e disciplinas oferecidas ao longo da semana por per\u00edodo letivo (par ou \u00edmpar)<\/p>\n<\/div>\n<\/div>\n<\/div>\n<\/div>\n<p><a href=\"https:\/\/uenf.br\/graduacao\/engenharia-de-producao\/wp-content\/uploads\/sites\/16\/2024\/12\/Grade-Horaria-2024.2-Curso-Eng-de-Producao.pdf\">Grade Hor\u00e1ria 2024.2 Curso Eng de Produ\u00e7\u00e3o<\/a><\/p>\n","protected":false},"excerpt":{"rendered":"<p>A Grade Hor\u00e1ria do curso corresponde \u00e0 rela\u00e7\u00e3o de hor\u00e1rio entre docentes e disciplinas oferecidas ao longo da semana por&#8230;<\/p>\n","protected":false},"author":33,"featured_media":0,"parent":0,"menu_order":8,"comment_status":"closed","ping_status":"closed","template":"","meta":{"footnotes":""},"class_list":["post-50","page","type-page","status-publish","hentry"],"_links":{"self":[{"href":"https:\/\/uenf.br\/graduacao\/engenharia-de-producao\/wp-json\/wp\/v2\/pages\/50","targetHints":{"allow":["GET"]}}],"collection":[{"href":"https:\/\/uenf.br\/graduacao\/engenharia-de-producao\/wp-json\/wp\/v2\/pages"}],"about":[{"href":"https:\/\/uenf.br\/graduacao\/engenharia-de-producao\/wp-json\/wp\/v2\/types\/page"}],"author":[{"embeddable":true,"href":"https:\/\/uenf.br\/graduacao\/engenharia-de-producao\/wp-json\/wp\/v2\/users\/33"}],"replies":[{"embeddable":true,"href":"https:\/\/uenf.br\/graduacao\/engenharia-de-producao\/wp-json\/wp\/v2\/comments?post=50"}],"version-history":[{"count":0,"href":"https:\/\/uenf.br\/graduacao\/engenharia-de-producao\/wp-json\/wp\/v2\/pages\/50\/revisions"}],"wp:attachment":[{"href":"https:\/\/uenf.br\/graduacao\/engenharia-de-producao\/wp-json\/wp\/v2\/media?parent=50"}],"curies":[{"name":"wp","href":"https:\/\/api.w.org\/{rel}","templated":true}]}}