{"id":86,"date":"2024-06-13T11:09:09","date_gmt":"2024-06-13T14:09:09","guid":{"rendered":"https:\/\/uenf.br\/graduacao\/engenharia-de-producao\/?page_id=86"},"modified":"2024-09-29T14:52:40","modified_gmt":"2024-09-29T17:52:40","slug":"colegiado","status":"publish","type":"page","link":"https:\/\/uenf.br\/graduacao\/engenharia-de-producao\/colegiado\/","title":{"rendered":"Colegiado e N\u00facleo Docente Estruturante"},"content":{"rendered":"<h3>Colegiado do Curso de Engenharia de Produ\u00e7\u00e3o<\/h3>\n<ul>\n<li>Prof. Dr. Sebasti\u00e3o D\u00e9cio Coimbra de Souza (coordenador)<\/li>\n<li>Profa. Dra. Jacqueline Magalh\u00e3es Rangel Cortes Barbirato<\/li>\n<li>Prof. Dr. Andr\u00e9 Lu\u00eds Policani Freitas<\/li>\n<li>Prof. Dr. Carlos Leonardo Ramos P\u00f3voa<\/li>\n<li>Prof. Dr. Rodrigo Tavares Nogueira<\/li>\n<li>Sra. Yasmin Pereira David (representante discente)<\/li>\n<\/ul>\n<h3>N\u00facleo Docente Estruturante (NDE) do Curso de Engenharia de Produ\u00e7\u00e3o<\/h3>\n<ul>\n<li>\u00a0Prof. Dr. Sebasti\u00e3o D\u00e9cio Coimbra de Souza &#8211; Coordenador<\/li>\n<li>Prof. Dr. Andr\u00e9 Lu\u00eds Policani Freitas<\/li>\n<li>Profa. Dra. Jacqueline Magalh\u00e3es Rangel Cortes Barbirato<\/li>\n<li>Prof. Dr. Rodrigo Tavares Nogueira<\/li>\n<li>Prof. Dr. Fermin Alfredo Tang Montan\u00e9<\/li>\n<\/ul>\n","protected":false},"excerpt":{"rendered":"<p>Colegiado do Curso de Engenharia de Produ\u00e7\u00e3o Prof. Dr. Sebasti\u00e3o D\u00e9cio Coimbra de Souza (coordenador) Profa. Dra. Jacqueline Magalh\u00e3es Rangel&#8230;<\/p>\n","protected":false},"author":33,"featured_media":0,"parent":0,"menu_order":5,"comment_status":"closed","ping_status":"closed","template":"","meta":{"footnotes":""},"class_list":["post-86","page","type-page","status-publish","hentry"],"_links":{"self":[{"href":"https:\/\/uenf.br\/graduacao\/engenharia-de-producao\/wp-json\/wp\/v2\/pages\/86","targetHints":{"allow":["GET"]}}],"collection":[{"href":"https:\/\/uenf.br\/graduacao\/engenharia-de-producao\/wp-json\/wp\/v2\/pages"}],"about":[{"href":"https:\/\/uenf.br\/graduacao\/engenharia-de-producao\/wp-json\/wp\/v2\/types\/page"}],"author":[{"embeddable":true,"href":"https:\/\/uenf.br\/graduacao\/engenharia-de-producao\/wp-json\/wp\/v2\/users\/33"}],"replies":[{"embeddable":true,"href":"https:\/\/uenf.br\/graduacao\/engenharia-de-producao\/wp-json\/wp\/v2\/comments?post=86"}],"version-history":[{"count":0,"href":"https:\/\/uenf.br\/graduacao\/engenharia-de-producao\/wp-json\/wp\/v2\/pages\/86\/revisions"}],"wp:attachment":[{"href":"https:\/\/uenf.br\/graduacao\/engenharia-de-producao\/wp-json\/wp\/v2\/media?parent=86"}],"curies":[{"name":"wp","href":"https:\/\/api.w.org\/{rel}","templated":true}]}}