{"id":9,"date":"2022-11-07T16:12:48","date_gmt":"2022-11-07T19:12:48","guid":{"rendered":"https:\/\/uenf.br\/graduacao\/engenharia-de-producao\/?page_id=9"},"modified":"2024-10-11T10:20:11","modified_gmt":"2024-10-11T13:20:11","slug":"apresentacao","status":"publish","type":"page","link":"https:\/\/uenf.br\/graduacao\/engenharia-de-producao\/","title":{"rendered":"Introdu\u00e7\u00e3o"},"content":{"rendered":"<p>A proposta de cria\u00e7\u00e3o do curso Gradua\u00e7\u00e3o em Engenharia de Produ\u00e7\u00e3o na UENF foi desenvolvida pelos professores do Laborat\u00f3rio de Engenharia de Produ\u00e7\u00e3o (LEPROD), em um processo de aproximadamente tr\u00eas anos de discuss\u00e3o em todas as inst\u00e2ncias estabelecidas pelo Estatuto da UENF, ap\u00f3s a avalia\u00e7\u00e3o da necessidade de se formar profissionais que apoiassem os empreendimentos da regi\u00e3o Norte Fluminense. O \u201cProjeto do Curso de Gradua\u00e7\u00e3o de Engenharia de Produ\u00e7\u00e3o\u201d, foi aprovado por unanimidade no Conselho Universit\u00e1rio da UENF em reuni\u00e3o do dia 27 de mar\u00e7o de 2003.<\/p>\n<p>A primeira turma do curso foi selecionada pelo concurso Vestibular Estadual 2004 organizado pela Coordena\u00e7\u00e3o do Vestibular Estadual, nesse ent\u00e3o a cargo da UERJ. A UENF adotou exclusivamente como processo seletivo para o ingresso em 2011 aos cursos presenciais o <a href=\"http:\/\/www.sisu.mec.gov.br\/\">Sistema de Sele\u00e7\u00e3o Unificada (Sisu\/Enem)<\/a>. Desde o inicio, ingressam turmas de 28 alunos, a cada ano, tendo formado ao redor de 220 Engenheiros de Produ\u00e7\u00e3o at\u00e9 o momento.<\/p>\n<h3><strong>APRESENTA\u00c7\u00c3O<\/strong><\/h3>\n<p>Pelo fato de ser uma das mais recentes formas de manifesta\u00e7\u00e3o da Engenharia, frequentemente surge a pergunta: &#8220;O que \u00e9 Engenharia de Produ\u00e7\u00e3o?&#8221;<\/p>\n<p>Segundo a <strong>Associa\u00e7\u00e3o Brasileira de Engenharia de Produ\u00e7\u00e3o (ABEPRO): <\/strong><\/p>\n<p>\u201cCompete \u00e0 Engenharia de Produ\u00e7\u00e3o o projeto, a implanta\u00e7\u00e3o, a opera\u00e7\u00e3o, a melhoria e a manuten\u00e7\u00e3o de sistemas produtivos integrados de bens e servi\u00e7os, envolvendo homens, materiais, tecnologia, informa\u00e7\u00e3o e energia. Compete ainda especificar, prever e avaliar os resultados obtidos destes sistemas para a sociedade e o meio ambiente, recorrendo a conhecimentos especializados da matem\u00e1tica, f\u00edsica, ci\u00eancias humanas e sociais, conjuntamente com os princ\u00edpios e m\u00e9todos de an\u00e1lise e projeto da engenharia.\u201d<\/p>\n<p><strong> \u00c1REAS DA ENGENHARIA DA PRODU\u00c7\u00c3O (ABEPRO): <\/strong><\/p>\n<p>Atualmente as \u00e1reas de conhecimento relacionadas \u00e0 Engenharia de Produ\u00e7\u00e3o s\u00e3o:<\/p>\n<p>1. ENGENHARIA DE OPERA\u00c7\u00d5ES E PROCESSOS DA PRODU\u00c7\u00c3O<br \/>\n2. CADEIA DE SUPRIMENTOS<br \/>\n3. PESQUISA OPERACIONAL<br \/>\n4. ENGENHARIA DA QUALIDADE<br \/>\n5. ENGENHARIA DO PRODUTO<br \/>\n6. ENGENHARIA ORGANIZACIONAL<br \/>\n7. ENGENHARIA ECON\u00d4MICA<br \/>\n8. ENGENHARIA DO TRABALHO<br \/>\n9. ENGENHARIA DA SUSTENTABILIDADE<br \/>\n10. EDUCA\u00c7\u00c3O EM ENGENHARIA DE PRODU\u00c7\u00c3O<\/p>\n<p>Cada uma dessas \u00e1reas est\u00e1 subdividida em sub-\u00e1reas do conhecimento, conforme link abaixo.<\/p>\n<ul>\n<li><a href=\"https:\/\/portal.abepro.org.br\/profissao\/#:~:text=A%20Engenharia%20de%20Produ%C3%A7%C3%A3o%2C%20ao,produtos%20que%20a%20sociedade%20valoriza.\">\u00c1reas e sub-\u00e1reas da Engenharia de Produ\u00e7\u00e3o (ABEPRO)<\/a><\/li>\n<\/ul>\n<p>&nbsp;<\/p>\n<p>&nbsp;<\/p>\n","protected":false},"excerpt":{"rendered":"<p>A proposta de cria\u00e7\u00e3o do curso Gradua\u00e7\u00e3o em Engenharia de Produ\u00e7\u00e3o na UENF foi desenvolvida pelos professores do Laborat\u00f3rio de&#8230;<\/p>\n","protected":false},"author":26,"featured_media":0,"parent":0,"menu_order":2,"comment_status":"closed","ping_status":"closed","template":"","meta":{"footnotes":""},"class_list":["post-9","page","type-page","status-publish","hentry"],"_links":{"self":[{"href":"https:\/\/uenf.br\/graduacao\/engenharia-de-producao\/wp-json\/wp\/v2\/pages\/9","targetHints":{"allow":["GET"]}}],"collection":[{"href":"https:\/\/uenf.br\/graduacao\/engenharia-de-producao\/wp-json\/wp\/v2\/pages"}],"about":[{"href":"https:\/\/uenf.br\/graduacao\/engenharia-de-producao\/wp-json\/wp\/v2\/types\/page"}],"author":[{"embeddable":true,"href":"https:\/\/uenf.br\/graduacao\/engenharia-de-producao\/wp-json\/wp\/v2\/users\/26"}],"replies":[{"embeddable":true,"href":"https:\/\/uenf.br\/graduacao\/engenharia-de-producao\/wp-json\/wp\/v2\/comments?post=9"}],"version-history":[{"count":0,"href":"https:\/\/uenf.br\/graduacao\/engenharia-de-producao\/wp-json\/wp\/v2\/pages\/9\/revisions"}],"wp:attachment":[{"href":"https:\/\/uenf.br\/graduacao\/engenharia-de-producao\/wp-json\/wp\/v2\/media?parent=9"}],"curies":[{"name":"wp","href":"https:\/\/api.w.org\/{rel}","templated":true}]}}