{"id":102,"date":"2014-12-10T21:12:27","date_gmt":"2014-12-10T21:12:27","guid":{"rendered":"https:\/\/uenf.br\/graduacao\/licenciatura-biologia\/?page_id=102"},"modified":"2023-09-13T19:43:20","modified_gmt":"2023-09-13T22:43:20","slug":"aulas-praticas","status":"publish","type":"page","link":"https:\/\/uenf.br\/graduacao\/licenciatura-biologia\/aulas-praticas\/","title":{"rendered":"Aulas Pr\u00e1ticas"},"content":{"rendered":"<p>No CBB, as aulas pr\u00e1ticas das disciplinas espec\u00edficas s\u00e3o ministradas em laborat\u00f3rios pr\u00f3prios para esta finalidade, devidamente equipados.\u00a0 Atualmente existe um laborat\u00f3rio com lupas; um de microscopia; uma sala de Bioinform\u00e1tica e em constru\u00e7\u00e3o o laborat\u00f3rio para as diversas Instrumenta\u00e7\u00f5es para o Ensino e para as atividades dos Est\u00e1gios Supervisionados.<\/p>\n<p>&nbsp;<\/p>\n","protected":false},"excerpt":{"rendered":"<p>No CBB, as aulas pr\u00e1ticas das disciplinas espec\u00edficas s\u00e3o ministradas em laborat\u00f3rios pr\u00f3prios para esta finalidade, devidamente equipados.\u00a0 Atualmente existe&#8230;<\/p>\n","protected":false},"author":11,"featured_media":0,"parent":0,"menu_order":14,"comment_status":"open","ping_status":"closed","template":"","meta":{"footnotes":""},"class_list":["post-102","page","type-page","status-publish","hentry"],"_links":{"self":[{"href":"https:\/\/uenf.br\/graduacao\/licenciatura-biologia\/wp-json\/wp\/v2\/pages\/102","targetHints":{"allow":["GET"]}}],"collection":[{"href":"https:\/\/uenf.br\/graduacao\/licenciatura-biologia\/wp-json\/wp\/v2\/pages"}],"about":[{"href":"https:\/\/uenf.br\/graduacao\/licenciatura-biologia\/wp-json\/wp\/v2\/types\/page"}],"author":[{"embeddable":true,"href":"https:\/\/uenf.br\/graduacao\/licenciatura-biologia\/wp-json\/wp\/v2\/users\/11"}],"replies":[{"embeddable":true,"href":"https:\/\/uenf.br\/graduacao\/licenciatura-biologia\/wp-json\/wp\/v2\/comments?post=102"}],"version-history":[{"count":0,"href":"https:\/\/uenf.br\/graduacao\/licenciatura-biologia\/wp-json\/wp\/v2\/pages\/102\/revisions"}],"wp:attachment":[{"href":"https:\/\/uenf.br\/graduacao\/licenciatura-biologia\/wp-json\/wp\/v2\/media?parent=102"}],"curies":[{"name":"wp","href":"https:\/\/api.w.org\/{rel}","templated":true}]}}