{"id":106,"date":"2014-12-10T21:14:34","date_gmt":"2014-12-10T21:14:34","guid":{"rendered":"https:\/\/uenf.br\/graduacao\/licenciatura-biologia\/?page_id=106"},"modified":"2020-01-29T16:23:35","modified_gmt":"2020-01-29T19:23:35","slug":"colegiado-do-curso","status":"publish","type":"page","link":"https:\/\/uenf.br\/graduacao\/licenciatura-biologia\/colegiado-do-curso\/","title":{"rendered":"Colegiado do curso"},"content":{"rendered":"<p>Os Colegiados dos Cursos de Gradua\u00e7\u00e3o dever\u00e3o supervisionar o bom funcionamento e desempenho dos respectivos cursos. S\u00e3o atribui\u00e7\u00f5es do Colegiado do Curso coordenar as atividades de Gradua\u00e7\u00e3o; zelar pela estrutura do Curso e seus procedimentos administrativos; apreciar e avaliar os pedidos de alunos, dentre outras atividades.<\/p>\n<p>&nbsp;<\/p>\n","protected":false},"excerpt":{"rendered":"<p>Os Colegiados dos Cursos de Gradua\u00e7\u00e3o dever\u00e3o supervisionar o bom funcionamento e desempenho dos respectivos cursos. S\u00e3o atribui\u00e7\u00f5es do Colegiado&#8230;<\/p>\n","protected":false},"author":11,"featured_media":0,"parent":0,"menu_order":8,"comment_status":"open","ping_status":"open","template":"","meta":{"footnotes":""},"class_list":["post-106","page","type-page","status-publish","hentry"],"_links":{"self":[{"href":"https:\/\/uenf.br\/graduacao\/licenciatura-biologia\/wp-json\/wp\/v2\/pages\/106","targetHints":{"allow":["GET"]}}],"collection":[{"href":"https:\/\/uenf.br\/graduacao\/licenciatura-biologia\/wp-json\/wp\/v2\/pages"}],"about":[{"href":"https:\/\/uenf.br\/graduacao\/licenciatura-biologia\/wp-json\/wp\/v2\/types\/page"}],"author":[{"embeddable":true,"href":"https:\/\/uenf.br\/graduacao\/licenciatura-biologia\/wp-json\/wp\/v2\/users\/11"}],"replies":[{"embeddable":true,"href":"https:\/\/uenf.br\/graduacao\/licenciatura-biologia\/wp-json\/wp\/v2\/comments?post=106"}],"version-history":[{"count":0,"href":"https:\/\/uenf.br\/graduacao\/licenciatura-biologia\/wp-json\/wp\/v2\/pages\/106\/revisions"}],"wp:attachment":[{"href":"https:\/\/uenf.br\/graduacao\/licenciatura-biologia\/wp-json\/wp\/v2\/media?parent=106"}],"curies":[{"name":"wp","href":"https:\/\/api.w.org\/{rel}","templated":true}]}}