{"id":110,"date":"2014-12-10T21:18:01","date_gmt":"2014-12-10T21:18:01","guid":{"rendered":"https:\/\/uenf.br\/graduacao\/licenciatura-biologia\/?page_id=110"},"modified":"2022-03-29T17:14:41","modified_gmt":"2022-03-29T20:14:41","slug":"infraestrutura","status":"publish","type":"page","link":"https:\/\/uenf.br\/graduacao\/licenciatura-biologia\/infraestrutura\/","title":{"rendered":"Infraestrutura"},"content":{"rendered":"<p>O Centro de Bioci\u00eancias e Biotecnologia encontra-se instalado em 5 pr\u00e9dios do campus principal da UENF, designados como A2, P2, P4, P5 e E1. O edif\u00edcio A2 comporta o Laborat\u00f3rio de Biologia Celular e Tecidual. O edif\u00edcio P2 \u00e9 ocupado pela Dire\u00e7\u00e3o do Centro, a Biblioteca, as Coordena\u00e7\u00f5es dos cursos de Gradua\u00e7\u00e3o (Bacharelado e Licenciatura), as Coordena\u00e7\u00f5es das P\u00f3s-Gradua\u00e7\u00f5es (Bioci\u00eancias e Biotecnologia; Ecologia e Recursos Naturais), sala de reuni\u00f5es, salas para aulas te\u00f3ricas e pr\u00e1ticas, sala geral de lavagem e esteriliza\u00e7\u00e3o, herb\u00e1rio e biot\u00e9rios, al\u00e9m do laborat\u00f3rio de Fisiologia e Bioqu\u00edmica de Micro-organismos e parte do Laborat\u00f3rio de Biologia do Reconhecer. Nos edif\u00edcios P4 e P5 est\u00e3o parcialmente instalados os laborat\u00f3rios de Biotecnologia, Biologia do Reconhecer, Ci\u00eancias Ambientais, Laborat\u00f3rio de Qu\u00edmica e Fun\u00e7\u00e3o de Prote\u00ednas e Pept\u00eddeos, al\u00e9m de audit\u00f3rios e salas para confer\u00eancias. No E1 encontram-se 04 (quatro) salas de aulas no segundo andar.<\/p>\n<p>&nbsp;<\/p>\n<p>&nbsp;<\/p>\n<p>&nbsp;<\/p>\n","protected":false},"excerpt":{"rendered":"<p>O Centro de Bioci\u00eancias e Biotecnologia encontra-se instalado em 5 pr\u00e9dios do campus principal da UENF, designados como A2, P2,&#8230;<\/p>\n","protected":false},"author":11,"featured_media":0,"parent":0,"menu_order":10,"comment_status":"open","ping_status":"open","template":"","meta":{"footnotes":""},"class_list":["post-110","page","type-page","status-publish","hentry"],"_links":{"self":[{"href":"https:\/\/uenf.br\/graduacao\/licenciatura-biologia\/wp-json\/wp\/v2\/pages\/110","targetHints":{"allow":["GET"]}}],"collection":[{"href":"https:\/\/uenf.br\/graduacao\/licenciatura-biologia\/wp-json\/wp\/v2\/pages"}],"about":[{"href":"https:\/\/uenf.br\/graduacao\/licenciatura-biologia\/wp-json\/wp\/v2\/types\/page"}],"author":[{"embeddable":true,"href":"https:\/\/uenf.br\/graduacao\/licenciatura-biologia\/wp-json\/wp\/v2\/users\/11"}],"replies":[{"embeddable":true,"href":"https:\/\/uenf.br\/graduacao\/licenciatura-biologia\/wp-json\/wp\/v2\/comments?post=110"}],"version-history":[{"count":0,"href":"https:\/\/uenf.br\/graduacao\/licenciatura-biologia\/wp-json\/wp\/v2\/pages\/110\/revisions"}],"wp:attachment":[{"href":"https:\/\/uenf.br\/graduacao\/licenciatura-biologia\/wp-json\/wp\/v2\/media?parent=110"}],"curies":[{"name":"wp","href":"https:\/\/api.w.org\/{rel}","templated":true}]}}