{"id":115,"date":"2014-12-10T21:22:47","date_gmt":"2014-12-10T21:22:47","guid":{"rendered":"https:\/\/uenf.br\/graduacao\/licenciatura-biologia\/?page_id=115"},"modified":"2023-08-25T20:12:42","modified_gmt":"2023-08-25T23:12:42","slug":"secretaria","status":"publish","type":"page","link":"https:\/\/uenf.br\/graduacao\/licenciatura-biologia\/pessoal\/secretaria\/","title":{"rendered":"Secretaria"},"content":{"rendered":"<p>Coordenador do Curso: Prof. Dr. Jorge Hudson Petretski<\/p>\n<p>Secret\u00e1ria: K\u00e1tia Maria Manh\u00e3es Seabra<\/p>\n<p>T\u00e9cnica de Laborat\u00f3rio: L\u00edgia Cristina Pal\u00e1cio Leite<\/p>\n","protected":false},"excerpt":{"rendered":"<p>Coordenador do Curso: Prof. Dr. Jorge Hudson Petretski Secret\u00e1ria: K\u00e1tia Maria Manh\u00e3es Seabra T\u00e9cnica de Laborat\u00f3rio: L\u00edgia Cristina Pal\u00e1cio Leite<\/p>\n","protected":false},"author":11,"featured_media":0,"parent":112,"menu_order":1,"comment_status":"open","ping_status":"open","template":"","meta":{"footnotes":""},"class_list":["post-115","page","type-page","status-publish","hentry"],"_links":{"self":[{"href":"https:\/\/uenf.br\/graduacao\/licenciatura-biologia\/wp-json\/wp\/v2\/pages\/115","targetHints":{"allow":["GET"]}}],"collection":[{"href":"https:\/\/uenf.br\/graduacao\/licenciatura-biologia\/wp-json\/wp\/v2\/pages"}],"about":[{"href":"https:\/\/uenf.br\/graduacao\/licenciatura-biologia\/wp-json\/wp\/v2\/types\/page"}],"author":[{"embeddable":true,"href":"https:\/\/uenf.br\/graduacao\/licenciatura-biologia\/wp-json\/wp\/v2\/users\/11"}],"replies":[{"embeddable":true,"href":"https:\/\/uenf.br\/graduacao\/licenciatura-biologia\/wp-json\/wp\/v2\/comments?post=115"}],"version-history":[{"count":0,"href":"https:\/\/uenf.br\/graduacao\/licenciatura-biologia\/wp-json\/wp\/v2\/pages\/115\/revisions"}],"up":[{"embeddable":true,"href":"https:\/\/uenf.br\/graduacao\/licenciatura-biologia\/wp-json\/wp\/v2\/pages\/112"}],"wp:attachment":[{"href":"https:\/\/uenf.br\/graduacao\/licenciatura-biologia\/wp-json\/wp\/v2\/media?parent=115"}],"curies":[{"name":"wp","href":"https:\/\/api.w.org\/{rel}","templated":true}]}}