{"id":121,"date":"2014-12-10T21:28:03","date_gmt":"2014-12-10T21:28:03","guid":{"rendered":"https:\/\/uenf.br\/graduacao\/licenciatura-biologia\/?page_id=121"},"modified":"2020-01-29T16:57:38","modified_gmt":"2020-01-29T19:57:38","slug":"bolsas","status":"publish","type":"page","link":"https:\/\/uenf.br\/graduacao\/licenciatura-biologia\/bolsas\/","title":{"rendered":"Bolsas"},"content":{"rendered":"<p>Os alunos do Curso de Licenciatura t\u00eam v\u00e1rias oportunidades de conquistarem uma bolsa de estudo durante o seu curso. S\u00e3o elas:<\/p>\n<p>&nbsp;<\/p>\n<p>Est\u00e1gios de Inicia\u00e7\u00e3o Cient\u00edfica (IC), nos diversos laborat\u00f3rios da UENF, concorrendo a bolsas de IC pelo sistema PIBIC ou atrav\u00e9s de cotas pr\u00f3prias dos orientadores ou;<\/p>\n<p>Participa\u00e7\u00e3o como bolsistas, de atividades de extens\u00e3o e projetos de extens\u00e3o cadastrados na Pr\u00f3-Reitoria de Extens\u00e3o e Assuntos Comunit\u00e1rios (PROEX) ou;<\/p>\n<p>Atua\u00e7\u00e3o como Monitores de disciplinas, auxiliando os professores na orienta\u00e7\u00e3o dos alunos ou;<\/p>\n<p>Podem concorrer a bolsa espec\u00edfica para aluno do Curso de Licenciatura, atrav\u00e9s do Programa Institucional de Bolsa de Inicia\u00e7\u00e3o \u00e0 Doc\u00eancia (PIBID) que tem por objetivo promover a qualifica\u00e7\u00e3o para a doc\u00eancia de estudantes de licenciatura, incentivando a inser\u00e7\u00e3o destes em escolas de educa\u00e7\u00e3o b\u00e1sica da rede p\u00fablica da regi\u00e3o norte Fluminense, desde o in\u00edcio de sua forma\u00e7\u00e3o acad\u00eamica ou;<\/p>\n<p>Concess\u00e3o de Bolsas de Apoio Acad\u00eamico que tem como objetivo proporcionar apoio log\u00edstico \u00e0s atividades de ensino, pequisa e extens\u00e3o e;<\/p>\n<p>Para os alunos que entrarem na Universidade pelo Sistema de Cotas, poder\u00e3o acumular, ainda, qualquer uma das bolsas acima com a Bolsa de Cotas, que far\u00e3o jus.<\/p>\n","protected":false},"excerpt":{"rendered":"<p>Os alunos do Curso de Licenciatura t\u00eam v\u00e1rias oportunidades de conquistarem uma bolsa de estudo durante o seu curso. S\u00e3o&#8230;<\/p>\n","protected":false},"author":11,"featured_media":0,"parent":0,"menu_order":15,"comment_status":"open","ping_status":"closed","template":"","meta":{"footnotes":""},"class_list":["post-121","page","type-page","status-publish","hentry"],"_links":{"self":[{"href":"https:\/\/uenf.br\/graduacao\/licenciatura-biologia\/wp-json\/wp\/v2\/pages\/121","targetHints":{"allow":["GET"]}}],"collection":[{"href":"https:\/\/uenf.br\/graduacao\/licenciatura-biologia\/wp-json\/wp\/v2\/pages"}],"about":[{"href":"https:\/\/uenf.br\/graduacao\/licenciatura-biologia\/wp-json\/wp\/v2\/types\/page"}],"author":[{"embeddable":true,"href":"https:\/\/uenf.br\/graduacao\/licenciatura-biologia\/wp-json\/wp\/v2\/users\/11"}],"replies":[{"embeddable":true,"href":"https:\/\/uenf.br\/graduacao\/licenciatura-biologia\/wp-json\/wp\/v2\/comments?post=121"}],"version-history":[{"count":0,"href":"https:\/\/uenf.br\/graduacao\/licenciatura-biologia\/wp-json\/wp\/v2\/pages\/121\/revisions"}],"wp:attachment":[{"href":"https:\/\/uenf.br\/graduacao\/licenciatura-biologia\/wp-json\/wp\/v2\/media?parent=121"}],"curies":[{"name":"wp","href":"https:\/\/api.w.org\/{rel}","templated":true}]}}