{"id":143,"date":"2015-02-06T17:44:08","date_gmt":"2015-02-06T17:44:08","guid":{"rendered":"https:\/\/uenf.br\/graduacao\/licenciatura-biologia\/?page_id=143"},"modified":"2022-03-29T16:27:02","modified_gmt":"2022-03-29T19:27:02","slug":"informes","status":"publish","type":"page","link":"https:\/\/uenf.br\/graduacao\/licenciatura-biologia\/informes\/","title":{"rendered":"Informes"},"content":{"rendered":"<p>=============================================================================================================<\/p>\n<h2><strong>PROJETO DE MONOGRAFIA I E PROJETO DE MONOGRAFIA II<\/strong>: Para matr\u00edcula nestas disciplinas <strong>\u00e9 indispens\u00e1vel<\/strong> a apresenta\u00e7\u00e3o da <strong>Carta de Aceite do Orientador<\/strong> (vide formul\u00e1rio na p\u00e1gina de Monografia).<\/h2>\n<p>===============================================================<\/p>\n<p>&nbsp;<\/p>\n<h1><\/h1>\n<h1>======================================================<\/h1>\n","protected":false},"excerpt":{"rendered":"<p>============================================================================================================= PROJETO DE MONOGRAFIA I E PROJETO DE MONOGRAFIA II: Para matr\u00edcula nestas disciplinas \u00e9 indispens\u00e1vel a apresenta\u00e7\u00e3o da Carta&#8230;<\/p>\n","protected":false},"author":11,"featured_media":0,"parent":0,"menu_order":2,"comment_status":"open","ping_status":"open","template":"","meta":{"footnotes":""},"class_list":["post-143","page","type-page","status-publish","hentry"],"_links":{"self":[{"href":"https:\/\/uenf.br\/graduacao\/licenciatura-biologia\/wp-json\/wp\/v2\/pages\/143","targetHints":{"allow":["GET"]}}],"collection":[{"href":"https:\/\/uenf.br\/graduacao\/licenciatura-biologia\/wp-json\/wp\/v2\/pages"}],"about":[{"href":"https:\/\/uenf.br\/graduacao\/licenciatura-biologia\/wp-json\/wp\/v2\/types\/page"}],"author":[{"embeddable":true,"href":"https:\/\/uenf.br\/graduacao\/licenciatura-biologia\/wp-json\/wp\/v2\/users\/11"}],"replies":[{"embeddable":true,"href":"https:\/\/uenf.br\/graduacao\/licenciatura-biologia\/wp-json\/wp\/v2\/comments?post=143"}],"version-history":[{"count":0,"href":"https:\/\/uenf.br\/graduacao\/licenciatura-biologia\/wp-json\/wp\/v2\/pages\/143\/revisions"}],"wp:attachment":[{"href":"https:\/\/uenf.br\/graduacao\/licenciatura-biologia\/wp-json\/wp\/v2\/media?parent=143"}],"curies":[{"name":"wp","href":"https:\/\/api.w.org\/{rel}","templated":true}]}}