{"id":18,"date":"2014-06-18T13:57:20","date_gmt":"2014-06-18T13:57:20","guid":{"rendered":"https:\/\/uenf.br\/graduacao\/licenciatura-biologia\/?page_id=18"},"modified":"2020-01-29T16:38:09","modified_gmt":"2020-01-29T19:38:09","slug":"monografias","status":"publish","type":"page","link":"https:\/\/uenf.br\/graduacao\/licenciatura-biologia\/monografias\/","title":{"rendered":"Monografias"},"content":{"rendered":"<p>A elabora\u00e7\u00e3o das monografias tem o objetivo de proporcionar a forma\u00e7\u00e3o de compet\u00eancia na produ\u00e7\u00e3o do conhecimento com atividades que levem o aluno a: procurar, interpretar, analisar e selecionar informa\u00e7\u00f5es; identificar problemas, realizar experimentos e projetos de pesquisa. Considera-se que a elabora\u00e7\u00e3o das monografias, al\u00e9m de ser uma etapa importante na forma\u00e7\u00e3o do futuro pesquisador, \u00e9 tamb\u00e9m na forma\u00e7\u00e3o de um professor reflexivo sobre sua pr\u00e1tica pedag\u00f3gica.<\/p>\n","protected":false},"excerpt":{"rendered":"<p>A elabora\u00e7\u00e3o das monografias tem o objetivo de proporcionar a forma\u00e7\u00e3o de compet\u00eancia na produ\u00e7\u00e3o do conhecimento com atividades que&#8230;<\/p>\n","protected":false},"author":1,"featured_media":0,"parent":0,"menu_order":13,"comment_status":"open","ping_status":"closed","template":"","meta":{"footnotes":""},"class_list":["post-18","page","type-page","status-publish","hentry"],"_links":{"self":[{"href":"https:\/\/uenf.br\/graduacao\/licenciatura-biologia\/wp-json\/wp\/v2\/pages\/18","targetHints":{"allow":["GET"]}}],"collection":[{"href":"https:\/\/uenf.br\/graduacao\/licenciatura-biologia\/wp-json\/wp\/v2\/pages"}],"about":[{"href":"https:\/\/uenf.br\/graduacao\/licenciatura-biologia\/wp-json\/wp\/v2\/types\/page"}],"author":[{"embeddable":true,"href":"https:\/\/uenf.br\/graduacao\/licenciatura-biologia\/wp-json\/wp\/v2\/users\/1"}],"replies":[{"embeddable":true,"href":"https:\/\/uenf.br\/graduacao\/licenciatura-biologia\/wp-json\/wp\/v2\/comments?post=18"}],"version-history":[{"count":0,"href":"https:\/\/uenf.br\/graduacao\/licenciatura-biologia\/wp-json\/wp\/v2\/pages\/18\/revisions"}],"wp:attachment":[{"href":"https:\/\/uenf.br\/graduacao\/licenciatura-biologia\/wp-json\/wp\/v2\/media?parent=18"}],"curies":[{"name":"wp","href":"https:\/\/api.w.org\/{rel}","templated":true}]}}