{"id":184,"date":"2015-02-06T20:49:57","date_gmt":"2015-02-06T20:49:57","guid":{"rendered":"https:\/\/uenf.br\/graduacao\/licenciatura-biologia\/?page_id=184"},"modified":"2020-01-29T17:01:42","modified_gmt":"2020-01-29T20:01:42","slug":"ciencia-sem-fronteiras","status":"publish","type":"page","link":"https:\/\/uenf.br\/graduacao\/licenciatura-biologia\/ciencia-sem-fronteiras\/","title":{"rendered":"Ci\u00eancia sem fronteiras"},"content":{"rendered":"<p>&nbsp;<\/p>\n<p><a href=\"http:\/\/www.cienciasemfronteiras.gov.br\/web\/csf\" target=\"_blank\" rel=\"noopener noreferrer\">Clique aqui<\/a> para acessar o Programa Ci\u00eancias sem Fronteiras<\/p>\n<p><a href=\"https:\/\/uenf.br\/graduacao\/ciencia-sem-fronteira\/\" target=\"_blank\" rel=\"noopener noreferrer\">Clique aqui<\/a> para acessar mais informa\u00e7\u00f5es<\/p>\n<p>&nbsp;<\/p>\n<p>&nbsp;<\/p>\n","protected":false},"excerpt":{"rendered":"<p>&nbsp; Clique aqui para acessar o Programa Ci\u00eancias sem Fronteiras Clique aqui para acessar mais informa\u00e7\u00f5es &nbsp; &nbsp;<\/p>\n","protected":false},"author":11,"featured_media":0,"parent":0,"menu_order":16,"comment_status":"open","ping_status":"open","template":"","meta":{"footnotes":""},"class_list":["post-184","page","type-page","status-publish","hentry"],"_links":{"self":[{"href":"https:\/\/uenf.br\/graduacao\/licenciatura-biologia\/wp-json\/wp\/v2\/pages\/184","targetHints":{"allow":["GET"]}}],"collection":[{"href":"https:\/\/uenf.br\/graduacao\/licenciatura-biologia\/wp-json\/wp\/v2\/pages"}],"about":[{"href":"https:\/\/uenf.br\/graduacao\/licenciatura-biologia\/wp-json\/wp\/v2\/types\/page"}],"author":[{"embeddable":true,"href":"https:\/\/uenf.br\/graduacao\/licenciatura-biologia\/wp-json\/wp\/v2\/users\/11"}],"replies":[{"embeddable":true,"href":"https:\/\/uenf.br\/graduacao\/licenciatura-biologia\/wp-json\/wp\/v2\/comments?post=184"}],"version-history":[{"count":0,"href":"https:\/\/uenf.br\/graduacao\/licenciatura-biologia\/wp-json\/wp\/v2\/pages\/184\/revisions"}],"wp:attachment":[{"href":"https:\/\/uenf.br\/graduacao\/licenciatura-biologia\/wp-json\/wp\/v2\/media?parent=184"}],"curies":[{"name":"wp","href":"https:\/\/api.w.org\/{rel}","templated":true}]}}