{"id":2,"date":"2013-10-07T14:04:04","date_gmt":"2013-10-07T14:04:04","guid":{"rendered":"https:\/\/uenf.br\/graduacao\/licenciatura-biologia\/?page_id=2"},"modified":"2023-04-13T19:57:19","modified_gmt":"2023-04-13T22:57:19","slug":"apresentacao","status":"publish","type":"page","link":"https:\/\/uenf.br\/graduacao\/licenciatura-biologia\/","title":{"rendered":"Apresenta\u00e7\u00e3o"},"content":{"rendered":"<p align=\"justify\">O Curso de Ci\u00eancias Biol\u00f3gicas &#8211; Habilita\u00e7\u00e3o Licenciatura iniciou suas atividades no segundo semestre do ano de 1999, tendo sido credenciado pelo MEC em 24\/02\/2006 (Portaria CEE n\u00ba 232\/06, D.O. de 06\/03\/2006) denominado Curso de Licenciatura em Biologia.<br \/>\nO Curso, oferecido pelo Centro de Bioci\u00eancias e Biotecnologia, tem como principal objetivo a forma\u00e7\u00e3o de professores de ci\u00eancias para o ensino fundamental e de biologia para o ensino m\u00e9dio. Tendo em vista as diretrizes para a forma\u00e7\u00e3o do professor, o Curso visa\u00a0\u00e0 consolida\u00e7\u00e3o do conhecimento nas \u00e1reas espec\u00edficas da biologia moderna em paralelo com a forma\u00e7\u00e3o pedag\u00f3gica. Visa \u00e0 prepara\u00e7\u00e3o dos alunos, desde o in\u00edcio de sua forma\u00e7\u00e3o, para o desempenho da doc\u00eancia estimulando a avalia\u00e7\u00e3o e transfer\u00eancia dos conhecimentos de forma ordenada e progressiva.<\/p>\n<p align=\"justify\">A Matriz Curricular \u00e9 formada pelas disciplinas de fundamenta\u00e7\u00e3o pedag\u00f3gica; pelas que promovem a articula\u00e7\u00e3o entre a biologia e o ensino (Instrumenta\u00e7\u00e3o para o ensino &#8211; sendo que cada \u00e1rea da biologia possui uma instrumenta\u00e7\u00e3o correlata); pelo est\u00e1gio supervisionado (capacitando os futuros profissionais da Educa\u00e7\u00e3o); al\u00e9m das espec\u00edficas da \u00e1rea biol\u00f3gica.<br \/>\nO n\u00facleo de conhecimentos espec\u00edficos envolvendo as diferentes \u00e1reas da biologia, comuns ao Bacharelado, tais como gen\u00e9tica, bioqu\u00edmica, zoologia, bot\u00e2nica, fisiologia, ecologia, biologia molecular est\u00e1 vinculado ao Centro de Bioci\u00eancias e Biotecnologia. Outras disciplinas b\u00e1sicas para a forma\u00e7\u00e3o do professor de Ci\u00eancias, tais como F\u00edsica, Qu\u00edmica e Inform\u00e1tica envolvem a colabora\u00e7\u00e3o do Centro de Ci\u00eancias e Tecnologia. A forma\u00e7\u00e3o pedag\u00f3gica \u00e9 coordenada pelo Centro de Ci\u00eancias do Homem nas disciplinas espec\u00edficas como Did\u00e1tica, Psicologia, Filosofia da Educa\u00e7\u00e3o, Organiza\u00e7\u00e3o da Educa\u00e7\u00e3o Brasileira, Ci\u00eancia e Sociedade. Os alunos vinculados ao curso de Licenciatura possuem acesso \u00e0s\u00a0 informa\u00e7\u00f5es do Centro de Bioci\u00eancias e Biotecnologia que \u00e9 voltado para as mais diferentes \u00e1reas de pesquisa b\u00e1sica e aplicada, sendo desta forma um local de constante cria\u00e7\u00e3o e transmiss\u00e3o do conhecimento.\u00a0\u00a0Al\u00e9m do Est\u00e1gio Supervisionado obrigat\u00f3rio para a forma\u00e7\u00e3o do professor, os alunos s\u00e3o orientados no desenvolvimento de projetos de ensino, nas diferentes \u00e1reas do conhecimento. Tal proposta prev\u00ea a elabora\u00e7\u00e3o de material did\u00e1tico, conte\u00fados e aplica\u00e7\u00e3o de metodologias de ensino inovadoras e eficientes.<br \/>\nA proposta de forma\u00e7\u00e3o de professores oferecida pelo Curso de Ci\u00eancias Biol\u00f3gicas &#8211; Habilita\u00e7\u00e3o Licenciatura tem como principal objetivo o alto n\u00edvel do conhecimento adquirido, possibilitando a melhoria na qualidade do ensino que estar\u00e1 sob as responsabilidades desses professores.<\/p>\n<p align=\"justify\">O Curso al\u00e9m da forma\u00e7\u00e3o de profissionais na \u00e1rea de Educa\u00e7\u00e3o e divulga\u00e7\u00e3o de Ci\u00eancias, habilita tamb\u00e9m sua atua\u00e7\u00e3o como Bi\u00f3logos desde que o aluno fa\u00e7a complementa\u00e7\u00e3o da carga hor\u00e1ria de disciplinas espec\u00edficas na \u00e1rea de biologia, que podem ser cursadas em outros cursos na pr\u00f3pria institui\u00e7\u00e3o. O registro de Bi\u00f3logo pode ser requerido atrav\u00e9s do CRBio \u2013 Conselho Regional de Biologia, conforme o inciso I do art. 1\u00ba da Lei 6.684\/79 c\/c a Lei 7.017\/82, confirmado pela Portaria 151, de 09 de maio de 2008.<\/p>\n<p align=\"justify\">O Curso j\u00e1 formou 356 (trezentos e cinquenta e seis) Licenciados em Biologia de 2003 (ano da primeira turma de formandos) at\u00e9 o 2\u00ba semestre de 2022.<br \/>\nO Curso funciona no per\u00edodo noturno, com dura\u00e7\u00e3o de 08 (oito) semestres letivos, com ingresso realizado atrav\u00e9s de processo seletivo anual, com base nas notas do ENEM, sendo oferecidas 40 (quarenta) vagas anuais.<\/p>\n","protected":false},"excerpt":{"rendered":"<p>O Curso de Ci\u00eancias Biol\u00f3gicas &#8211; Habilita\u00e7\u00e3o Licenciatura iniciou suas atividades no segundo semestre do ano de 1999, tendo sido&#8230;<\/p>\n","protected":false},"author":12,"featured_media":0,"parent":0,"menu_order":1,"comment_status":"open","ping_status":"closed","template":"","meta":{"footnotes":""},"class_list":["post-2","page","type-page","status-publish","hentry"],"_links":{"self":[{"href":"https:\/\/uenf.br\/graduacao\/licenciatura-biologia\/wp-json\/wp\/v2\/pages\/2","targetHints":{"allow":["GET"]}}],"collection":[{"href":"https:\/\/uenf.br\/graduacao\/licenciatura-biologia\/wp-json\/wp\/v2\/pages"}],"about":[{"href":"https:\/\/uenf.br\/graduacao\/licenciatura-biologia\/wp-json\/wp\/v2\/types\/page"}],"author":[{"embeddable":true,"href":"https:\/\/uenf.br\/graduacao\/licenciatura-biologia\/wp-json\/wp\/v2\/users\/12"}],"replies":[{"embeddable":true,"href":"https:\/\/uenf.br\/graduacao\/licenciatura-biologia\/wp-json\/wp\/v2\/comments?post=2"}],"version-history":[{"count":0,"href":"https:\/\/uenf.br\/graduacao\/licenciatura-biologia\/wp-json\/wp\/v2\/pages\/2\/revisions"}],"wp:attachment":[{"href":"https:\/\/uenf.br\/graduacao\/licenciatura-biologia\/wp-json\/wp\/v2\/media?parent=2"}],"curies":[{"name":"wp","href":"https:\/\/api.w.org\/{rel}","templated":true}]}}