{"id":359,"date":"2015-07-14T22:49:49","date_gmt":"2015-07-14T22:49:49","guid":{"rendered":"https:\/\/uenf.br\/graduacao\/licenciatura-biologia\/?page_id=359"},"modified":"2022-07-06T17:37:52","modified_gmt":"2022-07-06T20:37:52","slug":"normas-e-recomendacoes","status":"publish","type":"page","link":"https:\/\/uenf.br\/graduacao\/licenciatura-biologia\/monografias\/normas-e-recomendacoes\/","title":{"rendered":"Normas e Recomenda\u00e7\u00f5es"},"content":{"rendered":"<p><a href=\"https:\/\/uenf.br\/graduacao\/licenciatura-biologia\/wp-content\/uploads\/sites\/6\/2015\/07\/Normas-e-Recomenda\u00e7\u00f5es-Monografia.pdf\">Normas e Recomenda\u00e7\u00f5es Monografia<\/a><\/p>\n<p>Orienta\u00e7\u00f5es para a Defesa:<\/p>\n<ul>\n<li>A Carta de Defesa (modelo em formul\u00e1rios) dever\u00e1 ser entregue na Secretaria do Curso at\u00e9 15 (quinze) dias antes da data da defesa;<\/li>\n<li>Atentar para a composi\u00e7\u00e3o da Banca, conforme &#8220;Normas e Recomenda\u00e7\u00f5es Monografia&#8221;;<\/li>\n<li>Retirar, na v\u00e9spera, na Secretaria do Curso, a documenta\u00e7\u00e3o para a Defesa;<\/li>\n<li>01 (uma) via impressa, encadernada conforme padr\u00e3o UENF e 01 (uma) digital em pdf da vers\u00e3o final da Monografia dever\u00e3o ser entregues na Secretaria do Curso, juntamente com a Ata da Defesa (com a nota e as devidas assinaturas), at\u00e9 a data do encerramento do semestre.<\/li>\n<\/ul>\n","protected":false},"excerpt":{"rendered":"<p>Normas e Recomenda\u00e7\u00f5es Monografia Orienta\u00e7\u00f5es para a Defesa: A Carta de Defesa (modelo em formul\u00e1rios) dever\u00e1 ser entregue na Secretaria&#8230;<\/p>\n","protected":false},"author":11,"featured_media":0,"parent":18,"menu_order":1,"comment_status":"open","ping_status":"open","template":"","meta":{"footnotes":""},"class_list":["post-359","page","type-page","status-publish","hentry"],"_links":{"self":[{"href":"https:\/\/uenf.br\/graduacao\/licenciatura-biologia\/wp-json\/wp\/v2\/pages\/359","targetHints":{"allow":["GET"]}}],"collection":[{"href":"https:\/\/uenf.br\/graduacao\/licenciatura-biologia\/wp-json\/wp\/v2\/pages"}],"about":[{"href":"https:\/\/uenf.br\/graduacao\/licenciatura-biologia\/wp-json\/wp\/v2\/types\/page"}],"author":[{"embeddable":true,"href":"https:\/\/uenf.br\/graduacao\/licenciatura-biologia\/wp-json\/wp\/v2\/users\/11"}],"replies":[{"embeddable":true,"href":"https:\/\/uenf.br\/graduacao\/licenciatura-biologia\/wp-json\/wp\/v2\/comments?post=359"}],"version-history":[{"count":0,"href":"https:\/\/uenf.br\/graduacao\/licenciatura-biologia\/wp-json\/wp\/v2\/pages\/359\/revisions"}],"up":[{"embeddable":true,"href":"https:\/\/uenf.br\/graduacao\/licenciatura-biologia\/wp-json\/wp\/v2\/pages\/18"}],"wp:attachment":[{"href":"https:\/\/uenf.br\/graduacao\/licenciatura-biologia\/wp-json\/wp\/v2\/media?parent=359"}],"curies":[{"name":"wp","href":"https:\/\/api.w.org\/{rel}","templated":true}]}}